{"id":984,"date":"2018-06-29T17:10:52","date_gmt":"2018-06-29T20:10:52","guid":{"rendered":"https:\/\/ens4-caba.infd.edu.ar\/sitio\/blog-3\/"},"modified":"2026-05-08T14:02:25","modified_gmt":"2026-05-08T17:02:25","slug":"blog-3","status":"publish","type":"page","link":"https:\/\/ens4-caba.infd.edu.ar\/sitio\/blog-3\/","title":{"rendered":"Nivel Secundario"},"content":{"rendered":"<p><strong><u>CONTACTOS<\/u><\/strong><\/p>\n<p><u>Correo<\/u>:&nbsp;<a href=\"mailto:ens_vicedireccion@bue.edu.ar\" target=\"_blank\" rel=\"noopener\">ens4_vicedireccion@bue.edu.ar<\/a><\/p>\n<p><u>Correo<\/u>:&nbsp;<a href=\"http:\/\/ens4.oficinadealumnosnm@bue.edu.ar\">ens4.oficinadealumnosnm@bue.edu.ar<\/a>&nbsp;. Consulta e inicio de tr\u00e1mites: t\u00edtulo en tr\u00e1mite, finalizaci\u00f3n, materias adeudadas, Planes Fines \u2013 Adultos 2000, otras. No se tramitan constancias de alumno regular, por este medio. Consultar con el preceptor del curso.<\/p>\n<p><u>Correo<\/u>:&nbsp;<a href=\"http:\/\/ens4.inscripcion.media@bue.edu.ar\">ens4.inscripcion.media@bue.edu.ar<\/a> Informaci\u00f3n para ingresantes | Ex\u00e1menes de Terminalidad: <a href=\"ens4examenes@gmail.com\">ens4examenes@gmail.com<\/a><\/p>\n<p><u>Instagram<\/u>: @ens4nivelmedio<\/p>\n<h4>Te invitamos a visitar desde aqu\u00ed: el sitio web de nivel medio<\/h4>\n<div style=\"width: 640px;\" class=\"wp-video\"><!--[if lt IE 9]><script>document.createElement('video');<\/script><![endif]-->\n<video class=\"wp-video-shortcode\" id=\"video-984-1\" width=\"640\" height=\"640\" preload=\"metadata\" controls=\"controls\"><source type=\"video\/mp4\" src=\"https:\/\/ens4-caba.infd.edu.ar\/sitio\/wp-content\/uploads\/2020\/11\/WhatsApp-Video-2020-11-20-at-12.00.33.mp4?_=1\" \/><a href=\"https:\/\/ens4-caba.infd.edu.ar\/sitio\/wp-content\/uploads\/2020\/11\/WhatsApp-Video-2020-11-20-at-12.00.33.mp4\">https:\/\/ens4-caba.infd.edu.ar\/sitio\/wp-content\/uploads\/2020\/11\/WhatsApp-Video-2020-11-20-at-12.00.33.mp4<\/a><\/video><\/div>\n<div><\/div>\n","protected":false},"excerpt":{"rendered":"<p>CONTACTOS Correo:&nbsp;ens4_vicedireccion@bue.edu.ar Correo:&nbsp;ens4.oficinadealumnosnm@bue.edu.ar&nbsp;. Consulta e inicio de tr\u00e1mites: t\u00edtulo en tr\u00e1mite, finalizaci\u00f3n, materias adeudadas, Planes Fines \u2013 Adultos 2000, otras. No se tramitan constancias de alumno regular, por este medio. Consultar con el preceptor del curso. Correo:&nbsp;ens4.inscripcion.media@bue.edu.ar Informaci\u00f3n para ingresantes | Ex\u00e1menes de Terminalidad: ens4examenes@gmail.com Instagram: @ens4nivelmedio Te invitamos a visitar desde aqu\u00ed: el sitio &#8230; <a title=\"Nivel Secundario\" class=\"read-more\" href=\"https:\/\/ens4-caba.infd.edu.ar\/sitio\/blog-3\/\" aria-label=\"More on Nivel Secundario\">[+]<\/a><\/p>\n","protected":false},"author":2006,"featured_media":0,"parent":0,"menu_order":0,"comment_status":"closed","ping_status":"closed","template":"","meta":[],"acf":[],"_links":{"self":[{"href":"https:\/\/ens4-caba.infd.edu.ar\/sitio\/wp-json\/wp\/v2\/pages\/984"}],"collection":[{"href":"https:\/\/ens4-caba.infd.edu.ar\/sitio\/wp-json\/wp\/v2\/pages"}],"about":[{"href":"https:\/\/ens4-caba.infd.edu.ar\/sitio\/wp-json\/wp\/v2\/types\/page"}],"author":[{"embeddable":true,"href":"https:\/\/ens4-caba.infd.edu.ar\/sitio\/wp-json\/wp\/v2\/users\/2006"}],"replies":[{"embeddable":true,"href":"https:\/\/ens4-caba.infd.edu.ar\/sitio\/wp-json\/wp\/v2\/comments?post=984"}],"version-history":[{"count":9,"href":"https:\/\/ens4-caba.infd.edu.ar\/sitio\/wp-json\/wp\/v2\/pages\/984\/revisions"}],"predecessor-version":[{"id":3827,"href":"https:\/\/ens4-caba.infd.edu.ar\/sitio\/wp-json\/wp\/v2\/pages\/984\/revisions\/3827"}],"wp:attachment":[{"href":"https:\/\/ens4-caba.infd.edu.ar\/sitio\/wp-json\/wp\/v2\/media?parent=984"}],"curies":[{"name":"wp","href":"https:\/\/api.w.org\/{rel}","templated":true}]}}