{"id":978,"date":"2018-06-29T17:10:50","date_gmt":"2018-06-29T20:10:50","guid":{"rendered":"https:\/\/ens4-caba.infd.edu.ar\/sitio\/biblioteca-de-la-memoria\/"},"modified":"2024-10-28T11:17:37","modified_gmt":"2024-10-28T14:17:37","slug":"biblioteca-de-la-memoria","status":"publish","type":"page","link":"https:\/\/ens4-caba.infd.edu.ar\/sitio\/biblioteca-de-la-memoria\/","title":{"rendered":"Biblioteca de la Memoria"},"content":{"rendered":"<p><strong>Biblioteca de la Memoria, los Derechos Humanos y la Educaci\u00f3n<\/strong><\/p>\n<p><strong>\u201c<em>Mar\u00eda Hortensia Delia Palisa Mujica de Lacau\u201d<\/em><\/strong><\/p>\n<p><img decoding=\"async\" loading=\"lazy\" class=\"alignnone size-full wp-image-2268 aligncenter\" src=\"https:\/\/ens4-caba.infd.edu.ar\/sitio\/wp-content\/uploads\/2020\/10\/Imagen-111.png\" alt=\"\" width=\"236\" height=\"308\" \/><\/p>\n<p><img decoding=\"async\" loading=\"lazy\" class=\"alignnone size-full wp-image-2271\" src=\"https:\/\/ens4-caba.infd.edu.ar\/sitio\/wp-content\/uploads\/2020\/10\/Imagen-1-2.png\" alt=\"\" width=\"940\" height=\"182\" srcset=\"https:\/\/ens4-caba.infd.edu.ar\/sitio\/wp-content\/uploads\/2020\/10\/Imagen-1-2.png 940w, https:\/\/ens4-caba.infd.edu.ar\/sitio\/wp-content\/uploads\/2020\/10\/Imagen-1-2-768x149.png 768w\" sizes=\"(max-width: 940px) 100vw, 940px\" \/><\/p>\n<p>A partir del a\u00f1o 2010 en el marco del Proyecto institucional\u00a0<em>Memoria, Derechos Humanos y escuela, <\/em>se decidi\u00f3 en la ENS N\u00b04 formar la <a href=\"https:\/\/docs.google.com\/document\/d\/1LbpNOp_18RF-XQ0-TdzawcIvAY_c2i4Tm-y3p9rt_DA\/edit?usp=sharing\">Biblioteca de la Memoria<\/a>.<\/p>\n<p>La Biblioteca Central \u201cAvelino Herrera\u201d inaugur\u00f3 en marzo de 2011 la <strong>Biblioteca de la Memoria, los Derechos Humanos y la Educaci\u00f3n<\/strong>\u00a0\u201c<strong><em>Mar\u00eda H. Lacau<\/em><\/strong>\u201d, encuadrada en el proyecto hom\u00f3nimo de la Escuela.<\/p>\n<p>Re\u00fane documentos impresos y electr\u00f3nicos referidos el pasado de nuestro pa\u00eds,\u00a0 relacionados con la historia, la tem\u00e1tica de los Derechos Humanos y la Educaci\u00f3n, las distintas formas de discriminaci\u00f3n, la discriminaci\u00f3n por credos representada por el holocausto jud\u00edo y el genocidio armenio. Tambi\u00e9n incluye obras sobre la \u00e9poca de la dictadura militar argentina de 1976-1983 y la guerra de Malvinas de 1982.<\/p>\n<p>Este acervo se enriquece d\u00eda a d\u00eda con adquisiciones y con el aporte de donaciones provenientes de diferentes organismos y editoriales, adem\u00e1s de resguardar las producciones que se generan en cada uno de los encuentros organizados por el proyecto.<\/p>\n<p>En el a\u00f1o 2018, dado el acrecentamiento de la colecci\u00f3n, se procedi\u00f3 a realizar un relevamiento del material, a reorganizarlo por materias y a informatizar toda la colecci\u00f3n para que los usuarios puedan acceder a trav\u00e9s del cat\u00e1logo informatizado de la Biblioteca.<\/p>\n","protected":false},"excerpt":{"rendered":"<p>Biblioteca de la Memoria, los Derechos Humanos y la Educaci\u00f3n \u201cMar\u00eda Hortensia Delia Palisa Mujica de Lacau\u201d A partir del a\u00f1o 2010 en el marco del Proyecto institucional\u00a0Memoria, Derechos Humanos y escuela, se decidi\u00f3 en la ENS N\u00b04 formar la Biblioteca de la Memoria. La Biblioteca Central \u201cAvelino Herrera\u201d inaugur\u00f3 en marzo de 2011 la &#8230; <a title=\"Biblioteca de la Memoria\" class=\"read-more\" href=\"https:\/\/ens4-caba.infd.edu.ar\/sitio\/biblioteca-de-la-memoria\/\" aria-label=\"More on Biblioteca de la Memoria\">[+]<\/a><\/p>\n","protected":false},"author":2006,"featured_media":0,"parent":0,"menu_order":0,"comment_status":"closed","ping_status":"closed","template":"","meta":[],"acf":[],"_links":{"self":[{"href":"https:\/\/ens4-caba.infd.edu.ar\/sitio\/wp-json\/wp\/v2\/pages\/978"}],"collection":[{"href":"https:\/\/ens4-caba.infd.edu.ar\/sitio\/wp-json\/wp\/v2\/pages"}],"about":[{"href":"https:\/\/ens4-caba.infd.edu.ar\/sitio\/wp-json\/wp\/v2\/types\/page"}],"author":[{"embeddable":true,"href":"https:\/\/ens4-caba.infd.edu.ar\/sitio\/wp-json\/wp\/v2\/users\/2006"}],"replies":[{"embeddable":true,"href":"https:\/\/ens4-caba.infd.edu.ar\/sitio\/wp-json\/wp\/v2\/comments?post=978"}],"version-history":[{"count":9,"href":"https:\/\/ens4-caba.infd.edu.ar\/sitio\/wp-json\/wp\/v2\/pages\/978\/revisions"}],"predecessor-version":[{"id":3376,"href":"https:\/\/ens4-caba.infd.edu.ar\/sitio\/wp-json\/wp\/v2\/pages\/978\/revisions\/3376"}],"wp:attachment":[{"href":"https:\/\/ens4-caba.infd.edu.ar\/sitio\/wp-json\/wp\/v2\/media?parent=978"}],"curies":[{"name":"wp","href":"https:\/\/api.w.org\/{rel}","templated":true}]}}