{"id":968,"date":"2018-06-29T17:10:47","date_gmt":"2018-06-29T20:10:47","guid":{"rendered":"https:\/\/ens4-caba.infd.edu.ar\/sitio\/cronograma-de-inscripciones\/"},"modified":"2023-09-25T09:43:56","modified_gmt":"2023-09-25T12:43:56","slug":"cronograma-de-inscripciones","status":"publish","type":"page","link":"https:\/\/ens4-caba.infd.edu.ar\/sitio\/cronograma-de-inscripciones\/","title":{"rendered":"Nivel Medio"},"content":{"rendered":"<hr>\n\n\n<p class=\"has-text-align-center has-contrast-color has-accent-background-color has-text-color has-background has-medium-font-size\"><strong>NOVEDADES<\/strong>&nbsp;<\/p>\n\n\n\n<p class=\"has-text-align-center has-medium-font-size\"><strong>-INSCRIPCIONES PRIMER A\u00d1O 2024 &#8211;<\/strong><\/p>\n\n\n\n<ul>\n<li><span style=\"font-weight: 400;\">Publicaci\u00f3n de listados: a partir del viernes 25 de noviembre la escuela publicar\u00e1 los listados a trav\u00e9s de los siguientes medios:<\/span><\/li>\n\n\n\n<li><span style=\"font-weight: 400;\">Cartelera de la escuela (ingreso por Av. Rivadavia 4950) a partir del viernes 24\/11 a las 13 hs, de lunes a viernes de 8 a 16 hs.<\/span><\/li>\n\n\n\n<li><span style=\"font-weight: 400;\">Blog del nivel medio de la ENS N\u00ba 4: <\/span><a href=\"https:\/\/edudigitalens4.wixsite.com\/home\/novedades\"><span style=\"font-weight: 400;\">https:\/\/edudigitalens4.wixsite.com\/home\/novedades<\/span><\/a><\/li>\n\n\n\n<li><span style=\"font-weight: 400;\">P\u00e1gina web de la ENS N\u00ba 4: <\/span><a style=\"font-size: revert;\" href=\"https:\/\/ens4-caba.infd.edu.ar\/sitio\/cronograma-de-inscripciones\/\">https:\/\/ens4-caba.infd.edu.ar\/sitio\/cronograma-de-inscripciones\/<\/a><\/li>\n<\/ul>\n\n\n\n<ul>\n<li><span style=\"font-weight: 400;\">Mail con citaci\u00f3n a las familias: Los d\u00edas 27 y 28 de noviembre se enviar\u00e1 al mail que consignaron en la inscripci\u00f3n online, la citaci\u00f3n a las familias asign\u00e1ndoles un turno para la presentaci\u00f3n del legajo del\/a estudiante (citaciones entre el 29\/11 y el 12\/12). Ver \u201crequisitos para armado del legajo\u201d.<\/span><\/li>\n\n\n\n<li><span style=\"font-weight: 400;\">Presentaci\u00f3n para per\u00edodo EPA (Empezando Primer A\u00f1o): <\/span>fecha a confirmar<span style=\"font-weight: 400;\">. (Estar atentos a las publicaciones de la escuela)<\/span><\/li>\n<\/ul>\n\n\n\n<p><\/p>\n\n\n\n<figure class=\"wp-block-image size-full is-resized\"><img decoding=\"async\" loading=\"lazy\" src=\"https:\/\/ens4-caba.infd.edu.ar\/sitio\/wp-content\/uploads\/2023\/09\/WhatsApp-Image-2023-09-25-at-09.40.33.jpeg\" alt=\"\" class=\"wp-image-3176\" width=\"517\" height=\"215\" srcset=\"https:\/\/ens4-caba.infd.edu.ar\/sitio\/wp-content\/uploads\/2023\/09\/WhatsApp-Image-2023-09-25-at-09.40.33.jpeg 1024w, https:\/\/ens4-caba.infd.edu.ar\/sitio\/wp-content\/uploads\/2023\/09\/WhatsApp-Image-2023-09-25-at-09.40.33-1000x416.jpeg 1000w, https:\/\/ens4-caba.infd.edu.ar\/sitio\/wp-content\/uploads\/2023\/09\/WhatsApp-Image-2023-09-25-at-09.40.33-768x320.jpeg 768w\" sizes=\"(max-width: 517px) 100vw, 517px\" \/><\/figure>\n\n\n\n<p><span style=\"font-weight: 400;\"><strong>REQUISITOS PARA ARMADO DE LEGAJO<\/strong><\/span><\/p>\n\n\n\n<ul>\n<li><span style=\"font-weight: 400;\">CARPETA 3 SOLAPAS + SOLICITUD DE MATR\u00cdCULA + 2 FICHAS DE DATOS PERSONALES: Se adquiere en la Cooperadora de la escuela. Es muy importante que las planillas est\u00e9n totalmente completas y con la mayor cantidad de n\u00fameros de contacto posibles.<\/span><\/li>\n\n\n\n<li><span style=\"font-weight: 400;\">DNI DE ALUMNO\/A ( 2 fotocopias)<\/span><\/li>\n\n\n\n<li><span style=\"font-weight: 400;\">DNI DE ADULTO\/S RESPONSABLE\/S (2 fotocopias)<\/span><\/li>\n\n\n\n<li><span style=\"font-weight: 400;\">CERTIFICADO DE NACIMIENTO ( 1 fotocopia)<\/span><\/li>\n\n\n\n<li><span style=\"font-weight: 400;\">CERTIFICADOS DE VACUNAS (1 fotocopia)<\/span><\/li>\n\n\n\n<li><span style=\"font-weight: 400;\">CERTIFICADO DE FINALIZACI\u00d3N DE 7\u00ba GRADO: En principio podr\u00e1n entregar una constancia de finalizaci\u00f3n emitida por la escuela pero es OBLIGATORIO que en febrero entreguen la fotocopia del certificado de finalizaci\u00f3n de 7\u00ba grado.<\/span><\/li>\n\n\n\n<li><span style=\"font-weight: 400;\">INFORME VALORATIVO O BOLET\u00cdN DE 7\u00ba GRADO (1 fotocopia)<\/span><\/li>\n\n\n\n<li><span style=\"font-weight: 400;\">CUD, EN CASO DE POSEER (1 fotocopia)<\/span><\/li>\n<\/ul>\n\n\n\n<hr class=\"wp-block-separator has-alpha-channel-opacity\"\/>\n\n\n\n<p class=\"has-text-align-center\">&nbsp;<\/p>\n\n\n\n<p class=\"has-text-align-center\">&nbsp;<\/p>\n","protected":false},"excerpt":{"rendered":"<p>NOVEDADES&nbsp; -INSCRIPCIONES PRIMER A\u00d1O 2024 &#8211; REQUISITOS PARA ARMADO DE LEGAJO &nbsp; &nbsp;<\/p>\n","protected":false},"author":2006,"featured_media":0,"parent":0,"menu_order":0,"comment_status":"closed","ping_status":"closed","template":"","meta":[],"acf":[],"_links":{"self":[{"href":"https:\/\/ens4-caba.infd.edu.ar\/sitio\/wp-json\/wp\/v2\/pages\/968"}],"collection":[{"href":"https:\/\/ens4-caba.infd.edu.ar\/sitio\/wp-json\/wp\/v2\/pages"}],"about":[{"href":"https:\/\/ens4-caba.infd.edu.ar\/sitio\/wp-json\/wp\/v2\/types\/page"}],"author":[{"embeddable":true,"href":"https:\/\/ens4-caba.infd.edu.ar\/sitio\/wp-json\/wp\/v2\/users\/2006"}],"replies":[{"embeddable":true,"href":"https:\/\/ens4-caba.infd.edu.ar\/sitio\/wp-json\/wp\/v2\/comments?post=968"}],"version-history":[{"count":57,"href":"https:\/\/ens4-caba.infd.edu.ar\/sitio\/wp-json\/wp\/v2\/pages\/968\/revisions"}],"predecessor-version":[{"id":3178,"href":"https:\/\/ens4-caba.infd.edu.ar\/sitio\/wp-json\/wp\/v2\/pages\/968\/revisions\/3178"}],"wp:attachment":[{"href":"https:\/\/ens4-caba.infd.edu.ar\/sitio\/wp-json\/wp\/v2\/media?parent=968"}],"curies":[{"name":"wp","href":"https:\/\/api.w.org\/{rel}","templated":true}]}}