{"id":964,"date":"2018-06-29T17:10:45","date_gmt":"2018-06-29T20:10:45","guid":{"rendered":"https:\/\/ens4-caba.infd.edu.ar\/sitio\/novedades-en-la-asociacion\/"},"modified":"2024-09-26T15:07:41","modified_gmt":"2024-09-26T18:07:41","slug":"novedades-en-la-asociacion","status":"publish","type":"page","link":"https:\/\/ens4-caba.infd.edu.ar\/sitio\/novedades-en-la-asociacion\/","title":{"rendered":"Novedades en la Asociaci\u00f3n"},"content":{"rendered":"<p><img decoding=\"async\" loading=\"lazy\" class=\"wp-image-3321 aligncenter\" src=\"https:\/\/ens4-caba.infd.edu.ar\/sitio\/wp-content\/uploads\/2024\/09\/WhatsApp-Image-2024-09-18-at-17.19.19.jpeg\" alt=\"\" width=\"531\" height=\"521\" \/><\/p>\n<p>La Asociaci\u00f3n de Ex Alumnos de la Escuela realiza todos los a\u00f1os, el segundo s\u00e1bado de noviembre, el festejo del D\u00eda de los Egresados. Todos los que han pasado por nuestras aulas est\u00e1n invitados a participar de este Encuentro, pero especialmente convocamos a los que cumplen Bodas de Plata (25 a\u00f1os de egresados), Oro (50 a\u00f1os de egresados) y Diamante (60 a\u00f1os de egresados)<br \/><strong>Este a\u00f1o la cita es el 9 de noviembre.<\/strong><br \/>Las homenajeadas en esta oportunidad ser\u00e1n<strong> la Promoci\u00f3n 1964 (Bodas de Diamante), la Promoci\u00f3n 1974 (Bodas de Oro) y la Promoci\u00f3n 1999 (Bodas de Plata)<\/strong><br \/>El encuentro ser\u00e1 a partir de las 9 de la ma\u00f1ana, en que los egresados podr\u00e1n llegar y recorrer libremente la escuela, incluyendo el Museo, y luego a las 10 comienza el acto.<br \/>Invitamos a todos los egresados y las egresadas de estas promociones a sumarse a esta celebraci\u00f3n!!<br \/>Es importante que nadie quede sin enterarse; para ello hacemos un trabajo<br \/>muy minucioso de b\u00fasqueda a partir de nuestros listados, y los propios<br \/>egresados pueden ayudarnos much\u00edsimo en esta tarea, as\u00ed como en la<br \/>organizaci\u00f3n del acto.<br \/><strong>Si sos de alguna de estas promociones, o conoc\u00e9s a alguien que lo sea, comunicate con la Asociaci\u00f3n de Ex Alumnos <\/strong><\/p>\n<p>Por mail a normal4exalum@gmail.com<\/p>\n<p>Por wasap al 11 5504 0067, indic\u00e1ndonos tu nombre y tu promoci\u00f3n.<\/p>\n<p>En IG @normal4exalumnos<\/p>\n<hr \/>\n<p><img decoding=\"async\" loading=\"lazy\" class=\"wp-image-3339 aligncenter\" src=\"https:\/\/ens4-caba.infd.edu.ar\/sitio\/wp-content\/uploads\/2024\/09\/WhatsApp-Image-2024-09-26-at-12.05.56-1000x1000.jpeg\" alt=\"\" width=\"508\" height=\"508\" srcset=\"https:\/\/ens4-caba.infd.edu.ar\/sitio\/wp-content\/uploads\/2024\/09\/WhatsApp-Image-2024-09-26-at-12.05.56-1000x1000.jpeg 1000w, https:\/\/ens4-caba.infd.edu.ar\/sitio\/wp-content\/uploads\/2024\/09\/WhatsApp-Image-2024-09-26-at-12.05.56-500x500.jpeg 500w, https:\/\/ens4-caba.infd.edu.ar\/sitio\/wp-content\/uploads\/2024\/09\/WhatsApp-Image-2024-09-26-at-12.05.56-768x768.jpeg 768w, https:\/\/ens4-caba.infd.edu.ar\/sitio\/wp-content\/uploads\/2024\/09\/WhatsApp-Image-2024-09-26-at-12.05.56.jpeg 1080w\" sizes=\"(max-width: 508px) 100vw, 508px\" \/><\/p>\n\n\n<hr class=\"wp-block-separator has-alpha-channel-opacity\"\/>\n","protected":false},"excerpt":{"rendered":"<p>La Asociaci\u00f3n de Ex Alumnos de la Escuela realiza todos los a\u00f1os, el segundo s\u00e1bado de noviembre, el festejo del D\u00eda de los Egresados. Todos los que han pasado por nuestras aulas est\u00e1n invitados a participar de este Encuentro, pero especialmente convocamos a los que cumplen Bodas de Plata (25 a\u00f1os de egresados), Oro (50 &#8230; <a title=\"Novedades en la Asociaci\u00f3n\" class=\"read-more\" href=\"https:\/\/ens4-caba.infd.edu.ar\/sitio\/novedades-en-la-asociacion\/\" aria-label=\"More on Novedades en la Asociaci\u00f3n\">[+]<\/a><\/p>\n","protected":false},"author":2006,"featured_media":0,"parent":0,"menu_order":0,"comment_status":"closed","ping_status":"closed","template":"","meta":[],"acf":[],"_links":{"self":[{"href":"https:\/\/ens4-caba.infd.edu.ar\/sitio\/wp-json\/wp\/v2\/pages\/964"}],"collection":[{"href":"https:\/\/ens4-caba.infd.edu.ar\/sitio\/wp-json\/wp\/v2\/pages"}],"about":[{"href":"https:\/\/ens4-caba.infd.edu.ar\/sitio\/wp-json\/wp\/v2\/types\/page"}],"author":[{"embeddable":true,"href":"https:\/\/ens4-caba.infd.edu.ar\/sitio\/wp-json\/wp\/v2\/users\/2006"}],"replies":[{"embeddable":true,"href":"https:\/\/ens4-caba.infd.edu.ar\/sitio\/wp-json\/wp\/v2\/comments?post=964"}],"version-history":[{"count":4,"href":"https:\/\/ens4-caba.infd.edu.ar\/sitio\/wp-json\/wp\/v2\/pages\/964\/revisions"}],"predecessor-version":[{"id":3340,"href":"https:\/\/ens4-caba.infd.edu.ar\/sitio\/wp-json\/wp\/v2\/pages\/964\/revisions\/3340"}],"wp:attachment":[{"href":"https:\/\/ens4-caba.infd.edu.ar\/sitio\/wp-json\/wp\/v2\/media?parent=964"}],"curies":[{"name":"wp","href":"https:\/\/api.w.org\/{rel}","templated":true}]}}