{"id":962,"date":"2018-06-29T17:10:44","date_gmt":"2018-06-29T20:10:44","guid":{"rendered":"https:\/\/ens4-caba.infd.edu.ar\/sitio\/bedelia\/"},"modified":"2025-04-22T15:22:14","modified_gmt":"2025-04-22T18:22:14","slug":"bedelia","status":"publish","type":"page","link":"https:\/\/ens4-caba.infd.edu.ar\/sitio\/bedelia\/","title":{"rendered":"Bedel\u00eda"},"content":{"rendered":"\n<p><strong>Bedel\u00eda del Nivel Terciario<\/strong><\/p>\n\n\n\n<p>Es&nbsp;el sector de apoyo administrativo a las actividades de formaci\u00f3n, responsable del relevamiento y circulaci\u00f3n de la informaci\u00f3n relativa a los\/as estudiantes de las carreras de PEI y de PEP del Nivel Terciario.<\/p>\n\n\n\n<p>Est\u00e1 integrada por:<\/p>\n\n\n\n<figure class=\"wp-block-table\"><table><tbody><tr><td class=\"has-text-align-center\" data-align=\"center\"><strong>Turno Ma\u00f1ana<\/strong><\/td><td class=\"has-text-align-center\" data-align=\"center\"><strong>Turno Tarde<\/strong><\/td><\/tr><tr><td class=\"has-text-align-center\" data-align=\"center\">Araceli Karam<\/td><td class=\"has-text-align-center\" data-align=\"center\">Araceli Karam<\/td><\/tr><tr><td class=\"has-text-align-center\" data-align=\"center\">Marcos Falaschi<\/td><td class=\"has-text-align-center\" data-align=\"center\">Daniel Serra<\/td><\/tr><tr><td class=\"has-text-align-center\" data-align=\"center\">Silvia Fern\u00e1ndez<\/td><td class=\"has-text-align-center\" data-align=\"center\">Luciana D\u00edaz Sassi<\/td><\/tr><tr><td class=\"has-text-align-center\" data-align=\"center\">Mariana Vernay<\/td><td class=\"has-text-align-center\" data-align=\"center\">Silvina Su\u00e1rez<\/td><\/tr><tr><td class=\"has-text-align-center\" data-align=\"center\">&#8212;&#8212;&#8212;&#8212;&#8212;&#8212;&#8212;&#8212;-<\/td><td class=\"has-text-align-center\" data-align=\"center\"><strong>T\u00edtulos:<\/strong>&nbsp;Alicia Altamirano<\/td><\/tr><\/tbody><\/table><\/figure>\n\n\n\n<p><\/p>\n\n\n\n<p class=\"has-contrast-3-background-color has-background\"><strong>Medios de atenci\u00f3n<\/strong><\/p>\n\n\n\n<ul>\n<li>Personal: de lunes a viernes TM: 9:00 a 11:30 hs. TT: 14:00 a 16:30 hs.<\/li>\n\n\n\n<li>V\u00eda mail: <a href=\"mailto:ens4_bedelia@bue.edu.ar\" target=\"_blank\" rel=\"noreferrer noopener\">ens4_bedelia@bue.edu.ar<\/a><\/li>\n\n\n\n<li>Tel\u00e9fono: 4901-1582 interno 106. Por consultas sobre t\u00edtulos de egresados marcar interno 121 en el turno tarde.<\/li>\n<\/ul>\n\n\n\n<p>Bedel\u00eda recibe, da respuesta y tramita distintos tipos de cuestiones administrativas por parte de los aspirantes, estudiantes y egresados del Nivel Terciario.<\/p>\n\n\n\n<p class=\"has-contrast-3-background-color has-background\"><strong>Todas las constancias\/solicitudes que se reciben tienen una demora m\u00ednima de 72 hs. h\u00e1biles en su tramitaci\u00f3n. Los formularios se pueden descargar desde la web, campus virtual o adquirir en la fotocopiadora institucional que funciona en el subsuelo.<\/strong><\/p>\n\n\n\n<p><\/p>\n\n\n\n<div id=\"_mcePaste\" class=\"mcePaste\" style=\"position: absolute; left: -10000px; top: 253px; width: 1px; height: 1px; overflow: hidden;\"><span style=\"font-size: 10pt;\"><em>Turno tarde<\/em>:<\/span><\/div>\n","protected":false},"excerpt":{"rendered":"<p>Bedel\u00eda del Nivel Terciario Es&nbsp;el sector de apoyo administrativo a las actividades de formaci\u00f3n, responsable del relevamiento y circulaci\u00f3n de la informaci\u00f3n relativa a los\/as estudiantes de las carreras de PEI y de PEP del Nivel Terciario. Est\u00e1 integrada por: Turno Ma\u00f1ana Turno Tarde Araceli Karam Araceli Karam Marcos Falaschi Daniel Serra Silvia Fern\u00e1ndez Luciana &#8230; <a title=\"Bedel\u00eda\" class=\"read-more\" href=\"https:\/\/ens4-caba.infd.edu.ar\/sitio\/bedelia\/\" aria-label=\"More on Bedel\u00eda\">[+]<\/a><\/p>\n","protected":false},"author":2006,"featured_media":0,"parent":0,"menu_order":0,"comment_status":"closed","ping_status":"closed","template":"","meta":[],"acf":[],"_links":{"self":[{"href":"https:\/\/ens4-caba.infd.edu.ar\/sitio\/wp-json\/wp\/v2\/pages\/962"}],"collection":[{"href":"https:\/\/ens4-caba.infd.edu.ar\/sitio\/wp-json\/wp\/v2\/pages"}],"about":[{"href":"https:\/\/ens4-caba.infd.edu.ar\/sitio\/wp-json\/wp\/v2\/types\/page"}],"author":[{"embeddable":true,"href":"https:\/\/ens4-caba.infd.edu.ar\/sitio\/wp-json\/wp\/v2\/users\/2006"}],"replies":[{"embeddable":true,"href":"https:\/\/ens4-caba.infd.edu.ar\/sitio\/wp-json\/wp\/v2\/comments?post=962"}],"version-history":[{"count":6,"href":"https:\/\/ens4-caba.infd.edu.ar\/sitio\/wp-json\/wp\/v2\/pages\/962\/revisions"}],"predecessor-version":[{"id":3463,"href":"https:\/\/ens4-caba.infd.edu.ar\/sitio\/wp-json\/wp\/v2\/pages\/962\/revisions\/3463"}],"wp:attachment":[{"href":"https:\/\/ens4-caba.infd.edu.ar\/sitio\/wp-json\/wp\/v2\/media?parent=962"}],"curies":[{"name":"wp","href":"https:\/\/api.w.org\/{rel}","templated":true}]}}