{"id":945,"date":"2018-06-29T17:10:38","date_gmt":"2018-06-29T20:10:38","guid":{"rendered":"https:\/\/ens4-caba.infd.edu.ar\/sitio\/reglamento\/"},"modified":"2020-10-16T21:08:01","modified_gmt":"2020-10-17T00:08:01","slug":"reglamento","status":"publish","type":"page","link":"https:\/\/ens4-caba.infd.edu.ar\/sitio\/reglamento\/","title":{"rendered":"Cat\u00e1logo"},"content":{"rendered":"<p><strong>Acceso al <a href=\"http:\/\/sistemas1.buenosaires.edu.ar\/cgi-bin\/wxislind.cgi\/comenius\/scripts\/?IsisScript=iah.xis&amp;lang=es&amp;base=COMENIUS\">Cat\u00e1logo<\/a><\/strong><\/p>\n<p><a href=\"http:\/\/sistemas1.buenosaires.edu.ar\/cgi-bin\/wxislind.cgi\/comenius\/scripts\/?IsisScript=iah.xis&amp;lang=es&amp;base=COMENIUS\"><img decoding=\"async\" loading=\"lazy\" class=\"alignnone size-medium wp-image-2253\" src=\"https:\/\/ens4-caba.infd.edu.ar\/sitio\/wp-content\/uploads\/2020\/10\/Imagen-1000x177.png\" alt=\"\" width=\"1000\" height=\"177\" srcset=\"https:\/\/ens4-caba.infd.edu.ar\/sitio\/wp-content\/uploads\/2020\/10\/Imagen-1000x177.png 1000w, https:\/\/ens4-caba.infd.edu.ar\/sitio\/wp-content\/uploads\/2020\/10\/Imagen-768x136.png 768w, https:\/\/ens4-caba.infd.edu.ar\/sitio\/wp-content\/uploads\/2020\/10\/Imagen.png 1048w\" sizes=\"(max-width: 1000px) 100vw, 1000px\" \/><\/a><\/p>\n<table>\n<tbody>\n<tr>\n<td width=\"697\"><strong>Red Comenius<\/strong>\u00a0es una Red de Bibliotecas conformada por la <strong>Biblioteca del Docente<\/strong> y las bibliotecas de las instituciones dependientes de la Direcci\u00f3n General de Educaci\u00f3n Superior, cuyos integrantes son las Escuelas Normales Superiores, los Institutos de Ense\u00f1anza Superior y los Institutos de Formaci\u00f3n T\u00e9cnica Superior.<\/td>\n<\/tr>\n<\/tbody>\n<\/table>\n<p>&nbsp;<\/p>\n<table>\n<tbody>\n<tr>\n<td width=\"697\"><strong>Coordinaci\u00f3n de la Red:<\/strong><a href=\"https:\/\/www.buenosaires.gob.ar\/educacion\/docentes\/biblioteca-del-docente\"><strong>Biblioteca del Docente<\/strong><\/a><\/td>\n<\/tr>\n<\/tbody>\n<\/table>\n<p>&nbsp;<\/p>\n","protected":false},"excerpt":{"rendered":"<p>Acceso al Cat\u00e1logo Red Comenius\u00a0es una Red de Bibliotecas conformada por la Biblioteca del Docente y las bibliotecas de las instituciones dependientes de la Direcci\u00f3n General de Educaci\u00f3n Superior, cuyos integrantes son las Escuelas Normales Superiores, los Institutos de Ense\u00f1anza Superior y los Institutos de Formaci\u00f3n T\u00e9cnica Superior. &nbsp; Coordinaci\u00f3n de la Red:Biblioteca del Docente &#8230; <a title=\"Cat\u00e1logo\" class=\"read-more\" href=\"https:\/\/ens4-caba.infd.edu.ar\/sitio\/reglamento\/\" aria-label=\"More on Cat\u00e1logo\">[+]<\/a><\/p>\n","protected":false},"author":2006,"featured_media":0,"parent":0,"menu_order":0,"comment_status":"closed","ping_status":"closed","template":"","meta":[],"acf":[],"_links":{"self":[{"href":"https:\/\/ens4-caba.infd.edu.ar\/sitio\/wp-json\/wp\/v2\/pages\/945"}],"collection":[{"href":"https:\/\/ens4-caba.infd.edu.ar\/sitio\/wp-json\/wp\/v2\/pages"}],"about":[{"href":"https:\/\/ens4-caba.infd.edu.ar\/sitio\/wp-json\/wp\/v2\/types\/page"}],"author":[{"embeddable":true,"href":"https:\/\/ens4-caba.infd.edu.ar\/sitio\/wp-json\/wp\/v2\/users\/2006"}],"replies":[{"embeddable":true,"href":"https:\/\/ens4-caba.infd.edu.ar\/sitio\/wp-json\/wp\/v2\/comments?post=945"}],"version-history":[{"count":6,"href":"https:\/\/ens4-caba.infd.edu.ar\/sitio\/wp-json\/wp\/v2\/pages\/945\/revisions"}],"predecessor-version":[{"id":2302,"href":"https:\/\/ens4-caba.infd.edu.ar\/sitio\/wp-json\/wp\/v2\/pages\/945\/revisions\/2302"}],"wp:attachment":[{"href":"https:\/\/ens4-caba.infd.edu.ar\/sitio\/wp-json\/wp\/v2\/media?parent=945"}],"curies":[{"name":"wp","href":"https:\/\/api.w.org\/{rel}","templated":true}]}}