{"id":941,"date":"2018-06-29T17:10:36","date_gmt":"2018-06-29T20:10:36","guid":{"rendered":"https:\/\/ens4-caba.infd.edu.ar\/sitio\/para-que-concurrir-a-la-biblioteca\/"},"modified":"2024-10-28T11:10:38","modified_gmt":"2024-10-28T14:10:38","slug":"para-que-concurrir-a-la-biblioteca","status":"publish","type":"page","link":"https:\/\/ens4-caba.infd.edu.ar\/sitio\/para-que-concurrir-a-la-biblioteca\/","title":{"rendered":"Biblioteca y recursos digitales"},"content":{"rendered":"<table>\n<tbody>\n<tr>\n<td width=\"697\"><a href=\"https:\/\/docs.google.com\/document\/d\/1nA6mFj4SywNjLuGdmusbXEJLnNtyIwdTcwyvatwu-oQ\/edit?usp=sharing\"><strong>Listas de materiales<\/strong><\/a><\/p>\n<p><a href=\"https:\/\/docs.google.com\/document\/d\/1UtjnKLeVXwAWkTCOAZ7SH2UvIMU0-b-_2yNW7qEIv9M\/edit?usp=sharing\"><strong>Bibliotecas Digitales<\/strong><\/a><\/p>\n<p><a href=\"https:\/\/docs.google.com\/document\/d\/1Liwb9c5oi0gBeo4DPNtm4g6GZHcdOkjSKeysyHVsPHY\/edit?usp=sharing\"><strong>Recursos did\u00e1cticos digitales<\/strong><\/a><\/p>\n<p><a href=\"https:\/\/docs.google.com\/document\/d\/1PpzaMKQHciAgiLm0fKRYXtfXiYtbzY0tgTqcmy6pfTM\/edit?usp=sharing\"><strong>Literatura<\/strong><\/a><\/p>\n<p><a href=\"https:\/\/docs.google.com\/document\/d\/11pdMJ_671eSKW53XE42Yd3oS1eyh3UUUDuWBzMV3bY4\/edit?usp=sharing\"><strong>Revistas digitales<\/strong><\/a><\/p>\n<p><a href=\"https:\/\/docs.google.com\/document\/d\/1sgUNBr0R1BVD9Xs-vl8VjXhYyraAFc8M0CzpLLNeCNg\/edit?usp=sharing\"><strong>Repositorios digitales<\/strong><\/a><\/p>\n<p><a href=\"https:\/\/docs.google.com\/document\/d\/1VZiKws2-KA7SpRqOIpk_lFerJ5BotMpxDIEiqP55YvA\/edit?usp=sharing\"><strong>Cultura<\/strong><\/a><\/p>\n<p><a href=\"https:\/\/docs.google.com\/document\/d\/1wmgVe0P8SnjsWtg8ooqi_LQ__0YnXlqbeHdnBDnIr3A\/edit?usp=sharing\"><strong>Sitios de inter\u00e9s<\/strong><\/a><\/p>\n<p><a href=\"https:\/\/docs.google.com\/document\/d\/1QDC9Y1atXU6zySvKHVL2Cuo1oqMpWHGyffXrCoFzb2s\/edit?usp=sharing\"><strong>Tutoriales, gu\u00edas y herramientas digitales<\/strong><\/a><\/p>\n<p><a href=\"https:\/\/docs.google.com\/document\/d\/1hWTXw519dDg7eZSxvpwHPRYLMPxWdGSejT77bbi_bjE\/edit?usp=sharing\"><strong>Videos<\/strong><\/a><\/p>\n<p><a href=\"https:\/\/drive.google.com\/drive\/folders\/1BA8VSY_wgqWTUoU66G6RBq5_qnb7697b?usp=sharing\"><strong>Libros de lectura hist\u00f3ricos<\/strong><\/a><\/td>\n<\/tr>\n<\/tbody>\n<\/table>\n","protected":false},"excerpt":{"rendered":"<p>Listas de materiales Bibliotecas Digitales Recursos did\u00e1cticos digitales Literatura Revistas digitales Repositorios digitales Cultura Sitios de inter\u00e9s Tutoriales, gu\u00edas y herramientas digitales Videos Libros de lectura hist\u00f3ricos<\/p>\n","protected":false},"author":2006,"featured_media":0,"parent":0,"menu_order":0,"comment_status":"closed","ping_status":"closed","template":"","meta":[],"acf":[],"_links":{"self":[{"href":"https:\/\/ens4-caba.infd.edu.ar\/sitio\/wp-json\/wp\/v2\/pages\/941"}],"collection":[{"href":"https:\/\/ens4-caba.infd.edu.ar\/sitio\/wp-json\/wp\/v2\/pages"}],"about":[{"href":"https:\/\/ens4-caba.infd.edu.ar\/sitio\/wp-json\/wp\/v2\/types\/page"}],"author":[{"embeddable":true,"href":"https:\/\/ens4-caba.infd.edu.ar\/sitio\/wp-json\/wp\/v2\/users\/2006"}],"replies":[{"embeddable":true,"href":"https:\/\/ens4-caba.infd.edu.ar\/sitio\/wp-json\/wp\/v2\/comments?post=941"}],"version-history":[{"count":14,"href":"https:\/\/ens4-caba.infd.edu.ar\/sitio\/wp-json\/wp\/v2\/pages\/941\/revisions"}],"predecessor-version":[{"id":3374,"href":"https:\/\/ens4-caba.infd.edu.ar\/sitio\/wp-json\/wp\/v2\/pages\/941\/revisions\/3374"}],"wp:attachment":[{"href":"https:\/\/ens4-caba.infd.edu.ar\/sitio\/wp-json\/wp\/v2\/media?parent=941"}],"curies":[{"name":"wp","href":"https:\/\/api.w.org\/{rel}","templated":true}]}}