{"id":928,"date":"2018-06-29T17:10:32","date_gmt":"2018-06-29T20:10:32","guid":{"rendered":"https:\/\/ens4-caba.infd.edu.ar\/sitio\/proyectos\/"},"modified":"2022-11-18T11:34:57","modified_gmt":"2022-11-18T14:34:57","slug":"proyectos","status":"publish","type":"page","link":"https:\/\/ens4-caba.infd.edu.ar\/sitio\/proyectos\/","title":{"rendered":"Proyectos"},"content":{"rendered":"<p><span style=\"color: #ff6600;\"><strong>ESI:<\/strong><\/span><\/p>\n<p><span style=\"font-weight: 400;\">El nivel inicial del ENS 4 persigue como uno de los prop\u00f3sitos principales el abordaje de contenidos y tem\u00e1ticas relacionados a la Educaci\u00f3n Sexual Integral, trabajando a lo largo de la trayectoria escolar de cada ni\u00f1o\/a los 5 ejes de la ESI:<\/span><\/p>\n<p><b>Cuidar el cuerpo y la salud, Valorar la afectividad, Garantizar la equidad de g\u00e9nero, Respetar la diversidad,\u00a0 ejercer los derechos<\/b><\/p>\n<p><span style=\"font-weight: 400;\">Por otra parte los\/as docentes de la Instituci\u00f3n tenemos una fuerte responsabilidad en propiciar espacios de encuentro y reflexi\u00f3n para profundizar sobre estos temas y dise\u00f1ar l\u00edneas de trabajo que posibiliten un adecuado abordaje de los mismos\u00a0<\/span><\/p>\n<p><span style=\"font-weight: 400;\">La ESI es un proyecto transversal a todas las \u00e1reas que se trabajan en el Nivel Inicial<\/span><\/p>\n<p><span style=\"color: #ff0000;\"><strong>JARDIN SENSORIAL Y JARD\u00cdN DE MARIPOSAS<\/strong><\/span><\/p>\n<p><span style=\"font-weight: 400;\">Es un espacio destinado a realizar actividades que incluyan\u00a0 experimentos, investigaciones, exploraciones, actividades sensoriales, de observaci\u00f3n y cuidado, como as\u00ed tambi\u00e9n poder escuchar m\u00fasica y narraciones . Acompa\u00f1amos, orientamos y buscamos alternativas para trabajar por el logro de una conciencia colectiva de respeto y conservaci\u00f3n del ambiente. El jard\u00edn se propone que los ni\u00f1os\/as sean capaces de \u201cmirar lo habitual\u201d con otros ojos, a la vez que se acerquen al conocimiento de otros contextos menos conocidos y cotidianos<\/span><\/p>\n<p><span style=\"color: #800080;\"><strong>ATELIER DIGITAL<\/strong><\/span><\/p>\n<p><span style=\"font-weight: 400;\">Contamos con un gabinete de carga m\u00f3vil con equipamiento tecnol\u00f3gico para nivel inicial que permite explorar nuevos modos de entender y construir la realidad. El mismo cuenta con tablets, c\u00e1mara de fotos, parlante, ca\u00f1\u00f3n y netbook.<\/span><\/p>\n<p><span style=\"font-weight: 400;\">Trabajamos con\u00a0 KIBO: <\/span><span style=\"font-weight: 400;\">un kit de rob\u00f3tica dise\u00f1ado para ni\u00f1os\/as peque\u00f1os\/as. El equipo cuenta con el cuerpo principal del robot al que se le pueden incorporar distintas partes para funcionar. Una secuencia de bloques con \u00f3rdenes que son le\u00eddas por el robot permiten su funcionamiento. De esta manera <\/span><span style=\"font-weight: 400;\">proponemos trabajar con los ni\u00f1os\/as el pensamiento computacional (procesos de pensamientos involucrados en la formulaci\u00f3n de problemas y sus soluciones).<\/span><\/p>\n<p><span style=\"color: #99cc00;\"><strong>BIBLIOTECA CIRCULANTE<\/strong><\/span><\/p>\n<p><span style=\"font-weight: 400;\">La biblioteca circulante de nuestro nivel cuenta con una selecci\u00f3n minuciosa de ejemplares para que ni\u00f1os y ni\u00f1as tengan la oportunidad de llevarse un libro a sus casas. De esta manera disfrutar\u00e1n del mismo en familia.\u00a0<\/span><\/p>\n<p><span style=\"font-weight: 400;\">As\u00ed recuperamos la idea de puentes en donde todos los actores participan de la permanente construcci\u00f3n de los mismos.<\/span><\/p>\n\n\n<p><\/p>\n","protected":false},"excerpt":{"rendered":"<p>ESI: El nivel inicial del ENS 4 persigue como uno de los prop\u00f3sitos principales el abordaje de contenidos y tem\u00e1ticas relacionados a la Educaci\u00f3n Sexual Integral, trabajando a lo largo de la trayectoria escolar de cada ni\u00f1o\/a los 5 ejes de la ESI: Cuidar el cuerpo y la salud, Valorar la afectividad, Garantizar la equidad &#8230; <a title=\"Proyectos\" class=\"read-more\" href=\"https:\/\/ens4-caba.infd.edu.ar\/sitio\/proyectos\/\" aria-label=\"More on Proyectos\">[+]<\/a><\/p>\n","protected":false},"author":7,"featured_media":0,"parent":0,"menu_order":0,"comment_status":"closed","ping_status":"closed","template":"","meta":[],"acf":[],"_links":{"self":[{"href":"https:\/\/ens4-caba.infd.edu.ar\/sitio\/wp-json\/wp\/v2\/pages\/928"}],"collection":[{"href":"https:\/\/ens4-caba.infd.edu.ar\/sitio\/wp-json\/wp\/v2\/pages"}],"about":[{"href":"https:\/\/ens4-caba.infd.edu.ar\/sitio\/wp-json\/wp\/v2\/types\/page"}],"author":[{"embeddable":true,"href":"https:\/\/ens4-caba.infd.edu.ar\/sitio\/wp-json\/wp\/v2\/users\/7"}],"replies":[{"embeddable":true,"href":"https:\/\/ens4-caba.infd.edu.ar\/sitio\/wp-json\/wp\/v2\/comments?post=928"}],"version-history":[{"count":3,"href":"https:\/\/ens4-caba.infd.edu.ar\/sitio\/wp-json\/wp\/v2\/pages\/928\/revisions"}],"predecessor-version":[{"id":2692,"href":"https:\/\/ens4-caba.infd.edu.ar\/sitio\/wp-json\/wp\/v2\/pages\/928\/revisions\/2692"}],"wp:attachment":[{"href":"https:\/\/ens4-caba.infd.edu.ar\/sitio\/wp-json\/wp\/v2\/media?parent=928"}],"curies":[{"name":"wp","href":"https:\/\/api.w.org\/{rel}","templated":true}]}}