{"id":926,"date":"2018-06-29T17:10:31","date_gmt":"2018-06-29T20:10:31","guid":{"rendered":"https:\/\/ens4-caba.infd.edu.ar\/sitio\/nivel-inicial\/"},"modified":"2025-07-04T11:30:40","modified_gmt":"2025-07-04T14:30:40","slug":"nivel-inicial","status":"publish","type":"page","link":"https:\/\/ens4-caba.infd.edu.ar\/sitio\/nivel-inicial\/","title":{"rendered":"Nivel Inicial"},"content":{"rendered":"\n<hr class=\"wp-block-separator has-alpha-channel-opacity\"\/>\n\n\n\n<p><img decoding=\"async\" loading=\"lazy\" src=\"https:\/\/ens4-caba.infd.edu.ar\/sitio\/wp-content\/uploads\/2019\/06\/Instagram.png\" alt=\"\" width=\"40\" height=\"40\"><a href=\"https:\/\/www.instagram.com\/ens4_nivelinicial\/?igshid=NTc4MTIwNjQ2YQ%3D%3D\">ens4_nivelinicial<\/a><\/p>\n\n\n\n<h2 class=\"wp-block-heading\">CICLO LECTIVO 2025<\/h2>\n\n\n\n<ul>\n<li><strong>Sala de 2 a\u00f1os: Jornada Simple<\/strong>, TM 8:30 a 11:45&nbsp; hs. y TT 13:00 a 16:15 hs.<\/li>\n\n\n\n<li><strong>Salas de 3, 4 y 5: Jornada Completa<\/strong> 8:30 a 16:00 hs.<\/li>\n<\/ul>\n\n\n\n<hr class=\"wp-block-separator has-alpha-channel-opacity\"\/>\n\n\n<p style=\"text-align: justify; line-height: 150%; margin: 0cm 0cm 0pt;\"><span style=\"font-family: georgia,palatino;\"><span style=\"line-height: 150%; font-size: 10pt;\">\u00a0<\/span><\/span><\/p>\n<h6>ACCESO AL JARD\u00cdN<\/h6>\n<div>El Nivel Inicial de la Instituci\u00f3n tiene su entrada por la Avenida Rivadavia al lado de la entrada principal de la escuela que se encuentra en la calle Rivadavia 4950.<\/div>\n<div>Tiene entrada con rampa para personas con dificultades en su movilidad.<\/div>\n<div>\u00a0<\/div>\n<h6>ESPACIOS Y SALAS DE NIVEL INICIAL<\/h6>\n<div><strong>Cuenta con un total de 7 salas: 2 salas de jornada simple, desde sala de 2 a 5 a\u00f1os en ambos turnos y 5 salas de jornada completa.<\/strong><\/div>\n<div>\u00a0<\/div>\n<div>\n<div><b><u>Jornada simple<\/u><\/b><\/div>\n<div>Sala de 2 a\u00f1os ( Roja)\u00a0\u00a0<b>TM y TT<br \/><br \/><\/b><\/div>\n<div><b><u>Jornada completa<\/u><\/b><\/div>\n<div>Salas de 3 a\u00f1os (Verde)\u00a0<\/div>\n<div>Sala de 4 a\u00f1os (Celeste)<\/div>\n<div>Sala de 4 a\u00f1os (Naranja)<\/div>\n<div>Sala de 5 a\u00f1os\u00a0 (Azul)<\/div>\n<div>Sala de 5 a\u00f1os (Violeta)<br \/><br \/><\/div>\n<\/div>\n<div>\n<h6>ACCESO AL JARD\u00cdN<\/h6>\n<div>El Nivel Inicial de la Instituci\u00f3n tiene su entrada por la Avenida Rivadavia al lado de la entrada principal de la escuela que se encuentra en la calle Rivadavia 4950.<\/div>\n<div>\u00a0<\/div>\n<div>Tiene entrada con rampa para personas con dificultades en su movilidad.<\/div>\n<h6>\u00a0<\/h6>\n<div>Las salas de nuestro jard\u00edn son amplias y cuentan con material did\u00e1ctico, recursos tecnol\u00f3gicos y acceso a internet.<\/div>\n<div>Tambi\u00e9n el Nivel Inicial cuenta dos amplios patios con juegos al aire libre.<\/div>\n<div>Comparte con los dem\u00e1s Niveles de la instituci\u00f3n un amplio sal\u00f3n de actos y un gimnasio de grandes dimensiones en donde se realizan diversas actividades.<\/div>\n<div>Junto a los dos patios hay un Jard\u00edn sensorial en donde ni\u00f1os y ni\u00f1as realizan propuestas de arte con atriles, participan de clases de m\u00fasica al aire libre en un contexto diferente, lleno de plantas y m\u00f3viles que despliegan sonidos, aromas y texturas.<\/div>\n<div>El nivel cuenta con directivos y docentes con variadas inquietudes.<\/div>\n<div>\u00a0<\/div>\n<div>&#8212;<\/div>\n<div>\u00a0<\/div>\n<p>\u00a0<\/p>\n<h5><em>EL JARD\u00cdN EN SUS INICIOS&#8230;<\/em><\/h5>\n<p><img decoding=\"async\" loading=\"lazy\" class=\"aligncenter\" title=\"INICIAL - Nivel Inicial en 1949\" src=\"https:\/\/ens4-caba.infd.edu.ar\/sitio\/wp-content\/uploads\/2018\/06\/Ima6_P2_corregida.jpg\" alt=\"INICIAL - Nivel Inicial en 1949\" width=\"520\" height=\"368\" border=\"0\" \/>\u00a0<\/p>\n<h5><em>LOS NI\u00d1OS Y NI\u00d1AS JUGANDO HOY&#8230;<\/em><\/h5>\n<p><em>\u00a0<\/em><img decoding=\"async\" loading=\"lazy\" class=\"aligncenter\" title=\"nenes en mesa\" src=\"https:\/\/ens4-caba.infd.edu.ar\/sitio\/wp-content\/uploads\/2018\/06\/nenes_en_mesa.jpg\" alt=\"nenes en mesa\" width=\"515\" height=\"371\" border=\"0\" \/><\/p>\n<p>\u00a0<\/p>\n<p><img decoding=\"async\" loading=\"lazy\" class=\"aligncenter\" title=\"nenes con maestra en la sala\" src=\"https:\/\/ens4-caba.infd.edu.ar\/sitio\/wp-content\/uploads\/2018\/06\/P3260035.jpg\" alt=\"nenes con maestra en la sala\" width=\"523\" height=\"387\" border=\"0\" \/><\/p>\n<\/div>\n<div>\n<div>\u00a0<\/div>\n<\/div>\n<div>\n<div>&#8212;<\/div>\n<\/div>\n<div>\u00a0<\/div>\n<div>Las salas de nuestro jard\u00edn son amplias y cuentan con material did\u00e1ctico, recursos tecnol\u00f3gicos y acceso a internet.<\/div>\n<div>Tambi\u00e9n el Nivel Inicial cuenta dos amplios patios con juegos al aire libre.<\/div>\n<div>Comparte con los dem\u00e1s Niveles de la instituci\u00f3n un amplio sal\u00f3n de actos y un gimnasio de grandes dimensiones en donde se realizan diversas actividades.<\/div>\n<div>Junto a los dos patios hay un Jard\u00edn sensorial en donde ni\u00f1os y ni\u00f1as realizan propuestas de arte con atriles, participan de clases de m\u00fasica al aire libre en un contexto diferente, lleno de plantas y m\u00f3viles que despliegan sonidos, aromas y texturas.<\/div>\n<div>El nivel cuenta con directivos y docentes con variadas inquietudes.<\/div>\n<div>\u00a0<\/div>\n<div>&#8212;<\/div>\n<div>\u00a0<\/div>\n<p>\u00a0<\/p>\n<h5 style=\"text-align: center;\"><em>EL JARD\u00cdN EN SUS INICIOS&#8230;<\/em><\/h5>\n<p><span style=\"line-height: 150%; font-family: Arial; font-size: 10pt;\"><img decoding=\"async\" loading=\"lazy\" class=\"aligncenter\" title=\"INICIAL - Nivel Inicial en 1949\" src=\"https:\/\/ens4-caba.infd.edu.ar\/sitio\/wp-content\/uploads\/2018\/06\/Ima6_P2_corregida.jpg\" alt=\"INICIAL - Nivel Inicial en 1949\" width=\"520\" height=\"368\" border=\"0\" \/>\u00a0<\/span><\/p>\n<h5 style=\"text-align: center;\"><em>LOS NI\u00d1OS Y NI\u00d1AS JUGANDO HOY&#8230;<\/em><\/h5>\n<p><span style=\"line-height: 150%; font-family: Arial; font-size: 10pt;\"><em>\u00a0<\/em><img decoding=\"async\" loading=\"lazy\" class=\"aligncenter\" title=\"nenes en mesa\" src=\"https:\/\/ens4-caba.infd.edu.ar\/sitio\/wp-content\/uploads\/2018\/06\/nenes_en_mesa.jpg\" alt=\"nenes en mesa\" width=\"515\" height=\"371\" border=\"0\" \/><\/span><\/p>\n<p>\u00a0<\/p>\n<p><img decoding=\"async\" loading=\"lazy\" class=\"aligncenter\" title=\"nenes con maestra en la sala\" src=\"https:\/\/ens4-caba.infd.edu.ar\/sitio\/wp-content\/uploads\/2018\/06\/P3260035.jpg\" alt=\"nenes con maestra en la sala\" width=\"523\" height=\"387\" border=\"0\" \/><\/p>\n\n\n<hr class=\"wp-block-separator has-alpha-channel-opacity\"\/>\n\n\n\n<h2 class=\"wp-block-heading\"><\/h2>\n\n\n\n<h2 class=\"wp-block-heading\"><\/h2>\n\n\n\n<hr class=\"wp-block-separator has-alpha-channel-opacity\"\/>\n\n\n\n<p class=\"has-text-align-center\"><strong>NUESTRAS SALAS<\/strong><\/p>\n\n\n<div class=\"wp-block-image\">\n<figure class=\"aligncenter size-full\"><img decoding=\"async\" loading=\"lazy\" width=\"750\" height=\"954\" src=\"https:\/\/ens4-caba.infd.edu.ar\/sitio\/wp-content\/uploads\/2023\/05\/3236aadb-662d-4844-b118-0d27ec012251.jpg\" alt=\"\" class=\"wp-image-2973\"\/><\/figure><\/div>\n\n<div class=\"wp-block-image\">\n<figure class=\"aligncenter size-full\"><img decoding=\"async\" loading=\"lazy\" width=\"750\" height=\"928\" src=\"https:\/\/ens4-caba.infd.edu.ar\/sitio\/wp-content\/uploads\/2023\/05\/66598075-2bfb-453f-a6a6-d69b5fba6641-2.jpg\" alt=\"\" class=\"wp-image-2975\"\/><\/figure><\/div>\n\n<div class=\"wp-block-image\">\n<figure class=\"aligncenter size-full\"><img decoding=\"async\" loading=\"lazy\" width=\"750\" height=\"933\" src=\"https:\/\/ens4-caba.infd.edu.ar\/sitio\/wp-content\/uploads\/2023\/05\/3bb2288f-e4a0-46dc-b199-2a32fbb56008.jpg\" alt=\"\" class=\"wp-image-2977\"\/><\/figure><\/div>\n\n<div class=\"wp-block-image\">\n<figure class=\"aligncenter size-full\"><img decoding=\"async\" loading=\"lazy\" width=\"750\" height=\"948\" src=\"https:\/\/ens4-caba.infd.edu.ar\/sitio\/wp-content\/uploads\/2023\/05\/d7df666a-412e-49a3-9bc1-7075aa093af5.jpg\" alt=\"\" class=\"wp-image-2978\"\/><\/figure><\/div>\n\n<div class=\"wp-block-image\">\n<figure class=\"aligncenter size-full\"><img decoding=\"async\" loading=\"lazy\" width=\"750\" height=\"940\" src=\"https:\/\/ens4-caba.infd.edu.ar\/sitio\/wp-content\/uploads\/2023\/05\/fc5f17d8-8617-45af-95c7-6f87c6a570cb.jpg\" alt=\"\" class=\"wp-image-2979\"\/><\/figure><\/div>\n\n<p>Escanee el <strong>QR para acceder al Instagram de Nivel Inicial<\/strong><\/p>\n<p><img decoding=\"async\" loading=\"lazy\" class=\"alignnone wp-image-2984\" src=\"https:\/\/ens4-caba.infd.edu.ar\/sitio\/wp-content\/uploads\/2023\/05\/E9B44115-9039-4048-93AC-558DCC79986D-666x1000.png\" alt=\"\" width=\"257\" height=\"386\" srcset=\"https:\/\/ens4-caba.infd.edu.ar\/sitio\/wp-content\/uploads\/2023\/05\/E9B44115-9039-4048-93AC-558DCC79986D-666x1000.png 666w, https:\/\/ens4-caba.infd.edu.ar\/sitio\/wp-content\/uploads\/2023\/05\/E9B44115-9039-4048-93AC-558DCC79986D.png 750w\" sizes=\"(max-width: 257px) 100vw, 257px\" \/><\/p>","protected":false},"excerpt":{"rendered":"<p>ens4_nivelinicial CICLO LECTIVO 2025 \u00a0 ACCESO AL JARD\u00cdN El Nivel Inicial de la Instituci\u00f3n tiene su entrada por la Avenida Rivadavia al lado de la entrada principal de la escuela que se encuentra en la calle Rivadavia 4950. Tiene entrada con rampa para personas con dificultades en su movilidad. \u00a0 ESPACIOS Y SALAS DE NIVEL &#8230; <a title=\"Nivel Inicial\" class=\"read-more\" href=\"https:\/\/ens4-caba.infd.edu.ar\/sitio\/nivel-inicial\/\" aria-label=\"More on Nivel Inicial\">[+]<\/a><\/p>\n","protected":false},"author":2006,"featured_media":0,"parent":0,"menu_order":0,"comment_status":"closed","ping_status":"closed","template":"","meta":[],"acf":[],"_links":{"self":[{"href":"https:\/\/ens4-caba.infd.edu.ar\/sitio\/wp-json\/wp\/v2\/pages\/926"}],"collection":[{"href":"https:\/\/ens4-caba.infd.edu.ar\/sitio\/wp-json\/wp\/v2\/pages"}],"about":[{"href":"https:\/\/ens4-caba.infd.edu.ar\/sitio\/wp-json\/wp\/v2\/types\/page"}],"author":[{"embeddable":true,"href":"https:\/\/ens4-caba.infd.edu.ar\/sitio\/wp-json\/wp\/v2\/users\/2006"}],"replies":[{"embeddable":true,"href":"https:\/\/ens4-caba.infd.edu.ar\/sitio\/wp-json\/wp\/v2\/comments?post=926"}],"version-history":[{"count":13,"href":"https:\/\/ens4-caba.infd.edu.ar\/sitio\/wp-json\/wp\/v2\/pages\/926\/revisions"}],"predecessor-version":[{"id":3582,"href":"https:\/\/ens4-caba.infd.edu.ar\/sitio\/wp-json\/wp\/v2\/pages\/926\/revisions\/3582"}],"wp:attachment":[{"href":"https:\/\/ens4-caba.infd.edu.ar\/sitio\/wp-json\/wp\/v2\/media?parent=926"}],"curies":[{"name":"wp","href":"https:\/\/api.w.org\/{rel}","templated":true}]}}