{"id":920,"date":"2018-06-29T17:10:29","date_gmt":"2018-06-29T20:10:29","guid":{"rendered":"https:\/\/ens4-caba.infd.edu.ar\/sitio\/prof-de-educ-primaria\/"},"modified":"2026-03-20T14:35:57","modified_gmt":"2026-03-20T17:35:57","slug":"prof-de-educ-primaria","status":"publish","type":"page","link":"https:\/\/ens4-caba.infd.edu.ar\/sitio\/prof-de-educ-primaria\/","title":{"rendered":"Profesorado de Ed. Primaria"},"content":{"rendered":"\n<hr class=\"wp-block-separator has-alpha-channel-opacity\"\/>\n\n\n\n<h2 class=\"wp-block-heading has-text-align-center\">&#x1f4c6;<a href=\"https:\/\/docs.google.com\/spreadsheets\/d\/1RQocw6sVbhR6qNMDN6fN3uVb81NL3AxpgLbql-8b5Pw\/edit?gid=362777665#gid=362777665\">HORARIOS <\/a>1er C.2026 &#x1f4c6;<\/h2>\n\n\n\n<hr class=\"wp-block-separator has-alpha-channel-opacity\"\/>\n\n\n\n<blockquote class=\"wp-block-quote\">\n<p><\/p>\n\n\n\n<h1 class=\"wp-block-heading has-text-align-center\">PROFESORADO DE EDUCACI\u00d3N PRIMARIA<\/h1>\n\n\n\n<p><strong>T\u00edtulo otorgado:&nbsp;<\/strong>Profesor\/a de Educaci\u00f3n Primaria<strong><br>Duraci\u00f3n:&nbsp;<\/strong>4 a\u00f1os (3900 horas c\u00e1tedra)<strong><br>Modalidad:&nbsp;<\/strong>Presencial<strong><br>Requisito de ingreso:&nbsp;<\/strong>T\u00edtulo secundario completo<\/p>\n\n\n\n<h5 class=\"wp-block-heading\">\u00bfPor qu\u00e9 estudiar el Profesorado de Educaci\u00f3n Primaria?<\/h5>\n<\/blockquote>\n\n\n\n<p>La carrera forma docentes preparados para ense\u00f1ar en el Nivel Primario, con capacidad para planificar, gestionar y evaluar propuestas educativas que respondan a la diversidad y a los contextos socioculturales de los estudiantes.<\/p>\n\n\n\n<h5 class=\"wp-block-heading\">Perfil del egresado<\/h5>\n\n\n\n<p>Al finalizar, ser\u00e1s un profesional capaz de:<\/p>\n\n\n\n<ul>\n<li>Dise\u00f1ar proyectos y planificaciones did\u00e1cticas adecuadas a distintos grupos y realidades escolares.<br><\/li>\n\n\n\n<li>Aplicar estrategias que favorezcan la din\u00e1mica grupal, la convivencia y el aprendizaje en el aula.<br><\/li>\n\n\n\n<li>Evaluar procesos de ense\u00f1anza y aprendizaje, y comunicar avances a estudiantes y familias.<br><\/li>\n\n\n\n<li>Participar en equipos docentes y elaborar propuestas institucionales compartidas.<br><\/li>\n\n\n\n<li>Reflexionar cr\u00edticamente sobre tu pr\u00e1ctica y sostener una actitud de formaci\u00f3n continua.<\/li>\n<\/ul>\n\n\n\n<h5 class=\"wp-block-heading\">Objetivos de la formaci\u00f3n<\/h5>\n\n\n\n<p>La propuesta formativa busca construir un rol docente comprometido, cr\u00edtico y participativo, en di\u00e1logo con las demandas actuales de la educaci\u00f3n.<\/p>\n\n\n\n<p>Los principales objetivos son:<\/p>\n\n\n\n<ul>\n<li>Ofrecer marcos conceptuales y herramientas pedag\u00f3gicas para la pr\u00e1ctica docente.<br><\/li>\n\n\n\n<li>Promover la reflexi\u00f3n sobre el trabajo docente y sus m\u00faltiples dimensiones.<br><\/li>\n\n\n\n<li>Favorecer el pensamiento cr\u00edtico, la autonom\u00eda y la apertura a la innovaci\u00f3n.<br><\/li>\n\n\n\n<li>Impulsar el trabajo colaborativo y la incorporaci\u00f3n de tecnolog\u00edas con fines educativos.<br><\/li>\n<\/ul>\n\n\n\n<h5 class=\"wp-block-heading\">Compromiso, pensamiento cr\u00edtico y reflexi\u00f3n profesional<\/h5>\n\n\n\n<p>La carrera entiende la formaci\u00f3n docente como un proceso colectivo y sostenido, que requiere compromiso, autonom\u00eda y responsabilidad. Se proponen marcos te\u00f3ricos y pedag\u00f3gicos que permiten comprender la ense\u00f1anza en sus m\u00faltiples dimensiones, atendiendo a la diversidad de estudiantes, los contextos sociales y las transformaciones culturales. La propuesta promueve el trabajo colaborativo, la incorporaci\u00f3n cr\u00edtica de tecnolog\u00edas y la apertura a la innovaci\u00f3n.<\/p>\n\n\n\n<figure class=\"wp-block-table\"><table><tbody><tr><td class=\"has-text-align-center\" data-align=\"center\"><strong>Enlaces \u00fatiles<\/strong><\/td><\/tr><\/tbody><\/table><\/figure>\n\n\n\n<p><a href=\"https:\/\/mail.google.com\/mail\/u\/2\/#inbox\/FMfcgzQfCMpSwsPVZmFjfmJBTTdDrtlX?projector=1&amp;messagePartId=0.1\">Plan Curricular Institucional 2026 PEP<\/a><\/p>\n\n\n\n<p><a rel=\"noreferrer noopener\" href=\"https:\/\/drive.google.com\/file\/d\/1EhhU1ctsjzz2p1bwPE44MdXhfzKUkbso\/view?usp=sharing\" target=\"_blank\">Plan de estudios Profesorado de Educaci\u00f3n Primaria<\/a><\/p>\n\n\n\n<p><a href=\"https:\/\/drive.google.com\/file\/d\/1LDhfxEq3iznVHUYfoGVCh2dGql9twNux\/view?usp=sharing\" target=\"_blank\" rel=\"noreferrer noopener\">Resoluci\u00f3n SSGECP Nro 532-2015 (de 2015 en adelante)<\/a><\/p>\n\n\n\n<p><a href=\"https:\/\/drive.google.com\/file\/d\/1tWLTdKKvxriyYu8CT48GU1rf0nCog_m9\/view?usp=sharing\" target=\"_blank\" rel=\"noreferrer noopener\">R\u00e9gimen de Promoci\u00f3n y Calificaci\u00f3n<\/a><\/p>\n\n\n\n<p><a href=\"https:\/\/drive.google.com\/file\/d\/1C9T1DAD8FYa4wlIIPMB0OlgDjHCcLXgQ\/view?usp=sharing\" target=\"_blank\" rel=\"noreferrer noopener\">Correlativas<\/a><\/p>\n\n\n\n<p><a href=\"https:\/\/drive.google.com\/file\/d\/1NLkxBEfpiOp0xtcuubDUiq2JFINO1uEM\/view?usp=sharing\" target=\"_blank\" rel=\"noreferrer noopener\">Proyecto de Espacios de Definici\u00f3n Institucional<\/a><\/p>\n\n\n\n<p><a href=\"https:\/\/drive.google.com\/file\/d\/1hIzjIaIXOaSZU5SN_hwxAnqZhfu6cDAs\/view?usp=sharing\" target=\"_blank\" rel=\"noreferrer noopener\">\u00bfQu\u00e9 EDIS y LAE tengo que cursar?<\/a><\/p>\n\n\n\n<figure class=\"wp-block-table\"><table><tbody><tr><td class=\"has-text-align-center\" data-align=\"center\"><strong>PLANES SIN VIGENCIA<\/strong><br><strong>Profesorado para la Ense\u00f1anza Primaria<\/strong>Ingresantes 1974 al 2002: R.M. N\u00b0283\/73<br><strong>Profesorado de Educaci\u00f3n Primaria<\/strong>Ingresantes anteriores al 2009: R.M. N\u00b0270\/02 &#8211; N\u00b03711-SED-2002<\/td><\/tr><\/tbody><\/table><\/figure>\n","protected":false},"excerpt":{"rendered":"<p>&#x1f4c6;HORARIOS 1er C.2026 &#x1f4c6; PROFESORADO DE EDUCACI\u00d3N PRIMARIA T\u00edtulo otorgado:&nbsp;Profesor\/a de Educaci\u00f3n PrimariaDuraci\u00f3n:&nbsp;4 a\u00f1os (3900 horas c\u00e1tedra)Modalidad:&nbsp;PresencialRequisito de ingreso:&nbsp;T\u00edtulo secundario completo \u00bfPor qu\u00e9 estudiar el Profesorado de Educaci\u00f3n Primaria? La carrera forma docentes preparados para ense\u00f1ar en el Nivel Primario, con capacidad para planificar, gestionar y evaluar propuestas educativas que respondan a la diversidad y &#8230; <a title=\"Profesorado de Ed. Primaria\" class=\"read-more\" href=\"https:\/\/ens4-caba.infd.edu.ar\/sitio\/prof-de-educ-primaria\/\" aria-label=\"More on Profesorado de Ed. Primaria\">[+]<\/a><\/p>\n","protected":false},"author":2006,"featured_media":0,"parent":0,"menu_order":0,"comment_status":"closed","ping_status":"closed","template":"","meta":[],"acf":[],"_links":{"self":[{"href":"https:\/\/ens4-caba.infd.edu.ar\/sitio\/wp-json\/wp\/v2\/pages\/920"}],"collection":[{"href":"https:\/\/ens4-caba.infd.edu.ar\/sitio\/wp-json\/wp\/v2\/pages"}],"about":[{"href":"https:\/\/ens4-caba.infd.edu.ar\/sitio\/wp-json\/wp\/v2\/types\/page"}],"author":[{"embeddable":true,"href":"https:\/\/ens4-caba.infd.edu.ar\/sitio\/wp-json\/wp\/v2\/users\/2006"}],"replies":[{"embeddable":true,"href":"https:\/\/ens4-caba.infd.edu.ar\/sitio\/wp-json\/wp\/v2\/comments?post=920"}],"version-history":[{"count":29,"href":"https:\/\/ens4-caba.infd.edu.ar\/sitio\/wp-json\/wp\/v2\/pages\/920\/revisions"}],"predecessor-version":[{"id":3808,"href":"https:\/\/ens4-caba.infd.edu.ar\/sitio\/wp-json\/wp\/v2\/pages\/920\/revisions\/3808"}],"wp:attachment":[{"href":"https:\/\/ens4-caba.infd.edu.ar\/sitio\/wp-json\/wp\/v2\/media?parent=920"}],"curies":[{"name":"wp","href":"https:\/\/api.w.org\/{rel}","templated":true}]}}