{"id":918,"date":"2018-06-29T17:10:28","date_gmt":"2018-06-29T20:10:28","guid":{"rendered":"https:\/\/ens4-caba.infd.edu.ar\/sitio\/profesorado-de-educ-inicial\/"},"modified":"2026-03-20T14:34:47","modified_gmt":"2026-03-20T17:34:47","slug":"profesorado-de-educ-inicial","status":"publish","type":"page","link":"https:\/\/ens4-caba.infd.edu.ar\/sitio\/profesorado-de-educ-inicial\/","title":{"rendered":"Profesorado de Ed. Inicial"},"content":{"rendered":"\n<hr class=\"wp-block-separator has-alpha-channel-opacity\"\/>\n\n\n\n<h2 class=\"wp-block-heading has-text-align-center\">&#x1f4c6;<a href=\"https:\/\/docs.google.com\/spreadsheets\/d\/1RQocw6sVbhR6qNMDN6fN3uVb81NL3AxpgLbql-8b5Pw\/edit?gid=362777665#gid=362777665\">HORARIOS <\/a>1er C.2026 &#x1f4c6;<\/h2>\n\n\n\n<hr class=\"wp-block-separator has-alpha-channel-opacity\"\/>\n\n\n<div>\n<div class=\"gmail_default\">\n<blockquote>\n<h1 dir=\"ltr\" style=\"text-align: center;\">PROFESORADO DE EDUCACI\u00d3N INICIAL<\/h1>\n<\/blockquote>\n<p dir=\"ltr\"><strong>T\u00edtulo otorgado:<\/strong>&nbsp;Profesor\/a de Educaci\u00f3n Inicial<br><strong>Duraci\u00f3n:<\/strong>&nbsp;4 a\u00f1os (3900 horas c\u00e1tedra)<br><strong>Modalidad:<\/strong>&nbsp;Presencial<br><strong>Requisito de ingreso:<\/strong>&nbsp;T\u00edtulo secundario completo<\/p>\n<h5 dir=\"ltr\">\u00bfPor qu\u00e9 estudiar el Profesorado de Educaci\u00f3n Inicial?<\/h5>\n<p dir=\"ltr\">La carrera te prepara para ser un docente comprometido, capaz de dise\u00f1ar, gestionar y evaluar procesos de ense\u00f1anza en el Nivel Inicial. A lo largo de la formaci\u00f3n, adquirir\u00e1s las herramientas necesarias para trabajar con ni\u00f1os, considerando sus contextos socioculturales y fomentando su desarrollo integral.<\/p>\n<h5 dir=\"ltr\">Perfil del egresado<\/h5>\n<p dir=\"ltr\">Al finalizar, ser\u00e1s un profesional capaz de:<\/p>\n<ul>\n<li dir=\"ltr\">\n<p dir=\"ltr\" role=\"presentation\">Dise\u00f1ar proyectos y actividades educativas, adaptadas a las necesidades de los ni\u00f1os.<\/p>\n<\/li>\n<li dir=\"ltr\">\n<p dir=\"ltr\" role=\"presentation\">Gestionar y evaluar procesos de ense\u00f1anza-aprendizaje en el aula.<\/p>\n<\/li>\n<li dir=\"ltr\">\n<p dir=\"ltr\" role=\"presentation\">Trabajar en equipo, promover la participaci\u00f3n y el compromiso dentro de la comunidad educativa.<\/p>\n<\/li>\n<li dir=\"ltr\">\n<p dir=\"ltr\" role=\"presentation\">Fomentar un ambiente de aprendizaje positivo y colaborativo.<\/p>\n<\/li>\n<\/ul>\n<h5 dir=\"ltr\" role=\"presentation\"><span style=\"font-size: revert;\">Objetivos de la formaci\u00f3n<\/span><\/h5>\n<ul>\n<li dir=\"ltr\">\n<p dir=\"ltr\" role=\"presentation\">Brindar bases te\u00f3ricas y pedag\u00f3gicas para comprender y mejorar la pr\u00e1ctica docente.<\/p>\n<\/li>\n<li dir=\"ltr\">\n<p dir=\"ltr\" role=\"presentation\">Promover la reflexi\u00f3n y el desarrollo profesional continuo.<\/p>\n<\/li>\n<li dir=\"ltr\">\n<p dir=\"ltr\" role=\"presentation\">Ofrecer herramientas para abordar la diversidad y las necesidades de los estudiantes.<\/p>\n<\/li>\n<li dir=\"ltr\">\n<p dir=\"ltr\" role=\"presentation\">Fomentar el trabajo colaborativo y la innovaci\u00f3n en el \u00e1mbito educativo.<\/p>\n<\/li>\n<\/ul>\n<\/div>\n<div dir=\"ltr\" align=\"center\">\n<table>\n<colgroup>\n<col width=\"667\"><\/colgroup>\n<tbody>\n<tr>\n<td>\n<h5 dir=\"ltr\" style=\"text-align: center;\"><a href=\"https:\/\/www.youtube.com\/channel\/UCssiPK2hjnybunF3nX6ClNA\/about\" target=\"_blank\" rel=\"noopener\" data-saferedirecturl=\"https:\/\/www.google.com\/url?q=https:\/\/www.youtube.com\/channel\/UCssiPK2hjnybunF3nX6ClNA\/about&amp;source=gmail&amp;ust=1747834777424000&amp;usg=AOvVaw0WWVGob7Tx3lg225gheuuQ\">Canal del CFPP de PEI en Youtube<\/a><\/h5>\n<\/td>\n<\/tr>\n<\/tbody>\n<\/table>\n<\/div>\n<p dir=\"ltr\">Este canal fue creado para difundir pr\u00e1cticas creativas, originales y enriquecedoras del Campo de Pr\u00e1cticas Profesionales del Profesorado de Nivel Inicial del ENS N\u00b0 4. El CFPP PEI viene llevando a cabo desde hace varios a\u00f1os acciones sostenidas como relator\u00edas, conversatorios, jornadas acad\u00e9micas, y presentaci\u00f3n de libros. Es tiempo de revalorizar al otro y descubrir su potencial, dar a conocer, compartir experiencias y pr\u00e1cticas para atravesar lo impredecible, que es tan caracter\u00edstico de la pr\u00e1ctica como de este tiempo, nos parece una apuesta generosa y nutritiva.<\/p>\n<p dir=\"ltr\">\u201cEn \u00e9pocas tan te\u00f1idas de individualismo y aislamiento, de competencia alentada y de desorientaci\u00f3n intencional, ser\u00eda sumamente enriquecedor que los docentes, los formadores y educadores en general, asumamos esta apuesta positiva hacia el otro\u2026 como estrategia para mostrar, convencer y probar que otras alternativas de v\u00ednculo social son posibles\u201d. Mancovsky V. (2000)<\/p>\n<div dir=\"ltr\" align=\"center\">\n<table>\n<colgroup>\n<col width=\"667\"><\/colgroup>\n<tbody>\n<tr>\n<td>\n<h5 dir=\"ltr\" style=\"text-align: center;\"><span style=\"font-family: Arial, sans-serif;\">E<\/span><span class=\"gmail_default\"><span style=\"font-family: Arial, sans-serif;\">nlaces<\/span><\/span><span class=\"gmail_default\">&nbsp;\u00fatiles<\/span><\/h5>\n<\/td>\n<\/tr>\n<\/tbody>\n<\/table>\n<\/div>\n<\/div>\n<div>\n<p dir=\"ltr\"><a href=\"https:\/\/mail.google.com\/mail\/u\/2\/#inbox\/FMfcgzQfCMpSwsPVZmFjfmJBTTdDrtlX?projector=1&amp;messagePartId=0.2\">Plan Curricular Institucional 2026 PEI<\/a><\/p>\n<p dir=\"ltr\"><a href=\"https:\/\/drive.google.com\/file\/d\/1ShSSjpojxAYJqnwJ2-21mS0Bg_fo41j8\/view?usp=sharing\" target=\"_blank\" rel=\"noopener\" data-saferedirecturl=\"https:\/\/www.google.com\/url?q=https:\/\/drive.google.com\/file\/d\/1ShSSjpojxAYJqnwJ2-21mS0Bg_fo41j8\/view?usp%3Dsharing&amp;source=gmail&amp;ust=1747834777425000&amp;usg=AOvVaw3l5TZrdu5Vq1-w-eRd_kxs\">Plan de estudios Profesorado de Educaci\u00f3n Inicial<\/a><\/p>\n<p dir=\"ltr\"><a href=\"https:\/\/drive.google.com\/file\/d\/1ghONEp6uEjBDYT6h3awixh-ptGOXVbZd\/view?usp=sharing\" target=\"_blank\" rel=\"noopener\" data-saferedirecturl=\"https:\/\/www.google.com\/url?q=https:\/\/drive.google.com\/file\/d\/1ghONEp6uEjBDYT6h3awixh-ptGOXVbZd\/view?usp%3Dsharing&amp;source=gmail&amp;ust=1747834777425000&amp;usg=AOvVaw2EkLGkIi1FiiP3rHTEKU6M\">Resoluci\u00f3n SSGECP Nro 489-2015 (de 2015 en adelante)<\/a><\/p>\n<p><span class=\"gmail_default\"><a href=\"https:\/\/drive.google.com\/file\/d\/1tWLTdKKvxriyYu8CT48GU1rf0nCog_m9\/view?usp=sharing\" target=\"_blank\" rel=\"noopener\" data-saferedirecturl=\"https:\/\/www.google.com\/url?q=https:\/\/drive.google.com\/file\/d\/1tWLTdKKvxriyYu8CT48GU1rf0nCog_m9\/view?usp%3Dsharing&amp;source=gmail&amp;ust=1747834777425000&amp;usg=AOvVaw3TBWfp0BxEtrLHegZJkhG_\">R\u00e9gimen de Promoci\u00f3n y Calificaci\u00f3n<\/a><\/span><\/p>\n<p dir=\"ltr\"><a href=\"https:\/\/drive.google.com\/file\/d\/1_E1l5eIFUIDMfcz5bjea4ippGa3mHine\/view?usp=sharing\" target=\"_blank\" rel=\"noopener\" data-saferedirecturl=\"https:\/\/www.google.com\/url?q=https:\/\/drive.google.com\/file\/d\/1_E1l5eIFUIDMfcz5bjea4ippGa3mHine\/view?usp%3Dsharing&amp;source=gmail&amp;ust=1747834777425000&amp;usg=AOvVaw32z1zlwMK4-rnXBM-JcfC6\">Correlativas<\/a><\/p>\n<p dir=\"ltr\"><a href=\"https:\/\/drive.google.com\/file\/d\/1NLkxBEfpiOp0xtcuubDUiq2JFINO1uEM\/view?usp=sharing\" target=\"_blank\" rel=\"noopener\" data-saferedirecturl=\"https:\/\/www.google.com\/url?q=https:\/\/drive.google.com\/file\/d\/1NLkxBEfpiOp0xtcuubDUiq2JFINO1uEM\/view?usp%3Dsharing&amp;source=gmail&amp;ust=1747834777425000&amp;usg=AOvVaw11d_sZHzuOcYmVr8cxcZk7\">Proyecto&nbsp;de Espacios de Definici\u00f3n Institucional<\/a><\/p>\n<p dir=\"ltr\"><a href=\"https:\/\/drive.google.com\/file\/d\/1PE-bhkD7SSiSuQyk6PYHVpWd-AJ6twKy\/view?usp=sharing\" target=\"_blank\" rel=\"noopener\" data-saferedirecturl=\"https:\/\/www.google.com\/url?q=https:\/\/drive.google.com\/file\/d\/1PE-bhkD7SSiSuQyk6PYHVpWd-AJ6twKy\/view?usp%3Dsharing&amp;source=gmail&amp;ust=1747834777425000&amp;usg=AOvVaw19mrDbTt-Im0cKjAHVHn_w\">\u00bfQu\u00e9 EDIS y LAE tengo que cursar?<\/a><\/p>\n<div dir=\"ltr\" align=\"center\">\n<table style=\"height: 62px;\" width=\"622\">\n<colgroup>\n<col width=\"667\"><\/colgroup>\n<tbody>\n<tr>\n<td>\n<h5 dir=\"ltr\" style=\"text-align: center;\">PLANES SIN VIGENCIA<\/h5>\n<p dir=\"ltr\">Profesorado de Educaci\u00f3n Preescolar&nbsp; &nbsp; &nbsp; &nbsp; &nbsp; &nbsp; &nbsp; &nbsp; &nbsp; &nbsp; &nbsp; &nbsp; &nbsp; &nbsp; &nbsp; &nbsp; &nbsp; &nbsp; &nbsp; &nbsp; &nbsp; &nbsp; &nbsp; &nbsp; &nbsp; &nbsp; &nbsp; &nbsp; &nbsp; &nbsp; &nbsp; &nbsp; &nbsp; &nbsp; &nbsp; &nbsp; &nbsp; &nbsp; &nbsp; &nbsp; &nbsp; &nbsp; &nbsp; &nbsp; &nbsp; &nbsp; &nbsp; &nbsp; &nbsp; &nbsp; &nbsp; &nbsp; &nbsp; &nbsp; &nbsp; &nbsp; &nbsp; &nbsp; &nbsp; &nbsp; &nbsp; &nbsp; &nbsp; &nbsp; &nbsp; &nbsp; &nbsp; &nbsp; &nbsp; &nbsp; &nbsp; &nbsp; &nbsp; &nbsp; &nbsp; Ingresantes 1974 al 2002: R.M. N\u00b0274\/74&nbsp; &nbsp; &nbsp; &nbsp; &nbsp; &nbsp; &nbsp; &nbsp; &nbsp; &nbsp; &nbsp; &nbsp; &nbsp; &nbsp; &nbsp; &nbsp; &nbsp; &nbsp; &nbsp; &nbsp; &nbsp; &nbsp; &nbsp; &nbsp; &nbsp; &nbsp; &nbsp; &nbsp; &nbsp; &nbsp; &nbsp; &nbsp; &nbsp; &nbsp; &nbsp; &nbsp; &nbsp; &nbsp; &nbsp; &nbsp; &nbsp; &nbsp; &nbsp; &nbsp; &nbsp; &nbsp; &nbsp; &nbsp; &nbsp; &nbsp; &nbsp; &nbsp; &nbsp; &nbsp; &nbsp; &nbsp; &nbsp; &nbsp; &nbsp; &nbsp; &nbsp; &nbsp; &nbsp; &nbsp; &nbsp; &nbsp; &nbsp; &nbsp; &nbsp; &nbsp; &nbsp; Profesorado de Educaci\u00f3n Inicial&nbsp; &nbsp; &nbsp; &nbsp; &nbsp; &nbsp; &nbsp; &nbsp; &nbsp; &nbsp; &nbsp; &nbsp; &nbsp; &nbsp; &nbsp; &nbsp; &nbsp; &nbsp; &nbsp; &nbsp; &nbsp; &nbsp; &nbsp; &nbsp; &nbsp; &nbsp; &nbsp; &nbsp; &nbsp; &nbsp; &nbsp; &nbsp; &nbsp; &nbsp; &nbsp; &nbsp; &nbsp; &nbsp; &nbsp; &nbsp; &nbsp; &nbsp; &nbsp; &nbsp; &nbsp; &nbsp; &nbsp; &nbsp; &nbsp; &nbsp; &nbsp; &nbsp; &nbsp; &nbsp; &nbsp; &nbsp; &nbsp; &nbsp; &nbsp; &nbsp; &nbsp; &nbsp; &nbsp; &nbsp; &nbsp; &nbsp; &nbsp; &nbsp; &nbsp; &nbsp; &nbsp; &nbsp; &nbsp; &nbsp; &nbsp; &nbsp; &nbsp; &nbsp; &nbsp; Ingresantes anteriores al 2009: R.M. N\u00b0271\/02 &#8211; N\u00b03638-SED-2002<\/p>\n<\/td>\n<\/tr>\n<\/tbody>\n<\/table>\n<\/div>\n<\/div>","protected":false},"excerpt":{"rendered":"<p>&#x1f4c6;HORARIOS 1er C.2026 &#x1f4c6; PROFESORADO DE EDUCACI\u00d3N INICIAL T\u00edtulo otorgado:&nbsp;Profesor\/a de Educaci\u00f3n InicialDuraci\u00f3n:&nbsp;4 a\u00f1os (3900 horas c\u00e1tedra)Modalidad:&nbsp;PresencialRequisito de ingreso:&nbsp;T\u00edtulo secundario completo \u00bfPor qu\u00e9 estudiar el Profesorado de Educaci\u00f3n Inicial? La carrera te prepara para ser un docente comprometido, capaz de dise\u00f1ar, gestionar y evaluar procesos de ense\u00f1anza en el Nivel Inicial. A lo largo de &#8230; <a title=\"Profesorado de Ed. Inicial\" class=\"read-more\" href=\"https:\/\/ens4-caba.infd.edu.ar\/sitio\/profesorado-de-educ-inicial\/\" aria-label=\"More on Profesorado de Ed. Inicial\">[+]<\/a><\/p>\n","protected":false},"author":2006,"featured_media":0,"parent":0,"menu_order":0,"comment_status":"closed","ping_status":"closed","template":"","meta":[],"acf":[],"_links":{"self":[{"href":"https:\/\/ens4-caba.infd.edu.ar\/sitio\/wp-json\/wp\/v2\/pages\/918"}],"collection":[{"href":"https:\/\/ens4-caba.infd.edu.ar\/sitio\/wp-json\/wp\/v2\/pages"}],"about":[{"href":"https:\/\/ens4-caba.infd.edu.ar\/sitio\/wp-json\/wp\/v2\/types\/page"}],"author":[{"embeddable":true,"href":"https:\/\/ens4-caba.infd.edu.ar\/sitio\/wp-json\/wp\/v2\/users\/2006"}],"replies":[{"embeddable":true,"href":"https:\/\/ens4-caba.infd.edu.ar\/sitio\/wp-json\/wp\/v2\/comments?post=918"}],"version-history":[{"count":31,"href":"https:\/\/ens4-caba.infd.edu.ar\/sitio\/wp-json\/wp\/v2\/pages\/918\/revisions"}],"predecessor-version":[{"id":3807,"href":"https:\/\/ens4-caba.infd.edu.ar\/sitio\/wp-json\/wp\/v2\/pages\/918\/revisions\/3807"}],"wp:attachment":[{"href":"https:\/\/ens4-caba.infd.edu.ar\/sitio\/wp-json\/wp\/v2\/media?parent=918"}],"curies":[{"name":"wp","href":"https:\/\/api.w.org\/{rel}","templated":true}]}}