{"id":913,"date":"2018-06-29T17:10:26","date_gmt":"2018-06-29T20:10:26","guid":{"rendered":"https:\/\/ens4-caba.infd.edu.ar\/sitio\/proyecto-escuela\/"},"modified":"2020-09-30T17:05:59","modified_gmt":"2020-09-30T20:05:59","slug":"proyecto-escuela","status":"publish","type":"page","link":"https:\/\/ens4-caba.infd.edu.ar\/sitio\/proyecto-escuela\/","title":{"rendered":"Proyecto Escuela"},"content":{"rendered":"<p style=\"text-align: center;\">\n<p style=\"text-align: center;\"><strong>\u00a0PROYECTO EDUCATIVO: <\/strong><\/p>\n<p><strong>\u00a0<\/strong><\/p>\n<p>La Escuela Normal Superior\u00a0 N\u00b0 4 \u201cEstanislao Zeballos\u201d fue fundada por Ley 5204 el 28 de diciembre de 1907. Est\u00e1 ubicada en el barrio de Caballito, el centro geogr\u00e1fico de la Ciudad Aut\u00f3noma de Buenos Aires. Esta caracter\u00edstica favorece, en gran medida dada la diversidad de medios la comunicaci\u00f3n de la escuela con distintos barrios de la Capital Federal y localidades de Partidos del Gran Buenos Aires que limitan con la Ciudad Aut\u00f3noma. Una matr\u00edcula escolar cercana a novecientos veinte estudiantes se refleja en su composici\u00f3n, en la elecci\u00f3n de la escuela y\u00a0 en la diversidad cultural del estudiantado.<\/p>\n<p>La escuela desarrolla el servicio educativo en cuatro niveles: inicial, primario, medio y terciario no universitario. El nivel medio est\u00e1 compuesto por treinta y siete cursos distribuidos: en el Ciclo B\u00e1sico Unificado (C.B.U.) y cuatro modalidades de Bachillerato en: Ciencias Biol\u00f3gicas, Letras, Pedag\u00f3gico y F\u00edsico-matem\u00e1tico.<\/p>\n<p><img decoding=\"async\" loading=\"lazy\" class=\"alignnone size-medium wp-image-2201\" src=\"https:\/\/ens4-caba.infd.edu.ar\/sitio\/wp-content\/uploads\/2020\/09\/IMG-20191121-WA0050-1000x563.jpg\" alt=\"\" width=\"1000\" height=\"563\" srcset=\"https:\/\/ens4-caba.infd.edu.ar\/sitio\/wp-content\/uploads\/2020\/09\/IMG-20191121-WA0050-1000x563.jpg 1000w, https:\/\/ens4-caba.infd.edu.ar\/sitio\/wp-content\/uploads\/2020\/09\/IMG-20191121-WA0050-768x432.jpg 768w, https:\/\/ens4-caba.infd.edu.ar\/sitio\/wp-content\/uploads\/2020\/09\/IMG-20191121-WA0050.jpg 1280w\" sizes=\"(max-width: 1000px) 100vw, 1000px\" \/><\/p>\n<p>&nbsp;<\/p>\n","protected":false},"excerpt":{"rendered":"<p>\u00a0PROYECTO EDUCATIVO: \u00a0 La Escuela Normal Superior\u00a0 N\u00b0 4 \u201cEstanislao Zeballos\u201d fue fundada por Ley 5204 el 28 de diciembre de 1907. Est\u00e1 ubicada en el barrio de Caballito, el centro geogr\u00e1fico de la Ciudad Aut\u00f3noma de Buenos Aires. Esta caracter\u00edstica favorece, en gran medida dada la diversidad de medios la comunicaci\u00f3n de la escuela &#8230; <a title=\"Proyecto Escuela\" class=\"read-more\" href=\"https:\/\/ens4-caba.infd.edu.ar\/sitio\/proyecto-escuela\/\" aria-label=\"More on Proyecto Escuela\">[+]<\/a><\/p>\n","protected":false},"author":2006,"featured_media":0,"parent":0,"menu_order":0,"comment_status":"closed","ping_status":"closed","template":"","meta":[],"acf":[],"_links":{"self":[{"href":"https:\/\/ens4-caba.infd.edu.ar\/sitio\/wp-json\/wp\/v2\/pages\/913"}],"collection":[{"href":"https:\/\/ens4-caba.infd.edu.ar\/sitio\/wp-json\/wp\/v2\/pages"}],"about":[{"href":"https:\/\/ens4-caba.infd.edu.ar\/sitio\/wp-json\/wp\/v2\/types\/page"}],"author":[{"embeddable":true,"href":"https:\/\/ens4-caba.infd.edu.ar\/sitio\/wp-json\/wp\/v2\/users\/2006"}],"replies":[{"embeddable":true,"href":"https:\/\/ens4-caba.infd.edu.ar\/sitio\/wp-json\/wp\/v2\/comments?post=913"}],"version-history":[{"count":1,"href":"https:\/\/ens4-caba.infd.edu.ar\/sitio\/wp-json\/wp\/v2\/pages\/913\/revisions"}],"predecessor-version":[{"id":2202,"href":"https:\/\/ens4-caba.infd.edu.ar\/sitio\/wp-json\/wp\/v2\/pages\/913\/revisions\/2202"}],"wp:attachment":[{"href":"https:\/\/ens4-caba.infd.edu.ar\/sitio\/wp-json\/wp\/v2\/media?parent=913"}],"curies":[{"name":"wp","href":"https:\/\/api.w.org\/{rel}","templated":true}]}}