{"id":893,"date":"2018-06-29T17:10:17","date_gmt":"2018-06-29T20:10:17","guid":{"rendered":"https:\/\/ens4-caba.infd.edu.ar\/sitio\/queres-conocer-nuestra-escuela\/"},"modified":"2025-07-07T09:35:56","modified_gmt":"2025-07-07T12:35:56","slug":"queres-conocer-nuestra-escuela","status":"publish","type":"page","link":"https:\/\/ens4-caba.infd.edu.ar\/sitio\/queres-conocer-nuestra-escuela\/","title":{"rendered":"Para contactar y conocer nuestra escuela"},"content":{"rendered":"<p><code><\/code><\/p>\n<p><strong>Direcci\u00f3n<\/strong><\/p>\n<p class=\"cvGsUA direction-ltr align-center para-style-body\"><span class=\"OYPEnA font-feature-liga-off font-feature-clig-off font-feature-calt-off text-decoration-none text-strikethrough-none\">Av. Rivadavia 4950. Caballito &#8211; Capital Federal &#8211; CABA<\/span><\/p>\n<p><strong>Correo institucional<\/strong><\/p>\n<p><a href=\"mailto:ens4@bue.edu.ar\">ens4@bue.edu.ar<\/a><\/p>\n<p><strong>Tel\u00e9fonos<\/strong><\/p>\n<p>4901-1582\u00a0\u00a0\/ 4901-9429 \/ 4902-8022\u00a0\u00a0\/ 4903-8445<\/p>\n<h6 style=\"text-align: center;\"><strong>CONTACTO DIRECTO DE CADA NIVEL EDUCATIVO<\/strong><\/h6>\n<p><strong>NIVEL INICIAL<\/strong><\/p>\n<p>Correo:\u00a0<a href=\"mailto:ens4_nidireccion@bue.edu.ar\">ens4_nidireccion@bue.edu.ar<\/a><\/p>\n<p><img decoding=\"async\" loading=\"lazy\" class=\"alignnone wp-image-1766\" src=\"https:\/\/ens4-caba.infd.edu.ar\/sitio\/wp-content\/uploads\/2019\/06\/Instagram.png\" alt=\"\" width=\"40\" height=\"40\" srcset=\"https:\/\/ens4-caba.infd.edu.ar\/sitio\/wp-content\/uploads\/2019\/06\/Instagram.png 512w, https:\/\/ens4-caba.infd.edu.ar\/sitio\/wp-content\/uploads\/2019\/06\/Instagram-500x500.png 500w\" sizes=\"(max-width: 40px) 100vw, 40px\" \/><a href=\"https:\/\/www.instagram.com\/ens4_nivelinicial\/?igshid=NTc4MTIwNjQ2YQ%3D%3D\">ens4_nivelinicial<\/a><\/p>\n<p><strong>NIVEL PRIMARIO<\/strong><\/p>\n<p>Correo:\u00a0<a href=\"mailto:ens4_npregencia@bue.edu.ar\">ens4_npregencia@bue.edu.ar<\/a><\/p>\n<p><img decoding=\"async\" loading=\"lazy\" class=\"alignnone wp-image-1766\" src=\"https:\/\/ens4-caba.infd.edu.ar\/sitio\/wp-content\/uploads\/2019\/06\/Instagram.png\" alt=\"\" width=\"40\" height=\"40\" srcset=\"https:\/\/ens4-caba.infd.edu.ar\/sitio\/wp-content\/uploads\/2019\/06\/Instagram.png 512w, https:\/\/ens4-caba.infd.edu.ar\/sitio\/wp-content\/uploads\/2019\/06\/Instagram-500x500.png 500w\" sizes=\"(max-width: 40px) 100vw, 40px\" \/><a href=\"https:\/\/www.instagram.com\/ens4_nivel_primario\/\">ens4_nivel_primario<\/a><\/p>\n<p><strong>NIVEL MEDIO<\/strong><\/p>\n<p><a href=\"https:\/\/edudigitalens4.wixsite.com\/home\">P\u00e1gina web<\/a><\/p>\n<p><img decoding=\"async\" loading=\"lazy\" class=\"alignnone wp-image-1766\" src=\"https:\/\/ens4-caba.infd.edu.ar\/sitio\/wp-content\/uploads\/2019\/06\/Instagram.png\" alt=\"\" width=\"40\" height=\"40\" srcset=\"https:\/\/ens4-caba.infd.edu.ar\/sitio\/wp-content\/uploads\/2019\/06\/Instagram.png 512w, https:\/\/ens4-caba.infd.edu.ar\/sitio\/wp-content\/uploads\/2019\/06\/Instagram-500x500.png 500w\" sizes=\"(max-width: 40px) 100vw, 40px\" \/><a href=\"https:\/\/www.instagram.com\/coope.normalcuatro\/\">ens4nivelmedio<\/a><\/p>\n<p>Correo direcci\u00f3n: <a href=\"oficina.alumnosnm@bue.edu.ar\">ens4.nmdireccion@bue.edu.ar<\/a><\/p>\n<p>Correo vicedirecci\u00f3n: <a href=\"mailto:ens4_vicedireccion@bue.edu.ar\"><span style=\"font-weight: 400;\">ens4_vicedireccion@bue.edu.ar<\/span><\/a><\/p>\n<p>Correo: <a href=\"oficina.alumnosnm@bue.edu.ar\">oficina.alumnosnm@bue.edu.ar<\/a> Consulta e inicio de tr\u00e1mites: t\u00edtulo en tr\u00e1mite, finalizaci\u00f3n, materias adeudadas, Planes Fines \u2013 Adultos 2000, otras. No se tramitan constancias de alumno regular, por este medio. Consultar con el preceptor del curso.<\/p>\n<p><strong>NIVEL TERCIARIO<\/strong><\/p>\n<p>Correo:\u00a0<a href=\"mailto:ens4_ntregencia@bue.edu.ar\">ens4_ntregencia@bue.edu.ar<\/a><\/p>\n<p>Correo:\u00a0<a href=\"mailto:ens4ntconsultasingreso@gmail.com\">ens4ntconsultasingreso@gmail.com<\/a>\u00a0para aspirantes a las carreras.<\/p>\n<p>Correo: <a href=\"ens4_bedelia@bue.edu.ar\">ens4_bedelia@bue.edu.ar<\/a>\u00a0para los estudiantes y egresados del Nivel.<\/p>\n<p><strong>ASOCIACI\u00d3N COOPERADORA<\/strong><\/p>\n<p><img decoding=\"async\" loading=\"lazy\" class=\"alignnone wp-image-1768\" src=\"https:\/\/ens4-caba.infd.edu.ar\/sitio\/wp-content\/uploads\/2019\/06\/facebook.jpg\" alt=\"\" width=\"55\" height=\"32\" srcset=\"https:\/\/ens4-caba.infd.edu.ar\/sitio\/wp-content\/uploads\/2019\/06\/facebook.jpg 900w, https:\/\/ens4-caba.infd.edu.ar\/sitio\/wp-content\/uploads\/2019\/06\/facebook-768x444.jpg 768w\" sizes=\"(max-width: 55px) 100vw, 55px\" \/>\u00a0 \u00a0 \u00a0<a href=\"http:\/\/facebook.com\/estanislao.zeballos.507\">Normal cuatro Estanislao Zeballos<\/a><\/p>\n<p><img decoding=\"async\" loading=\"lazy\" class=\"alignnone wp-image-1766\" src=\"https:\/\/ens4-caba.infd.edu.ar\/sitio\/wp-content\/uploads\/2019\/06\/Instagram.png\" alt=\"\" width=\"40\" height=\"40\" srcset=\"https:\/\/ens4-caba.infd.edu.ar\/sitio\/wp-content\/uploads\/2019\/06\/Instagram.png 512w, https:\/\/ens4-caba.infd.edu.ar\/sitio\/wp-content\/uploads\/2019\/06\/Instagram-500x500.png 500w\" sizes=\"(max-width: 40px) 100vw, 40px\" \/>\u00a0<a href=\"https:\/\/www.instagram.com\/coope.normalcuatro\/\">coope.normalcuatro<\/a><\/p>\n<p>Correo: <a href=\"cooperadora.ens4de8@bue.edu.ar\">cooperadora.ens4de8@bue.edu.ar<\/a><\/p>\n<p>Correo: <a href=\"mailto:coopnormal4@yahoo.com.ar\">coopnormal4@yahoo.com.ar<\/a><\/p>\n<p>Tel\u00e9fono:\u00a04902-2869<\/p>\n","protected":false},"excerpt":{"rendered":"<p>Direcci\u00f3n Av. Rivadavia 4950. Caballito &#8211; Capital Federal &#8211; CABA Correo institucional ens4@bue.edu.ar Tel\u00e9fonos 4901-1582\u00a0\u00a0\/ 4901-9429 \/ 4902-8022\u00a0\u00a0\/ 4903-8445 CONTACTO DIRECTO DE CADA NIVEL EDUCATIVO NIVEL INICIAL Correo:\u00a0ens4_nidireccion@bue.edu.ar ens4_nivelinicial NIVEL PRIMARIO Correo:\u00a0ens4_npregencia@bue.edu.ar ens4_nivel_primario NIVEL MEDIO P\u00e1gina web ens4nivelmedio Correo direcci\u00f3n: ens4.nmdireccion@bue.edu.ar Correo vicedirecci\u00f3n: ens4_vicedireccion@bue.edu.ar Correo: oficina.alumnosnm@bue.edu.ar Consulta e inicio de tr\u00e1mites: t\u00edtulo en tr\u00e1mite, finalizaci\u00f3n, &#8230; <a title=\"Para contactar y conocer nuestra escuela\" class=\"read-more\" href=\"https:\/\/ens4-caba.infd.edu.ar\/sitio\/queres-conocer-nuestra-escuela\/\" aria-label=\"More on Para contactar y conocer nuestra escuela\">[+]<\/a><\/p>\n","protected":false},"author":2006,"featured_media":0,"parent":0,"menu_order":0,"comment_status":"closed","ping_status":"closed","template":"","meta":[],"acf":[],"_links":{"self":[{"href":"https:\/\/ens4-caba.infd.edu.ar\/sitio\/wp-json\/wp\/v2\/pages\/893"}],"collection":[{"href":"https:\/\/ens4-caba.infd.edu.ar\/sitio\/wp-json\/wp\/v2\/pages"}],"about":[{"href":"https:\/\/ens4-caba.infd.edu.ar\/sitio\/wp-json\/wp\/v2\/types\/page"}],"author":[{"embeddable":true,"href":"https:\/\/ens4-caba.infd.edu.ar\/sitio\/wp-json\/wp\/v2\/users\/2006"}],"replies":[{"embeddable":true,"href":"https:\/\/ens4-caba.infd.edu.ar\/sitio\/wp-json\/wp\/v2\/comments?post=893"}],"version-history":[{"count":29,"href":"https:\/\/ens4-caba.infd.edu.ar\/sitio\/wp-json\/wp\/v2\/pages\/893\/revisions"}],"predecessor-version":[{"id":3604,"href":"https:\/\/ens4-caba.infd.edu.ar\/sitio\/wp-json\/wp\/v2\/pages\/893\/revisions\/3604"}],"wp:attachment":[{"href":"https:\/\/ens4-caba.infd.edu.ar\/sitio\/wp-json\/wp\/v2\/media?parent=893"}],"curies":[{"name":"wp","href":"https:\/\/api.w.org\/{rel}","templated":true}]}}