{"id":3813,"date":"2026-04-10T13:34:12","date_gmt":"2026-04-10T16:34:12","guid":{"rendered":"https:\/\/ens4-caba.infd.edu.ar\/sitio\/?page_id=3813"},"modified":"2026-04-10T13:40:34","modified_gmt":"2026-04-10T16:40:34","slug":"declaracion-jurada-en-linea","status":"publish","type":"page","link":"https:\/\/ens4-caba.infd.edu.ar\/sitio\/declaracion-jurada-en-linea\/","title":{"rendered":"Declaraci\u00f3n Jurada en L\u00ednea"},"content":{"rendered":"\n<p>Los enlaces para ingresar a las aplicaciones a trav\u00e9s del&nbsp;<strong>Sistema de Gesti\u00f3n Educativa&nbsp;<\/strong>y registrar los movimientos correspondientes son:<\/p>\n\n\n\n<p><img decoding=\"async\" loading=\"lazy\" width=\"5\" height=\"5\" src=\"https:\/\/ens7-caba.infd.edu.ar\/sitio\/declaracion-jurada-en-linea\/\"><strong>Acceso a Declaraci\u00f3n Jurada en L\u00ednea:&nbsp;<\/strong><a href=\"http:\/\/sistemas1.buenosaires.edu.ar\/wsad\/declaracion_jurada.php\">http:\/\/sistemas1.buenosaires.edu.ar\/wsad\/declaracion_jurada.php<\/a><\/p>\n\n\n\n<p><img decoding=\"async\" loading=\"lazy\" width=\"5\" height=\"5\" src=\"https:\/\/ens7-caba.infd.edu.ar\/sitio\/declaracion-jurada-en-linea\/\"><strong>Acceso a Formulario T Web:&nbsp;<\/strong><a href=\"http:\/\/sistemas1.buenosaires.edu.ar\/wsad\/\">http:\/\/sistemas1.buenosaires.edu.ar\/wsad\/<\/a><\/p>\n\n\n\n<hr class=\"wp-block-separator has-alpha-channel-opacity\"\/>\n\n\n\n<p><strong>MESAS DE AYUDA<\/strong><\/p>\n\n\n\n<p><strong>DECLARACI\u00d3N JURADA EN L\u00cdNEA (DJL)<\/strong><\/p>\n\n\n\n<p>Correo electr\u00f3nico:\u00a0<a href=\"mailto:consultas.djl@bue.edu.ar\">consultas.djl@bue.edu.ar<\/a>\u00a0<\/p>\n\n\n\n<p>Tel\u00e9fonos: 6076 6000 internos 4017\/4023\/4029\/4034<\/p>\n\n\n\n<p>D\u00edas y horarios de atenci\u00f3n: lunes a viernes de 08:00 a 20:00<\/p>\n","protected":false},"excerpt":{"rendered":"<p>Los enlaces para ingresar a las aplicaciones a trav\u00e9s del&nbsp;Sistema de Gesti\u00f3n Educativa&nbsp;y registrar los movimientos correspondientes son: Acceso a Declaraci\u00f3n Jurada en L\u00ednea:&nbsp;http:\/\/sistemas1.buenosaires.edu.ar\/wsad\/declaracion_jurada.php Acceso a Formulario T Web:&nbsp;http:\/\/sistemas1.buenosaires.edu.ar\/wsad\/ MESAS DE AYUDA DECLARACI\u00d3N JURADA EN L\u00cdNEA (DJL) Correo electr\u00f3nico:\u00a0consultas.djl@bue.edu.ar\u00a0 Tel\u00e9fonos: 6076 6000 internos 4017\/4023\/4029\/4034 D\u00edas y horarios de atenci\u00f3n: lunes a viernes de 08:00 a &#8230; <a title=\"Declaraci\u00f3n Jurada en L\u00ednea\" class=\"read-more\" href=\"https:\/\/ens4-caba.infd.edu.ar\/sitio\/declaracion-jurada-en-linea\/\" aria-label=\"More on Declaraci\u00f3n Jurada en L\u00ednea\">[+]<\/a><\/p>\n","protected":false},"author":2188,"featured_media":0,"parent":0,"menu_order":0,"comment_status":"closed","ping_status":"closed","template":"","meta":[],"acf":[],"_links":{"self":[{"href":"https:\/\/ens4-caba.infd.edu.ar\/sitio\/wp-json\/wp\/v2\/pages\/3813"}],"collection":[{"href":"https:\/\/ens4-caba.infd.edu.ar\/sitio\/wp-json\/wp\/v2\/pages"}],"about":[{"href":"https:\/\/ens4-caba.infd.edu.ar\/sitio\/wp-json\/wp\/v2\/types\/page"}],"author":[{"embeddable":true,"href":"https:\/\/ens4-caba.infd.edu.ar\/sitio\/wp-json\/wp\/v2\/users\/2188"}],"replies":[{"embeddable":true,"href":"https:\/\/ens4-caba.infd.edu.ar\/sitio\/wp-json\/wp\/v2\/comments?post=3813"}],"version-history":[{"count":3,"href":"https:\/\/ens4-caba.infd.edu.ar\/sitio\/wp-json\/wp\/v2\/pages\/3813\/revisions"}],"predecessor-version":[{"id":3821,"href":"https:\/\/ens4-caba.infd.edu.ar\/sitio\/wp-json\/wp\/v2\/pages\/3813\/revisions\/3821"}],"wp:attachment":[{"href":"https:\/\/ens4-caba.infd.edu.ar\/sitio\/wp-json\/wp\/v2\/media?parent=3813"}],"curies":[{"name":"wp","href":"https:\/\/api.w.org\/{rel}","templated":true}]}}