{"id":3505,"date":"2025-05-27T12:04:51","date_gmt":"2025-05-27T15:04:51","guid":{"rendered":"https:\/\/ens4-caba.infd.edu.ar\/sitio\/?page_id=3505"},"modified":"2025-05-27T12:04:54","modified_gmt":"2025-05-27T15:04:54","slug":"normativa","status":"publish","type":"page","link":"https:\/\/ens4-caba.infd.edu.ar\/sitio\/normativa\/","title":{"rendered":"Normativa"},"content":{"rendered":"\n<hr class=\"wp-block-separator has-alpha-channel-opacity\"\/>\n\n\n\n<p><a href=\"https:\/\/drive.google.com\/file\/d\/1kAKO6PMUb0OXxS-XcNyf5oIFhmi3zT29\/view?usp=sharing\" target=\"_blank\" rel=\"noreferrer noopener\">Reglamento Acad\u00e9mico Institucional (RAI) de la ENS N\u00b04<\/a><\/p>\n\n\n\n<p><a href=\"https:\/\/drive.google.com\/file\/d\/1hiVCH7wBxxQogq2OvyDmkVR7P3X56lJl\/view?usp=sharing\" target=\"_blank\" rel=\"noreferrer noopener\">Reglamento Org\u00e1nico Institucional (ROI) de la ENS N\u00b04<\/a><\/p>\n\n\n\n<p><a href=\"https:\/\/drive.google.com\/file\/d\/1ceUA1sXqLKDLNovtnu8d8NG_2rnxgemp\/view?usp=sharing\" target=\"_blank\" rel=\"noreferrer noopener\">Reglamento Org\u00e1nico Marco (ROM) de las Escuelas Normales Superiores<\/a><\/p>\n\n\n\n<p><a href=\"https:\/\/drive.google.com\/file\/d\/1tWLTdKKvxriyYu8CT48GU1rf0nCog_m9\/view?usp=sharing\" target=\"_blank\" rel=\"noreferrer noopener\">R\u00e9gimen de Calificaci\u00f3n y Promoci\u00f3n<\/a><\/p>\n\n\n\n<p><a href=\"https:\/\/drive.google.com\/file\/d\/1sUKTT2ZuDg9wl__ceVr79YQiJ1dou0wR\/view?usp=sharing\" target=\"_blank\" rel=\"noreferrer noopener\">Disposici\u00f3n N\u00b0313 Pases y Volantes<\/a><\/p>\n\n\n\n<p><a href=\"https:\/\/drive.google.com\/file\/d\/1IwFzSK-2jGFTT61x9V9-I9BDk_0FEhL7\/view?usp=sharing\" target=\"_blank\" rel=\"noreferrer noopener\">Resoluci\u00f3n 407<\/a><\/p>\n\n\n\n<p><a href=\"https:\/\/drive.google.com\/file\/d\/1KkEZQuYIzZAWfzwyYEn9tsQnK-mWVBnr\/view?usp=sharing\" target=\"_blank\" rel=\"noreferrer noopener\">Resoluci\u00f3n 307<\/a><\/p>\n\n\n\n<hr class=\"wp-block-separator has-alpha-channel-opacity\"\/>\n","protected":false},"excerpt":{"rendered":"<p>Reglamento Acad\u00e9mico Institucional (RAI) de la ENS N\u00b04 Reglamento Org\u00e1nico Institucional (ROI) de la ENS N\u00b04 Reglamento Org\u00e1nico Marco (ROM) de las Escuelas Normales Superiores R\u00e9gimen de Calificaci\u00f3n y Promoci\u00f3n Disposici\u00f3n N\u00b0313 Pases y Volantes Resoluci\u00f3n 407 Resoluci\u00f3n 307<\/p>\n","protected":false},"author":2188,"featured_media":0,"parent":0,"menu_order":0,"comment_status":"closed","ping_status":"closed","template":"","meta":[],"acf":[],"_links":{"self":[{"href":"https:\/\/ens4-caba.infd.edu.ar\/sitio\/wp-json\/wp\/v2\/pages\/3505"}],"collection":[{"href":"https:\/\/ens4-caba.infd.edu.ar\/sitio\/wp-json\/wp\/v2\/pages"}],"about":[{"href":"https:\/\/ens4-caba.infd.edu.ar\/sitio\/wp-json\/wp\/v2\/types\/page"}],"author":[{"embeddable":true,"href":"https:\/\/ens4-caba.infd.edu.ar\/sitio\/wp-json\/wp\/v2\/users\/2188"}],"replies":[{"embeddable":true,"href":"https:\/\/ens4-caba.infd.edu.ar\/sitio\/wp-json\/wp\/v2\/comments?post=3505"}],"version-history":[{"count":2,"href":"https:\/\/ens4-caba.infd.edu.ar\/sitio\/wp-json\/wp\/v2\/pages\/3505\/revisions"}],"predecessor-version":[{"id":3507,"href":"https:\/\/ens4-caba.infd.edu.ar\/sitio\/wp-json\/wp\/v2\/pages\/3505\/revisions\/3507"}],"wp:attachment":[{"href":"https:\/\/ens4-caba.infd.edu.ar\/sitio\/wp-json\/wp\/v2\/media?parent=3505"}],"curies":[{"name":"wp","href":"https:\/\/api.w.org\/{rel}","templated":true}]}}