{"id":3471,"date":"2025-05-23T11:49:57","date_gmt":"2025-05-23T14:49:57","guid":{"rendered":"https:\/\/ens4-caba.infd.edu.ar\/sitio\/?page_id=3471"},"modified":"2025-05-23T11:49:58","modified_gmt":"2025-05-23T14:49:58","slug":"centro-de-estudio-e-investigacion","status":"publish","type":"page","link":"https:\/\/ens4-caba.infd.edu.ar\/sitio\/centro-de-estudio-e-investigacion\/","title":{"rendered":"CENTRO DE ESTUDIO E INVESTIGACI\u00d3N"},"content":{"rendered":"\n<blockquote class=\"wp-block-quote has-text-align-right\">\n<p class=\"has-text-align-right\">\u201cSon los profesores quienes,<br>a fin de cuentas,<br>van a transformar el mundo de la escuela,<br>comprendi\u00e9ndolo\u201d<\/p>\n<cite>L. Stenhouse<\/cite><\/blockquote>\n\n\n<p>El Centro de Estudios e Investigaciones de la Escuela Normal Superior N\u00b04 (CEIENS4) recientemente creado nuclea diferentes l\u00edneas de trabajo con trayectoria reconocida en la instituci\u00f3n, afines a la generaci\u00f3n de conocimientos situados. Articulalos siguientes proyectos institucionales:<\/p>\n<ul>\n<li>Memoria y DDHH<\/li>\n<li>ESI- Museo y Archivo Hist\u00f3rico<\/li>\n<li>Proyecto 4&#215;4<\/li>\n<li>Investigaci\u00f3n en educaci\u00f3n<\/li>\n<li>Gesti\u00f3n de la informaci\u00f3n<\/li>\n<\/ul>\n<p>El CEI surge con el prop\u00f3sito de consolidar el valor de la tarea desarrollada a trav\u00e9s de cada una de estas l\u00edneas, y facilitar procesos de cooperaci\u00f3n y trabajo articulados en el marco de la unidad acad\u00e9mica compuesta por los cuatro niveles de la ENS4 y con otras instituciones formativas y entidades p\u00fablicas estatales vinculadas a la cultura y la educaci\u00f3n.<\/p>\n<p>Las propuestas y acciones del CEI tienen como protagonistas a docentes y estudiantes de los diferentes niveles de la instituci\u00f3n, en funci\u00f3n de su pertinencia y convocan tambi\u00e9n a actores externos con quienes se entablan lazos de labor conjunta.<\/p>\n<p style=\"text-align: right;\">Mail de contacto CEI ENS4: ens4.cei@bue.edu.ar<br \/>Coordinaci\u00f3n: Prof. Sof\u00eda Dono Rubio<\/p>\n<p>\u00a0<\/p>","protected":false},"excerpt":{"rendered":"<p>\u201cSon los profesores quienes,a fin de cuentas,van a transformar el mundo de la escuela,comprendi\u00e9ndolo\u201d L. Stenhouse El Centro de Estudios e Investigaciones de la Escuela Normal Superior N\u00b04 (CEIENS4) recientemente creado nuclea diferentes l\u00edneas de trabajo con trayectoria reconocida en la instituci\u00f3n, afines a la generaci\u00f3n de conocimientos situados. Articulalos siguientes proyectos institucionales: Memoria y &#8230; <a title=\"CENTRO DE ESTUDIO E INVESTIGACI\u00d3N\" class=\"read-more\" href=\"https:\/\/ens4-caba.infd.edu.ar\/sitio\/centro-de-estudio-e-investigacion\/\" aria-label=\"More on CENTRO DE ESTUDIO E INVESTIGACI\u00d3N\">[+]<\/a><\/p>\n","protected":false},"author":2188,"featured_media":0,"parent":0,"menu_order":0,"comment_status":"closed","ping_status":"closed","template":"","meta":[],"acf":[],"_links":{"self":[{"href":"https:\/\/ens4-caba.infd.edu.ar\/sitio\/wp-json\/wp\/v2\/pages\/3471"}],"collection":[{"href":"https:\/\/ens4-caba.infd.edu.ar\/sitio\/wp-json\/wp\/v2\/pages"}],"about":[{"href":"https:\/\/ens4-caba.infd.edu.ar\/sitio\/wp-json\/wp\/v2\/types\/page"}],"author":[{"embeddable":true,"href":"https:\/\/ens4-caba.infd.edu.ar\/sitio\/wp-json\/wp\/v2\/users\/2188"}],"replies":[{"embeddable":true,"href":"https:\/\/ens4-caba.infd.edu.ar\/sitio\/wp-json\/wp\/v2\/comments?post=3471"}],"version-history":[{"count":3,"href":"https:\/\/ens4-caba.infd.edu.ar\/sitio\/wp-json\/wp\/v2\/pages\/3471\/revisions"}],"predecessor-version":[{"id":3474,"href":"https:\/\/ens4-caba.infd.edu.ar\/sitio\/wp-json\/wp\/v2\/pages\/3471\/revisions\/3474"}],"wp:attachment":[{"href":"https:\/\/ens4-caba.infd.edu.ar\/sitio\/wp-json\/wp\/v2\/media?parent=3471"}],"curies":[{"name":"wp","href":"https:\/\/api.w.org\/{rel}","templated":true}]}}