{"id":3466,"date":"2025-04-22T15:48:25","date_gmt":"2025-04-22T18:48:25","guid":{"rendered":"https:\/\/ens4-caba.infd.edu.ar\/sitio\/?page_id=3466"},"modified":"2025-04-22T15:48:27","modified_gmt":"2025-04-22T18:48:27","slug":"guia-de-tramites","status":"publish","type":"page","link":"https:\/\/ens4-caba.infd.edu.ar\/sitio\/guia-de-tramites\/","title":{"rendered":"Gu\u00eda de tr\u00e1mites"},"content":{"rendered":"\n<p>Querido\/a\u00a0 estudiante, haciendo click sobre \u201c<a rel=\"noreferrer noopener\" href=\"https:\/\/docs.google.com\/spreadsheets\/d\/1-ItCJAwVAB1zhWn-fN4vLBKYqDvc5QDI5zolg2EzNgg\/edit?usp=sharing\" target=\"_blank\">GU\u00cdA DE TR\u00c1MITES<\/a>\u201d podr\u00e1s acceder a un archivo de excel que contiene todos los formularios actualizados de cada constancia y una breve descripci\u00f3n sobre c\u00f3mo y d\u00f3nde realizar cada tr\u00e1mite.\u00a0<\/p>\n\n\n\n<p>Record\u00e1 que tambi\u00e9n pod\u00e9s comprar las constancias en el centro de copiado del primer subsuelo.<\/p>\n","protected":false},"excerpt":{"rendered":"<p>Querido\/a\u00a0 estudiante, haciendo click sobre \u201cGU\u00cdA DE TR\u00c1MITES\u201d podr\u00e1s acceder a un archivo de excel que contiene todos los formularios actualizados de cada constancia y una breve descripci\u00f3n sobre c\u00f3mo y d\u00f3nde realizar cada tr\u00e1mite.\u00a0 Record\u00e1 que tambi\u00e9n pod\u00e9s comprar las constancias en el centro de copiado del primer subsuelo.<\/p>\n","protected":false},"author":2188,"featured_media":0,"parent":0,"menu_order":0,"comment_status":"closed","ping_status":"closed","template":"","meta":[],"acf":[],"_links":{"self":[{"href":"https:\/\/ens4-caba.infd.edu.ar\/sitio\/wp-json\/wp\/v2\/pages\/3466"}],"collection":[{"href":"https:\/\/ens4-caba.infd.edu.ar\/sitio\/wp-json\/wp\/v2\/pages"}],"about":[{"href":"https:\/\/ens4-caba.infd.edu.ar\/sitio\/wp-json\/wp\/v2\/types\/page"}],"author":[{"embeddable":true,"href":"https:\/\/ens4-caba.infd.edu.ar\/sitio\/wp-json\/wp\/v2\/users\/2188"}],"replies":[{"embeddable":true,"href":"https:\/\/ens4-caba.infd.edu.ar\/sitio\/wp-json\/wp\/v2\/comments?post=3466"}],"version-history":[{"count":1,"href":"https:\/\/ens4-caba.infd.edu.ar\/sitio\/wp-json\/wp\/v2\/pages\/3466\/revisions"}],"predecessor-version":[{"id":3467,"href":"https:\/\/ens4-caba.infd.edu.ar\/sitio\/wp-json\/wp\/v2\/pages\/3466\/revisions\/3467"}],"wp:attachment":[{"href":"https:\/\/ens4-caba.infd.edu.ar\/sitio\/wp-json\/wp\/v2\/media?parent=3466"}],"curies":[{"name":"wp","href":"https:\/\/api.w.org\/{rel}","templated":true}]}}