{"id":3451,"date":"2025-04-15T14:27:04","date_gmt":"2025-04-15T17:27:04","guid":{"rendered":"https:\/\/ens4-caba.infd.edu.ar\/sitio\/?page_id=3451"},"modified":"2025-09-15T19:41:16","modified_gmt":"2025-09-15T22:41:16","slug":"ingresantes","status":"publish","type":"page","link":"https:\/\/ens4-caba.infd.edu.ar\/sitio\/ingresantes\/","title":{"rendered":"Ingresantes"},"content":{"rendered":"\n<pre class=\"wp-block-preformatted has-base-2-color has-accent-background-color has-text-color has-background has-medium-font-size\" style=\"font-style:italic;font-weight:600\">\u00a1Hola! Bienvenida\/o\nEstamos muy contentos\/as que est\u00e9s interesado\/a en comenzar tu carrera en nuestra instituci\u00f3n.<\/pre>\n\n\n\n<p class=\"has-text-align-center\"><em>A continuaci\u00f3n te compartimos informaci\u00f3n importante:<\/em><\/p>\n\n\n\n<p>El Profesorado de Educaci\u00f3n Primaria y el Profesorado de Educaci\u00f3n Inicial son carreras de nivel superior con una duraci\u00f3n de 4 a\u00f1os y el plan de estudios est\u00e1 dividido en campos de formaci\u00f3n (general, espec\u00edfica y de las pr\u00e1cticas).<\/p>\n\n\n\n<p>En los siguientes enlaces pod\u00e9s consultar los planes de estudios vigentes:<\/p>\n\n\n\n<ul>\n<li><a href=\"https:\/\/drive.google.com\/file\/d\/1EhhU1ctsjzz2p1bwPE44MdXhfzKUkbso\/view?usp=sharing\" target=\"_blank\" rel=\"noreferrer noopener\">LINK plan de estudios Primaria<\/a><\/li>\n\n\n\n<li><a href=\"https:\/\/drive.google.com\/file\/d\/1ShSSjpojxAYJqnwJ2-21mS0Bg_fo41j8\/view?usp=sharing\" target=\"_blank\" rel=\"noreferrer noopener\">LINK plan de estudios Inicial<\/a><\/li>\n<\/ul>\n\n\n\n<p>La ENS N\u00b04 es una instituci\u00f3n de gesti\u00f3n p\u00fablica por lo que&nbsp;<strong>no se debe abonar matr\u00edcula, cuota o arancel<\/strong>&nbsp;para poder cursar, s\u00ed contamos con una&nbsp;<strong>cooperadora<\/strong>&nbsp;a la cual alentamos contribuir siempre que se encuentre dentro de las posibilidades econ\u00f3micas de cada alumno\/a.<\/p>\n\n\n\n<p>Las clases se dictan de manera&nbsp;<strong>presencial, de lunes a viernes,<\/strong>&nbsp;y los d\u00edas de cursada dependen de las materias a las que decidas matricularte. El horario de cursada del turno ma\u00f1ana es de 07:50 a 12:45, y el del turno tarde de 13:15 a 18:10.<\/p>\n\n\n\n<p>Contamos con&nbsp;dos per\u00edodos de inscripci\u00f3n:<\/p>\n\n\n\n<ul>\n<li>De octubre a diciembre para comenzar en el 1\u00b0 cuatrimestre (Marzo).<\/li>\n\n\n\n<li>De junio a julio para comenzar en el 2\u00b0 cuatrimestre (Agosto).<\/li>\n<\/ul>\n\n\n\n<p>Te compartimos el instructivo para que puedas realizar la inscripci\u00f3n a la carrera<\/p>\n\n\n\n<ul>\n<li><a href=\"https:\/\/docs.google.com\/document\/d\/1hj9GLEPUW2gzP4v5fO9fs6abTqcCwbOBMA6fBsBd7aQ\/edit?usp=sharing\" target=\"_blank\" rel=\"noreferrer noopener\">INSTRUCTIVO DE INSCRIPCI\u00d3N<\/a><\/li>\n<\/ul>\n\n\n\n<p>Desde los siguientes links pod\u00e9s descargar los formularios solicitados para el legajo.<\/p>\n\n\n\n<ul>\n<li>Planilla solicitud de inscripci\u00f3n a la carrera. Click:&nbsp;<a rel=\"noreferrer noopener\" href=\"https:\/\/drive.google.com\/file\/d\/1fJeZsVRcM6DE8HTv1jmOGi0XcdvffbsU\/view?usp=sharing\" target=\"_blank\">AC\u00c1<\/a><\/li>\n\n\n\n<li>Ficha de Salud. Click: <a href=\"https:\/\/docs.google.com\/document\/d\/1BAwUGDsHJCz2SlegyyVE5OxYrqecJLpfhJ4QUtrKJ6c\/edit\" target=\"_blank\" rel=\"noreferrer noopener\">AC\u00c1<\/a><\/li>\n\n\n\n<li>Formulario KTA1 (para inscriptos al 1\u00b0cuatrimestre) Click:<a href=\"https:\/\/docs.google.com\/document\/d\/1fENDMFnmIafQZZP32SiJ9ZUos94JDGqp_J1ze8acA4c\/edit?usp=sharing\" target=\"_blank\" rel=\"noreferrer noopener\"> AC\u00c1<\/a><\/li>\n\n\n\n<li>Formulario KTA2 (para inscriptos al 2\u00b0cuatrimestre) Click: <a href=\"https:\/\/docs.google.com\/document\/d\/1arKw6rpy_9e6bqokGEiKp_cGBsUZJ77TCLveqjI0gnI\/edit\" target=\"_blank\" rel=\"noreferrer noopener\">AC\u00c1<\/a><\/li>\n<\/ul>\n","protected":false},"excerpt":{"rendered":"<p>\u00a1Hola! Bienvenida\/o Estamos muy contentos\/as que est\u00e9s interesado\/a en comenzar tu carrera en nuestra instituci\u00f3n. A continuaci\u00f3n te compartimos informaci\u00f3n importante: El Profesorado de Educaci\u00f3n Primaria y el Profesorado de Educaci\u00f3n Inicial son carreras de nivel superior con una duraci\u00f3n de 4 a\u00f1os y el plan de estudios est\u00e1 dividido en campos de formaci\u00f3n (general, &#8230; <a title=\"Ingresantes\" class=\"read-more\" href=\"https:\/\/ens4-caba.infd.edu.ar\/sitio\/ingresantes\/\" aria-label=\"More on Ingresantes\">[+]<\/a><\/p>\n","protected":false},"author":2188,"featured_media":0,"parent":0,"menu_order":0,"comment_status":"closed","ping_status":"closed","template":"","meta":[],"acf":[],"_links":{"self":[{"href":"https:\/\/ens4-caba.infd.edu.ar\/sitio\/wp-json\/wp\/v2\/pages\/3451"}],"collection":[{"href":"https:\/\/ens4-caba.infd.edu.ar\/sitio\/wp-json\/wp\/v2\/pages"}],"about":[{"href":"https:\/\/ens4-caba.infd.edu.ar\/sitio\/wp-json\/wp\/v2\/types\/page"}],"author":[{"embeddable":true,"href":"https:\/\/ens4-caba.infd.edu.ar\/sitio\/wp-json\/wp\/v2\/users\/2188"}],"replies":[{"embeddable":true,"href":"https:\/\/ens4-caba.infd.edu.ar\/sitio\/wp-json\/wp\/v2\/comments?post=3451"}],"version-history":[{"count":6,"href":"https:\/\/ens4-caba.infd.edu.ar\/sitio\/wp-json\/wp\/v2\/pages\/3451\/revisions"}],"predecessor-version":[{"id":3517,"href":"https:\/\/ens4-caba.infd.edu.ar\/sitio\/wp-json\/wp\/v2\/pages\/3451\/revisions\/3517"}],"wp:attachment":[{"href":"https:\/\/ens4-caba.infd.edu.ar\/sitio\/wp-json\/wp\/v2\/media?parent=3451"}],"curies":[{"name":"wp","href":"https:\/\/api.w.org\/{rel}","templated":true}]}}