{"id":3434,"date":"2025-04-15T14:05:10","date_gmt":"2025-04-15T17:05:10","guid":{"rendered":"https:\/\/ens4-caba.infd.edu.ar\/sitio\/?page_id=3434"},"modified":"2026-03-06T11:07:06","modified_gmt":"2026-03-06T14:07:06","slug":"pases-y-volantes","status":"publish","type":"page","link":"https:\/\/ens4-caba.infd.edu.ar\/sitio\/pases-y-volantes\/","title":{"rendered":"Pases y Volantes"},"content":{"rendered":"\n<p><strong>Todos los tr\u00e1mites de PASES Y VOLANTES&nbsp;<\/strong><strong>s\u00f3lo<\/strong><strong>&nbsp;pueden hacerse entre las siguientes instituciones:<\/strong><\/p>\n\n\n\n<ul>\n<li>ENS N\u00b0 1 en Lenguas Vivas \u00abPte. Roque S\u00e1enz Pe\u00f1a\u00bb<\/li>\n\n\n\n<li>ENS N\u00b0 2 en Lenguas Vivas \u00abMariano Acosta\u00bb<\/li>\n\n\n\n<li>ENS N\u00b0 3 \u00abBernardino Rivadavia\u00bb. Anexo<\/li>\n\n\n\n<li>ENS N\u00b0 5 \u00abMart\u00edn Miguel de G\u00fcemes\u00bb. Anexo<\/li>\n\n\n\n<li>ENS N\u00b0 6 \u00abVicente L\u00f3pez y Planes\u00bb<\/li>\n\n\n\n<li>ENS N\u00b0 7 \u00abJos\u00e9 Mar\u00eda Torres\u00bb<\/li>\n\n\n\n<li>ENS N\u00b0 8 \u00abPresidente Julio Argentino Roca\u00bb. Anexo<\/li>\n\n\n\n<li>ENS N\u00b0 9 \u00abDomingo Faustino Sarmiento\u00bb<\/li>\n\n\n\n<li>ENS N\u00b0 10 \u00abJuan Bautista Alberdi\u00bb<\/li>\n\n\n\n<li>ENS N\u00b0 11 \u00abDr. Ricardo Levene\u00bb<\/li>\n\n\n\n<li>I.E.S. \u00abJuan B. Justo\u00bb<\/li>\n\n\n\n<li>ISPEI \u00abSara C. de Eccleston\u00bb<\/li>\n<\/ul>\n\n\n\n<p><a rel=\"noreferrer noopener\" href=\"https:\/\/docs.google.com\/spreadsheets\/d\/1epKsvSuxt9D9Ch7b-hEsXmCIY-O79aOctZB-pAZPokc\/edit?usp=sharing\" target=\"_blank\">CLICK AC\u00c1 PARA CONSEGUIR LOS&nbsp;FORMULARIOS&nbsp;DE&nbsp;PASES Y VOLANTES<\/a><\/p>\n\n\n\n<h2 class=\"wp-block-heading has-text-align-center has-contrast-3-background-color has-background has-medium-font-size\">PASES<\/h2>\n\n\n\n<pre class=\"wp-block-preformatted has-text-color has-medium-font-size\" style=\"color:#cf0000\"><strong>Estudiante regular de otra instituci\u00f3n que desea ser estudiante regular de la ENS N\u00b04<\/strong><\/pre>\n\n\n\n<p><em>Para realizar el PASE definitivo a esta instituci\u00f3n:<\/em><\/p>\n\n\n\n<p>Deber\u00e1n presentarse el d\u00eda establecido para&nbsp;pases&nbsp;y volantes por calendario acad\u00e9mico de la ENS N\u00b04.<\/p>\n\n\n\n<ul>\n<li>Estudiantes que necesitan cursar instancias curriculares que se dictan en turno ma\u00f1ana deber\u00e1n presentarse de 08:00 a 08:30hs.<\/li>\n\n\n\n<li>Estudiantes que necesitan cursar instancias curriculares que se dictan en turno tarde deber\u00e1n presentarse de 13:30 a 14:00hs.<\/li>\n<\/ul>\n\n\n\n<p><strong>Documentaci\u00f3n obligatoria a presentar en el momento de la inscripci\u00f3n:<\/strong><\/p>\n\n\n\n<ol>\n<li>Ficha acad\u00e9mica de la escuela de origen.<\/li>\n\n\n\n<li>Foto 4&#215;4.<\/li>\n\n\n\n<li>Original y fotocopia de partida de nacimiento.<\/li>\n\n\n\n<li>Original y fotocopia de DNI.<\/li>\n\n\n\n<li>Original y fotocopia de t\u00edtulo secundario.<\/li>\n\n\n\n<li>Folio tama\u00f1o oficio.<\/li>\n\n\n\n<li>Formulario N completo.<\/li>\n\n\n\n<li>Ficha de inscripci\u00f3n a la carrera (Formulario 5 para PEI; Formulario 6 para PEP)<\/li>\n<\/ol>\n\n\n\n<p><em>*Los formularios se pueden descargar desde la web o comprar en la fotocopiadora de la instituci\u00f3n, el bono de ficha acad\u00e9mica se compra en cooperadora o en fotocopiadora.<\/em><\/p>\n\n\n\n<pre class=\"wp-block-preformatted has-text-color has-medium-font-size\" style=\"color:#cf0000\"><strong>Estudiante regular de la ENS N\u00b04 que desea ser estudiante regular de otra instituci\u00f3n<\/strong><\/pre>\n\n\n\n<p><em>Para realizar el PASE definitivo de esta instituci\u00f3n a otra necesit\u00e1s:<\/em><\/p>\n\n\n\n<ol>\n<li>Solicitar en Cooperadora<strong> Bono de Ficha Acad\u00e9mica<\/strong> y entregarlo en Bedel\u00eda de la ENS 4.&nbsp;<\/li>\n\n\n\n<li>Retirar la Ficha Acad\u00e9mica en Bedel\u00eda de la ENS 4 y Ilevarla a la instituci\u00f3n de destino elegida para solicitar la vacante.<\/li>\n\n\n\n<li>La instituci\u00f3n de destino elegida deber\u00e1 emitir una <strong>Constancia de Vacante<\/strong> para ser entregada en la ENS 4.<\/li>\n\n\n\n<li>Concurrir a la ENS 4 con la <strong>Constancia de Vacante y Formularios L y M completos, y DNI.<\/strong><\/li>\n<\/ol>\n\n\n\n<p>&nbsp;&nbsp;&nbsp;&nbsp;&nbsp;&nbsp;&nbsp;&nbsp;&nbsp;&nbsp;&nbsp;&nbsp;* El tr\u00e1mite es personal y presencial ya que deben hacer vista de su libro matriz donde consta su situaci\u00f3n acad\u00e9mica. Recomendamos venir con tiempo.<\/p>\n\n\n\n<p><em>*Los formularios se pueden descargar desde la web o comprar en la fotocopiadora de la instituci\u00f3n, el bono de ficha acad\u00e9mica se compra en cooperadora o en fotocopiadora.<\/em><\/p>\n\n\n\n<p><\/p>\n\n\n\n<h2 class=\"wp-block-heading has-text-align-center has-contrast-3-background-color has-background has-medium-font-size\"><strong>VOLANTES<\/strong><\/h2>\n\n\n\n<pre class=\"wp-block-preformatted has-text-color has-medium-font-size\" style=\"color:#cf0000\"><strong>Estudiante regular de la ENS N\u00b04 que desea ser volante en otra instituci\u00f3n<\/strong><\/pre>\n\n\n\n<figure class=\"wp-block-table\"><table><tbody><tr><td>1) Completar el formulario de google para solicitar la emisi\u00f3n de la autorizaci\u00f3n y una ficha acad\u00e9mica: <a rel=\"noreferrer noopener\" href=\"https:\/\/forms.gle\/eHPg2ZkcHv2hvWHL7\" target=\"_blank\">https:\/\/forms.gle\/eHPg2ZkcHv2hvWHL7<\/a><br>*Este formulario se abre en fechas espec\u00edficas antes del comienzo de cada cuatrimestre y se publica en el campus de alumnos. Recuerde que en caso de argumentar razones laborales deber\u00e1 adjuntar constancia de trabajo.<br>2) Solicitar en Cooperadora\/Fotocopiadora Bono de Ficha Acad\u00e9mica para entregarlo al retirar la autorizaci\u00f3n.<br>3) Retirar la Ficha Acad\u00e9mica y la Autorizaci\u00f3n por bedel\u00eda.<br>4) La Ficha Acad\u00e9mica y la autorizaci\u00f3n firmadas y selladas deben ser llevadas a la instituci\u00f3n de destino elegida a fin de poder concretar la solicitud.<br>5) La instituci\u00f3n de destino elegida debe firmar y sellar la parte inferior troquelada de la Constancia de Autorizaci\u00f3n Volante a modo de comprobante de vacante, dicho tal\u00f3n debe entregarse en la bedel\u00eda de la ENS 4.<br>6) Obtenida una calificaci\u00f3n final y definitiva, y habiendo aprobado la instancia curricular en forma completa, se deber\u00e1 solicitar en la instituci\u00f3n de destino elegida la constancia de aprobaci\u00f3n de materias como volante, y luego entregarla en la bedel\u00eda de la ENS 4.<\/td><\/tr><\/tbody><\/table><\/figure>\n\n\n\n<pre class=\"wp-block-preformatted has-text-color has-medium-font-size\" style=\"color:#c90505\"><strong>Estudiante regular de otra instituci\u00f3n que desea ser volante en la ENS N\u00b04<\/strong><\/pre>\n\n\n\n<figure class=\"wp-block-table\"><table><tbody><tr><td><em>Para cursar como alumno volante en esta instituci\u00f3n:<\/em><br>Deber\u00e1n presentarse el d\u00eda establecido para pases y volantes por calendario acad\u00e9mico de la ENS N\u00b04.<br>\u2013 Estudiantes que necesitan cursar instancias curriculares que se dictan en turno ma\u00f1ana deber\u00e1n presentarse de 08:30 a 11:30hs.<br>\u2013 Estudiantes que necesitan cursar instancias curriculares que se dictan en turno tarde deber\u00e1n presentarse de 14:00 a 16:00hs.<br><br><strong>Documentaci\u00f3n obligatoria a presentar en el momento de la inscripci\u00f3n:<\/strong><br>1) Ficha acad\u00e9mica de la instituci\u00f3n de origen.<br>2) Autorizaci\u00f3n de la instituci\u00f3n de origen con firma y sello.<br><br><br>Aprobada la instancia curricular, el estudiante deber\u00e1 acercarse a Bedel\u00eda con Formulario E y Bono de ficha acad\u00e9mica para tramitar la constancia de aprobaci\u00f3n como volante y luego retirarla a partir de las 72hs.<br><br><em>*Los formularios se pueden descargar desde la web o comprar en la fotocopiadora de la instituci\u00f3n, el bono de ficha acad\u00e9mica se compra en cooperadora o en fotocopiadora<\/em><\/td><\/tr><\/tbody><\/table><\/figure>\n\n\n\n<h2 class=\"wp-block-heading has-text-align-center\">&#x1f4c6; <a href=\"https:\/\/docs.google.com\/spreadsheets\/d\/1RQocw6sVbhR6qNMDN6fN3uVb81NL3AxpgLbql-8b5Pw\/edit?gid=362777665#gid=362777665\">HORARIOS 1er C. 2026<\/a> &#x1f4c6;<\/h2>\n","protected":false},"excerpt":{"rendered":"<p>Todos los tr\u00e1mites de PASES Y VOLANTES&nbsp;s\u00f3lo&nbsp;pueden hacerse entre las siguientes instituciones: CLICK AC\u00c1 PARA CONSEGUIR LOS&nbsp;FORMULARIOS&nbsp;DE&nbsp;PASES Y VOLANTES PASES Estudiante regular de otra instituci\u00f3n que desea ser estudiante regular de la ENS N\u00b04 Para realizar el PASE definitivo a esta instituci\u00f3n: Deber\u00e1n presentarse el d\u00eda establecido para&nbsp;pases&nbsp;y volantes por calendario acad\u00e9mico de la ENS &#8230; <a title=\"Pases y Volantes\" class=\"read-more\" href=\"https:\/\/ens4-caba.infd.edu.ar\/sitio\/pases-y-volantes\/\" aria-label=\"More on Pases y Volantes\">[+]<\/a><\/p>\n","protected":false},"author":2188,"featured_media":0,"parent":0,"menu_order":0,"comment_status":"closed","ping_status":"closed","template":"","meta":[],"acf":[],"_links":{"self":[{"href":"https:\/\/ens4-caba.infd.edu.ar\/sitio\/wp-json\/wp\/v2\/pages\/3434"}],"collection":[{"href":"https:\/\/ens4-caba.infd.edu.ar\/sitio\/wp-json\/wp\/v2\/pages"}],"about":[{"href":"https:\/\/ens4-caba.infd.edu.ar\/sitio\/wp-json\/wp\/v2\/types\/page"}],"author":[{"embeddable":true,"href":"https:\/\/ens4-caba.infd.edu.ar\/sitio\/wp-json\/wp\/v2\/users\/2188"}],"replies":[{"embeddable":true,"href":"https:\/\/ens4-caba.infd.edu.ar\/sitio\/wp-json\/wp\/v2\/comments?post=3434"}],"version-history":[{"count":15,"href":"https:\/\/ens4-caba.infd.edu.ar\/sitio\/wp-json\/wp\/v2\/pages\/3434\/revisions"}],"predecessor-version":[{"id":3797,"href":"https:\/\/ens4-caba.infd.edu.ar\/sitio\/wp-json\/wp\/v2\/pages\/3434\/revisions\/3797"}],"wp:attachment":[{"href":"https:\/\/ens4-caba.infd.edu.ar\/sitio\/wp-json\/wp\/v2\/media?parent=3434"}],"curies":[{"name":"wp","href":"https:\/\/api.w.org\/{rel}","templated":true}]}}