{"id":3261,"date":"2024-04-25T18:58:35","date_gmt":"2024-04-25T21:58:35","guid":{"rendered":"https:\/\/ens4-caba.infd.edu.ar\/sitio\/?page_id=3261"},"modified":"2026-02-27T14:58:45","modified_gmt":"2026-02-27T17:58:45","slug":"acceso-siu-guarani","status":"publish","type":"page","link":"https:\/\/ens4-caba.infd.edu.ar\/sitio\/acceso-siu-guarani\/","title":{"rendered":"Acceso SIU-GUARAN\u00cd"},"content":{"rendered":"\n<p>El SIU Guaran\u00ed en las escuelas terciarias de Ciudad, es un sistema que permite:<\/p>\n\n\n\n<ul>\n<li>A estudiantes&nbsp;inscribirse de manera remota a cursadas, ex\u00e1menes, consultar sus calificaciones, estado de inscripciones, horarios de las materias y m\u00e1s, desde cualquier dispositivo.<\/li>\n<\/ul>\n\n\n\n<ul>\n<li>A docentes pueden llevar registros de asistencia, de calificaciones parciales y finales y adem\u00e1s consultar datos de inscripciones.&nbsp;<\/li>\n<\/ul>\n\n\n\n<p><strong>Para ingresar a SIU Guaran\u00ed, tanto estudiantes como docentes, deben:<\/strong><\/p>\n\n\n\n<ol>\n<li>Ingresar a&nbsp;<a href=\"https:\/\/guarani-autogestionfdocente.bue.edu.ar\/\" target=\"_blank\" rel=\"noreferrer noopener\">https:\/\/guarani-autogestionfdocente.bue.edu.ar\/<\/a><\/li>\n\n\n\n<li>Completar el usuario con el n\u00famero del DNI<\/li>\n\n\n\n<li>Completar la contrase\u00f1a con la que fue creada al hacer el primer ingreso.<\/li>\n<\/ol>\n\n\n\n<p><strong>Si es la primera vez que ingresas en SIU Guaran\u00ed:<\/strong><\/p>\n\n\n\n<p>(previo a este paso deben haber acudido a la bedel\u00eda por el alta del usuario).<\/p>\n\n\n\n<ol>\n<li>Ingresar a&nbsp;<a href=\"https:\/\/guarani-autogestionfdocente.bue.edu.ar\/\" target=\"_blank\" rel=\"noreferrer noopener\">https:\/\/guarani-autogestionfdocente.bue.edu.ar\/<\/a><\/li>\n\n\n\n<li>En el primer&nbsp;ingreso&nbsp;deben marcar&nbsp;&nbsp;<a href=\"https:\/\/guarani-autogestionfdocente.bue.edu.ar\/acceso\/recuperar\" target=\"_blank\" rel=\"noreferrer noopener\">\u00bfOlvidaste tu contrase\u00f1a o sos un usuario nuevo?<\/a>&nbsp;All\u00ed les pedir\u00e1 que completen su n\u00famero de DNI y les llegar\u00e1 un mail para generar la contrase\u00f1a.<\/li>\n\n\n\n<li>Gestionada la contrase\u00f1a vuelven a ingresar al sistema y les pedimos que corroboren:&nbsp; &nbsp; &nbsp; &nbsp; &nbsp; &nbsp; &nbsp; &nbsp;&nbsp;<\/li>\n<\/ol>\n\n\n\n<p>a. Las materias y comisiones que figuran en su perfil. Que sean las que ustedes dictan y no les falte ninguna comisi\u00f3n.&nbsp;<\/p>\n\n\n\n<p>b. El listado de estudiantes. No puede haber ning\u00fan estudiante cursando que no se encuentre en el listado del sistema&nbsp;SIU.<\/p>\n\n\n\n<p><\/p>\n","protected":false},"excerpt":{"rendered":"<p>El SIU Guaran\u00ed en las escuelas terciarias de Ciudad, es un sistema que permite: Para ingresar a SIU Guaran\u00ed, tanto estudiantes como docentes, deben: Si es la primera vez que ingresas en SIU Guaran\u00ed: (previo a este paso deben haber acudido a la bedel\u00eda por el alta del usuario). a. Las materias y comisiones que &#8230; <a title=\"Acceso SIU-GUARAN\u00cd\" class=\"read-more\" href=\"https:\/\/ens4-caba.infd.edu.ar\/sitio\/acceso-siu-guarani\/\" aria-label=\"More on Acceso SIU-GUARAN\u00cd\">[+]<\/a><\/p>\n","protected":false},"author":2188,"featured_media":0,"parent":0,"menu_order":0,"comment_status":"closed","ping_status":"closed","template":"","meta":[],"acf":[],"_links":{"self":[{"href":"https:\/\/ens4-caba.infd.edu.ar\/sitio\/wp-json\/wp\/v2\/pages\/3261"}],"collection":[{"href":"https:\/\/ens4-caba.infd.edu.ar\/sitio\/wp-json\/wp\/v2\/pages"}],"about":[{"href":"https:\/\/ens4-caba.infd.edu.ar\/sitio\/wp-json\/wp\/v2\/types\/page"}],"author":[{"embeddable":true,"href":"https:\/\/ens4-caba.infd.edu.ar\/sitio\/wp-json\/wp\/v2\/users\/2188"}],"replies":[{"embeddable":true,"href":"https:\/\/ens4-caba.infd.edu.ar\/sitio\/wp-json\/wp\/v2\/comments?post=3261"}],"version-history":[{"count":4,"href":"https:\/\/ens4-caba.infd.edu.ar\/sitio\/wp-json\/wp\/v2\/pages\/3261\/revisions"}],"predecessor-version":[{"id":3788,"href":"https:\/\/ens4-caba.infd.edu.ar\/sitio\/wp-json\/wp\/v2\/pages\/3261\/revisions\/3788"}],"wp:attachment":[{"href":"https:\/\/ens4-caba.infd.edu.ar\/sitio\/wp-json\/wp\/v2\/media?parent=3261"}],"curies":[{"name":"wp","href":"https:\/\/api.w.org\/{rel}","templated":true}]}}