{"id":2945,"date":"2023-04-26T10:38:44","date_gmt":"2023-04-26T13:38:44","guid":{"rendered":"https:\/\/ens4-caba.infd.edu.ar\/sitio\/?page_id=2945"},"modified":"2023-06-14T10:47:26","modified_gmt":"2023-06-14T13:47:26","slug":"novedades-coope-2023","status":"publish","type":"page","link":"https:\/\/ens4-caba.infd.edu.ar\/sitio\/novedades-coope-2023\/","title":{"rendered":"Novedades coope 2023"},"content":{"rendered":"\n<div class=\"wp-block-group is-layout-constrained\"><div class=\"wp-block-group__inner-container\"><div class=\"wp-block-image\">\n<figure class=\"aligncenter size-full\"><img decoding=\"async\" loading=\"lazy\" width=\"1080\" height=\"1080\" src=\"https:\/\/ens4-caba.infd.edu.ar\/sitio\/wp-content\/uploads\/2023\/06\/WhatsApp-Image-2023-06-09-at-13.12.58-1.jpeg\" alt=\"\" class=\"wp-image-3073\" srcset=\"https:\/\/ens4-caba.infd.edu.ar\/sitio\/wp-content\/uploads\/2023\/06\/WhatsApp-Image-2023-06-09-at-13.12.58-1.jpeg 1080w, https:\/\/ens4-caba.infd.edu.ar\/sitio\/wp-content\/uploads\/2023\/06\/WhatsApp-Image-2023-06-09-at-13.12.58-1-1000x1000.jpeg 1000w, https:\/\/ens4-caba.infd.edu.ar\/sitio\/wp-content\/uploads\/2023\/06\/WhatsApp-Image-2023-06-09-at-13.12.58-1-500x500.jpeg 500w, https:\/\/ens4-caba.infd.edu.ar\/sitio\/wp-content\/uploads\/2023\/06\/WhatsApp-Image-2023-06-09-at-13.12.58-1-768x768.jpeg 768w\" sizes=\"(max-width: 1080px) 100vw, 1080px\" \/><\/figure><\/div><\/div><\/div>\n\n\n<div class=\"wp-block-image\">\n<figure class=\"aligncenter size-full is-resized\"><img decoding=\"async\" loading=\"lazy\" src=\"https:\/\/ens4-caba.infd.edu.ar\/sitio\/wp-content\/uploads\/2023\/04\/CUOTA-01.png\" alt=\"\" class=\"wp-image-2930\" width=\"475\" height=\"398\" srcset=\"https:\/\/ens4-caba.infd.edu.ar\/sitio\/wp-content\/uploads\/2023\/04\/CUOTA-01.png 940w, https:\/\/ens4-caba.infd.edu.ar\/sitio\/wp-content\/uploads\/2023\/04\/CUOTA-01-768x644.png 768w\" sizes=\"(max-width: 475px) 100vw, 475px\" \/><\/figure><\/div>\n\n<div class=\"wp-block-image\">\n<figure class=\"aligncenter size-full is-resized\"><img decoding=\"async\" loading=\"lazy\" src=\"https:\/\/ens4-caba.infd.edu.ar\/sitio\/wp-content\/uploads\/2023\/04\/CUOTA-02-FORMAS-DE-PAGO.png\" alt=\"\" class=\"wp-image-2929\" width=\"477\" height=\"400\" srcset=\"https:\/\/ens4-caba.infd.edu.ar\/sitio\/wp-content\/uploads\/2023\/04\/CUOTA-02-FORMAS-DE-PAGO.png 940w, https:\/\/ens4-caba.infd.edu.ar\/sitio\/wp-content\/uploads\/2023\/04\/CUOTA-02-FORMAS-DE-PAGO-768x644.png 768w\" sizes=\"(max-width: 477px) 100vw, 477px\" \/><\/figure><\/div>\n\n\n<p><\/p>\n\n\n\n<hr class=\"wp-block-separator has-alpha-channel-opacity\"\/>\n\n\n\n<p class=\"has-text-align-center\"><strong>MEDIOS DE PAGO<\/strong><\/p>\n\n\n\n<p><strong>DE MANERA PRESENCIAL<\/strong><\/p>\n\n\n\n<p>Los d\u00edas Lunes y Mi\u00e9rcoles de 8:00 a 12:30hs<\/p>\n\n\n\n<p>Pod\u00e9s acercarte a La Coope y abonar en efectivo directamente.<\/p>\n\n\n\n<p><\/p>\n\n\n\n<p><strong>TRANSFERENCIA BANCARIA<\/strong><\/p>\n\n\n\n<p>\u200bDATOS DE LA CUENTA:<\/p>\n\n\n\n<p>Cuenta Corriente N\u00b095\/6 &#8211; Banco Ciudad &#8211; Sucursal 033<\/p>\n\n\n\n<p>ALIAS COOPE.NORMAL.CUATRO<\/p>\n\n\n\n<p>CBU 029 00 339 0000 0000 009 564<\/p>\n\n\n\n<p>\u200bCUIT 30-66310004-8<\/p>\n\n\n\n<p><\/p>\n\n\n\n<p><strong>MERCADO PAGO<\/strong><\/p>\n\n\n\n<p>ALIAS LA.COOPE.DE.ENS4<\/p>\n\n\n\n<hr class=\"wp-block-separator has-alpha-channel-opacity\"\/>\n\n\n\n<p class=\"has-text-align-center\"><strong>ATENCI\u00d3N<\/strong><\/p>\n\n\n\n<p>Es necesario que informes los datos y nos env\u00edes el comprobante de transferencia para poder realizar el recibo que te corresponde:<\/p>\n\n\n\n<p><strong>ENVIAR POR MAIL <\/strong>a &#8211; coopnormal4@yahoo.com.ar &#8211; informando:<\/p>\n\n\n\n<p>&nbsp; &nbsp;&#8211; DNI del adulto.<\/p>\n\n\n\n<p>&nbsp; &nbsp;&#8211; Nombre y apellido del adulto.<\/p>\n\n\n\n<p>&nbsp; &nbsp;&#8211; Nombre y curso del alumno o alumnos.<\/p>\n\n\n\n<p>&nbsp; &nbsp;&#8211; Adjuntar comprobante de pago.<\/p>\n\n\n\n<p><\/p>\n\n\n\n<p><\/p>\n","protected":false},"excerpt":{"rendered":"<p>MEDIOS DE PAGO DE MANERA PRESENCIAL Los d\u00edas Lunes y Mi\u00e9rcoles de 8:00 a 12:30hs Pod\u00e9s acercarte a La Coope y abonar en efectivo directamente. TRANSFERENCIA BANCARIA \u200bDATOS DE LA CUENTA: Cuenta Corriente N\u00b095\/6 &#8211; Banco Ciudad &#8211; Sucursal 033 ALIAS COOPE.NORMAL.CUATRO CBU 029 00 339 0000 0000 009 564 \u200bCUIT 30-66310004-8 MERCADO PAGO ALIAS &#8230; <a title=\"Novedades coope 2023\" class=\"read-more\" href=\"https:\/\/ens4-caba.infd.edu.ar\/sitio\/novedades-coope-2023\/\" aria-label=\"More on Novedades coope 2023\">[+]<\/a><\/p>\n","protected":false},"author":2188,"featured_media":0,"parent":0,"menu_order":0,"comment_status":"closed","ping_status":"closed","template":"","meta":[],"acf":[],"_links":{"self":[{"href":"https:\/\/ens4-caba.infd.edu.ar\/sitio\/wp-json\/wp\/v2\/pages\/2945"}],"collection":[{"href":"https:\/\/ens4-caba.infd.edu.ar\/sitio\/wp-json\/wp\/v2\/pages"}],"about":[{"href":"https:\/\/ens4-caba.infd.edu.ar\/sitio\/wp-json\/wp\/v2\/types\/page"}],"author":[{"embeddable":true,"href":"https:\/\/ens4-caba.infd.edu.ar\/sitio\/wp-json\/wp\/v2\/users\/2188"}],"replies":[{"embeddable":true,"href":"https:\/\/ens4-caba.infd.edu.ar\/sitio\/wp-json\/wp\/v2\/comments?post=2945"}],"version-history":[{"count":3,"href":"https:\/\/ens4-caba.infd.edu.ar\/sitio\/wp-json\/wp\/v2\/pages\/2945\/revisions"}],"predecessor-version":[{"id":3074,"href":"https:\/\/ens4-caba.infd.edu.ar\/sitio\/wp-json\/wp\/v2\/pages\/2945\/revisions\/3074"}],"wp:attachment":[{"href":"https:\/\/ens4-caba.infd.edu.ar\/sitio\/wp-json\/wp\/v2\/media?parent=2945"}],"curies":[{"name":"wp","href":"https:\/\/api.w.org\/{rel}","templated":true}]}}