{"id":2654,"date":"2022-10-14T09:30:19","date_gmt":"2022-10-14T12:30:19","guid":{"rendered":"https:\/\/ens4-caba.infd.edu.ar\/sitio\/?page_id=2654"},"modified":"2026-04-08T11:10:42","modified_gmt":"2026-04-08T14:10:42","slug":"seleccion-de-antecedentes-p-cobertura-de-catedras","status":"publish","type":"page","link":"https:\/\/ens4-caba.infd.edu.ar\/sitio\/seleccion-de-antecedentes-p-cobertura-de-catedras\/","title":{"rendered":"Selecci\u00f3n de antecedentes p\/cobertura de c\u00e1tedras"},"content":{"rendered":"\n<p>Si est\u00e1s interesado en ser parte de nuestra instituci\u00f3n te compartimos el enlace a la web p\u00fablica de&nbsp;<a rel=\"noreferrer noopener\" href=\"https:\/\/buenosaires.gob.ar\/cobertura-de-catedras\/escuela-normal-superior-no-4-estanislao-severo-zeballos\" target=\"_blank\">cobertura de c\u00e1tedras<\/a>, all\u00ed encontrar\u00e1s todos los llamados a selecci\u00f3n de antecedentes para cobertura de c\u00e1tedras actuales e hist\u00f3ricos.<\/p>\n\n\n\n<p>Adem\u00e1s, ingresando a los siguientes enlaces podes consultar:<\/p>\n\n\n\n<ul>\n<li><a href=\"https:\/\/drive.google.com\/file\/d\/1-l4GuQFf-i0XyYcY23MKUdS0cbsJdUsH\/view?usp=sharing\">Nuevo Reglamento Marco de Selecciones de Antecedentes para la cobertura de cargos interinos y suplentes en el nivel superior<\/a>. DI-2026-54-GCABA-DGSFD<\/li>\n\n\n\n<li><a rel=\"noreferrer noopener\" href=\"https:\/\/drive.google.com\/file\/d\/1uY1ImwV7AUOwRH4cWLQcBwyjRysdouN_\/view\" target=\"_blank\">Reglamento interno para la selecci\u00f3n de antecedentes y formato de CV<\/a><\/li>\n\n\n\n<li><a rel=\"noreferrer noopener\" href=\"https:\/\/drive.google.com\/file\/d\/1dZxF2r90TA6JDPRl3bVGLaq8VC_jWsDx\/view\" target=\"_blank\">Disposici\u00f3n-Selecci\u00f3n-de-antecedentes<\/a><\/li>\n<\/ul>\n","protected":false},"excerpt":{"rendered":"<p>Si est\u00e1s interesado en ser parte de nuestra instituci\u00f3n te compartimos el enlace a la web p\u00fablica de&nbsp;cobertura de c\u00e1tedras, all\u00ed encontrar\u00e1s todos los llamados a selecci\u00f3n de antecedentes para cobertura de c\u00e1tedras actuales e hist\u00f3ricos. Adem\u00e1s, ingresando a los siguientes enlaces podes consultar:<\/p>\n","protected":false},"author":7,"featured_media":0,"parent":0,"menu_order":0,"comment_status":"closed","ping_status":"closed","template":"","meta":[],"acf":[],"_links":{"self":[{"href":"https:\/\/ens4-caba.infd.edu.ar\/sitio\/wp-json\/wp\/v2\/pages\/2654"}],"collection":[{"href":"https:\/\/ens4-caba.infd.edu.ar\/sitio\/wp-json\/wp\/v2\/pages"}],"about":[{"href":"https:\/\/ens4-caba.infd.edu.ar\/sitio\/wp-json\/wp\/v2\/types\/page"}],"author":[{"embeddable":true,"href":"https:\/\/ens4-caba.infd.edu.ar\/sitio\/wp-json\/wp\/v2\/users\/7"}],"replies":[{"embeddable":true,"href":"https:\/\/ens4-caba.infd.edu.ar\/sitio\/wp-json\/wp\/v2\/comments?post=2654"}],"version-history":[{"count":7,"href":"https:\/\/ens4-caba.infd.edu.ar\/sitio\/wp-json\/wp\/v2\/pages\/2654\/revisions"}],"predecessor-version":[{"id":3810,"href":"https:\/\/ens4-caba.infd.edu.ar\/sitio\/wp-json\/wp\/v2\/pages\/2654\/revisions\/3810"}],"wp:attachment":[{"href":"https:\/\/ens4-caba.infd.edu.ar\/sitio\/wp-json\/wp\/v2\/media?parent=2654"}],"curies":[{"name":"wp","href":"https:\/\/api.w.org\/{rel}","templated":true}]}}