{"id":2409,"date":"2021-05-07T17:16:23","date_gmt":"2021-05-07T20:16:23","guid":{"rendered":"https:\/\/ens4-caba.infd.edu.ar\/sitio\/?page_id=2409"},"modified":"2024-03-18T12:31:02","modified_gmt":"2024-03-18T15:31:02","slug":"especializacion-docente-de-nivel-superior-en-juego-en-contextos-educativos","status":"publish","type":"page","link":"https:\/\/ens4-caba.infd.edu.ar\/sitio\/especializacion-docente-de-nivel-superior-en-juego-en-contextos-educativos\/","title":{"rendered":"Especializaci\u00f3n Docente de Nivel Superior en Juego en Contextos Educativos"},"content":{"rendered":"\n<hr class=\"wp-block-separator has-alpha-channel-opacity\"\/>\n\n\n\n<p class=\"has-text-align-center\"><strong>LISTADO DE VACANTES ASIGNADAS<\/strong><\/p>\n\n\n\n<p><strong>IMPORTANTE<\/strong>:&nbsp;<\/p>\n\n\n\n<p>Para confirmar la vacante, debe presentarse&nbsp;<strong>OBLIGATORIAMENTE&nbsp;<\/strong>en la escuela ENS 4, Av. Rivadavia 4950,&nbsp;&nbsp;el d\u00eda&nbsp;<strong>s\u00e1bado 16 de marzo&nbsp;<\/strong>&nbsp;de 10.00 hs. a 12.00 hs. con la siguiente documentaci\u00f3n:<\/p>\n\n\n\n<ul>\n<li>Formulario de solicitud de vacante completo (se adjunta) &#8211; Excluyente<\/li>\n\n\n\n<li>DNI (original y copia) &#8211; Excluyente<\/li>\n\n\n\n<li>T\u00edtulo docente de nivel terciario\/ universitario (original y copia) &#8211; Excluyente<\/li>\n\n\n\n<li>Partida de nacimiento (original y copia)<\/li>\n\n\n\n<li>T\u00edtulo secundario&nbsp;<\/li>\n\n\n\n<li>Certificaci\u00f3n de servicios<\/li>\n\n\n\n<li>1 folio tama\u00f1o oficio<\/li>\n\n\n\n<li>Foto&nbsp;4&#215;4<\/li>\n<\/ul>\n\n\n\n<figure class=\"wp-block-table\"><table><tbody><tr><td><br>ANTONA, Ximena<br>BOVONE, Silvina Andrea<br>BUSA, Andrea Noelia<br>CASUSCELLI, Mar\u00eda Mercedes<br>CORREA, Mar\u00eda Silvia<br>COSTA, Roc\u00edo Bel\u00e9n<br>DE PAOLI, Soledad<br>ELGIESER, Karin<br>ESTEBAN, Mar\u00eda Laura<br>ESTRELLA, Mercedes<br>FAGUNDEZ dos SANTOS, Carolina<br>FALCO, Anal\u00eda Gisella<br>FERIOLI, Daniela<br>FERNANDEZ, Nadia Paola<br>FRIED JULI, Leticia Paula<br>GONZALEZ MONGE, Jorgelina In\u00e9s<br>GROPPA, Mar\u00eda Eugenia<br>GUTERMAN, HERN\u00c1N<\/td><td>HINOJOSA, Vaneza<br>JIM\u00c9NEZ, Lucia Bel\u00e9n<br>LOPEZ, Sharon<br>LUIS LLOVET, Ludmila<br>MAMANI, Maricel Victoria<br>MANCUSO AGUIAR, Isabella Lourdes<br>MART\u00cdN, J\u00e9sica<br>MASCARA, L\u00eda<br>MATOZO CASTRO, Antonella Roc\u00edo<br>MEDRANO, Carina<br>MEDRANO, Elizabeth Alejandra<br>MOLINA, Yanet Beatriz<br>MONTERO, Mariel Anal\u00eda<br>MOSCOSO VILLCA, Karina Susana<br>NU\u00d1EZ DOMINGUEZ, Julia Margot<br>OLIVERI, Andrea Daniela<br>PANDURO, Gisela Mariel<\/td><td>PORTILLO, Antonella Jazm\u00edn<br>PREVOSTO, Cyntia Karina<br>PRIMAVERA, Camila Lucia<br>RODRIGUEZ, Daiana de los Milagros<br>SALVATI, Edith<br>SARMIENTO, Celeste Giselle<br>SEGOVIA, Andrea Isabel<br>SILVOSO, Cecilia Aldana<br>SI\u00d1ANI CONDORI, Milenka Bel\u00e9n<br>VAZQUEZ, Mariana In\u00e9s<br>VIDAL CLAVIJO, Vannia<br>VI\u00d1AS ARANGUENA, Marina<br>WARD, Noelia<br>YONAMI, Emilia<br>ZUBIRIA, Agustina Micaela<\/td><\/tr><\/tbody><\/table><\/figure>\n\n\n<p style=\"text-align: center;\">\u00a0<\/p>\n<table style=\"height: 5px;\" width=\"892\">\n<tbody>\n<tr>\n<td>\u00a0<\/td>\n<td><b>ORDEN DE LISTA DE ESPERA<\/b><\/td>\n<td>\u00a0<\/td>\n<\/tr>\n<\/tbody>\n<\/table>\n<p><b>IMPORTANTE<\/b><span style=\"font-weight: 400;\">:\u00a0<\/span><\/p>\n<p><span style=\"font-weight: 400;\">En caso de producirse una vacante, se comunicar\u00e1 por correo con la\/el aspirante, respetando el orden del listado.<\/span><\/p>\n<ol>\n<li style=\"font-weight: 400;\" aria-level=\"1\"><span style=\"font-weight: 400;\">DIEGO, Ludmila<\/span><\/li>\n<li style=\"font-weight: 400;\" aria-level=\"1\"><span style=\"font-weight: 400;\">BARON, Roxana<\/span><\/li>\n<li style=\"font-weight: 400;\" aria-level=\"1\"><span style=\"font-weight: 400;\">BARECH, Mar\u00eda Nieves<\/span><\/li>\n<li style=\"font-weight: 400;\" aria-level=\"1\"><span style=\"font-weight: 400;\">REBASA, Mar\u00eda Eugenia<\/span><\/li>\n<li style=\"font-weight: 400;\" aria-level=\"1\"><span style=\"font-weight: 400;\">LAMBERT, Romina<\/span><\/li>\n<li style=\"font-weight: 400;\" aria-level=\"1\"><span style=\"font-weight: 400;\">GHERSA, Jorge Francisco<\/span><\/li>\n<li style=\"font-weight: 400;\" aria-level=\"1\"><span style=\"font-weight: 400;\">CAVANAGH, B\u00e1rbara<\/span><\/li>\n<li style=\"font-weight: 400;\" aria-level=\"1\"><span style=\"font-weight: 400;\">ORTIZ, Olga Romina<\/span><\/li>\n<li style=\"font-weight: 400;\" aria-level=\"1\"><span style=\"font-weight: 400;\">CALLEGARICH, Mar\u00eda Cielo<\/span><\/li>\n<li style=\"font-weight: 400;\" aria-level=\"1\"><span style=\"font-weight: 400;\">BENITEZ BREGANT, Lara Muriel<\/span><\/li>\n<li style=\"font-weight: 400;\" aria-level=\"1\"><span style=\"font-weight: 400;\">DAZA, Romina<\/span><\/li>\n<li style=\"font-weight: 400;\" aria-level=\"1\"><span style=\"font-weight: 400;\">VISMDVTZKY, Mail\u00e9n<\/span><\/li>\n<li style=\"font-weight: 400;\" aria-level=\"1\"><span style=\"font-weight: 400;\">DEVIA, Mar\u00eda Florencia<\/span><\/li>\n<li style=\"font-weight: 400;\" aria-level=\"1\"><span style=\"font-weight: 400;\">GIARDINO, Mar\u00eda Laura<\/span><\/li>\n<li style=\"font-weight: 400;\" aria-level=\"1\"><span style=\"font-weight: 400;\">CASTRO, Laura<\/span><\/li>\n<li style=\"font-weight: 400;\" aria-level=\"1\"><span style=\"font-weight: 400;\">De CAMAS, Lucia<\/span><\/li>\n<li style=\"font-weight: 400;\" aria-level=\"1\"><span style=\"font-weight: 400;\">D\u00b4ALIO, Mariela Patricia<\/span><\/li>\n<li style=\"font-weight: 400;\" aria-level=\"1\"><span style=\"font-weight: 400;\">VEGA, Paula Marcela<\/span><\/li>\n<li style=\"font-weight: 400;\" aria-level=\"1\"><span style=\"font-weight: 400;\">CASTRO MARTINEZ, Mariana Roc\u00edo<\/span><\/li>\n<li style=\"font-weight: 400;\" aria-level=\"1\"><span style=\"font-weight: 400;\">FALCO, Mirko Nicol\u00e1s<\/span><\/li>\n<li style=\"font-weight: 400;\" aria-level=\"1\"><span style=\"font-weight: 400;\">Del ROSARIO, Eva<\/span><\/li>\n<li style=\"font-weight: 400;\" aria-level=\"1\"><span style=\"font-weight: 400;\">ORTEGA, Cynthia<\/span><\/li>\n<li style=\"font-weight: 400;\" aria-level=\"1\"><span style=\"font-weight: 400;\">DIAZ, Yamila Ayl\u00e9n\u00a0<\/span><\/li>\n<li style=\"font-weight: 400;\" aria-level=\"1\"><span style=\"font-weight: 400;\">GRAMAJO, Yamila\u00a0\u00a0\u00a0\u00a0\u00a0\u00a0\u00a0\u00a0\u00a0\u00a0\u00a0\u00a0\u00a0\u00a0\u00a0\u00a0\u00a0\u00a0\u00a0\u00a0\u00a0\u00a0\u00a0\u00a0\u00a0\u00a0\u00a0\u00a0\u00a0\u00a0\u00a0\u00a0\u00a0\u00a0<\/span><\/li>\n<li style=\"font-weight: 400;\" aria-level=\"1\"><span style=\"font-weight: 400;\">AVILA, Juan Manuel<\/span><\/li>\n<li style=\"font-weight: 400;\" aria-level=\"1\"><span style=\"font-weight: 400;\">GARC\u00edA BOLO, In\u00e9s<\/span><\/li>\n<li style=\"font-weight: 400;\" aria-level=\"1\"><span style=\"font-weight: 400;\">CARRILLO, Sandra<\/span><\/li>\n<li style=\"font-weight: 400;\" aria-level=\"1\"><span style=\"font-weight: 400;\">VIZUETA, Mar\u00eda Gabriela<\/span><\/li>\n<li style=\"font-weight: 400;\" aria-level=\"1\"><span style=\"font-weight: 400;\">MOURELLE COLLANGELO, Carolina Beatriz<\/span><\/li>\n<li style=\"font-weight: 400;\" aria-level=\"1\"><span style=\"font-weight: 400;\">VEZZOSI, Mar\u00eda Jacqueline<\/span><\/li>\n<li style=\"font-weight: 400;\" aria-level=\"1\"><span style=\"font-weight: 400;\">D\u00b4ESPOSITO, Tatiana<\/span><\/li>\n<li style=\"font-weight: 400;\" aria-level=\"1\"><span style=\"font-weight: 400;\">ZIEGLER, Evelyn<\/span><\/li>\n<li style=\"font-weight: 400;\" aria-level=\"1\"><span style=\"font-weight: 400;\">OSHIRO, Cinthia Noem\u00ed<\/span><\/li>\n<li style=\"font-weight: 400;\" aria-level=\"1\"><span style=\"font-weight: 400;\">BELLINI LORENZO, Florencia Victoria<\/span><\/li>\n<li style=\"font-weight: 400;\" aria-level=\"1\"><span style=\"font-weight: 400;\">KRAWCHIK, Ana<\/span><\/li>\n<li style=\"font-weight: 400;\" aria-level=\"1\"><span style=\"font-weight: 400;\">COTA CHURATA, Heidi Laura<\/span><\/li>\n<li style=\"font-weight: 400;\" aria-level=\"1\"><span style=\"font-weight: 400;\">CALCAGNI, Ethel<\/span><\/li>\n<li style=\"font-weight: 400;\" aria-level=\"1\"><span style=\"font-weight: 400;\">MARTINEZ, Marianela Yasm\u00edn<\/span><\/li>\n<li style=\"font-weight: 400;\" aria-level=\"1\"><span style=\"font-weight: 400;\">MAMANI SERRANO, Wendy<\/span><\/li>\n<li style=\"font-weight: 400;\" aria-level=\"1\"><span style=\"font-weight: 400;\">TORRES, Agustina Andrea<\/span><\/li>\n<li style=\"font-weight: 400;\" aria-level=\"1\"><span style=\"font-weight: 400;\">BAIRD, Laura<\/span><\/li>\n<\/ol>\n<h5><a href=\"https:\/\/drive.google.com\/file\/d\/1hNsK3Yw5BEaLFFZQLG8b7dHDpl-ePjPN\/view?usp=sharing\">Solicitud de vacante (para descargar)<\/a><\/h5>\n<hr \/>\n<h2 style=\"text-align: center;\"><strong><u>Descripci\u00f3n T\u00e9cnica del Post\u00edtulo<\/u><\/strong><\/h2>\n<p><span style=\"color: #ff0000;\"><strong>Denominaci\u00f3n del post\u00edtulo:<\/strong><\/span><\/p>\n<p>Especializaci\u00f3n Docente de Nivel Superior en Juego en Contextos Educativos<\/p>\n<p><span style=\"color: #ff0000;\"><strong>T\u00edtulo que otorga:\u00a0<\/strong><\/span><\/p>\n<p>Especialista Docente de Nivel Superior en Juego en Contextos Educativos<\/p>\n<p><strong>Inicio de la quinta cohorte<\/strong>: \u00a0marzo 2024 \u2013 Aprobada por\u00a0 Ministerio de Educaci\u00f3n de la Ciudad de Buenos Aires, Resoluci\u00f3n 2023 \u2013 23943 \u2013 GCABA \u2013 MEDGC<\/p>\n<p><span style=\"color: #ff0000;\"><strong>Destinatarios:<\/strong><\/span><\/p>\n<p>Docentes de distintos niveles: maestros\/as de nivel Inicial y Primario; profesores\/as de nivel Medio y Terciario; maestros\/as de materias especiales, docentes de apoyo a la integraci\u00f3n, docentes de educaci\u00f3n especial, directores\/as, profesionales de equipos de orientaci\u00f3n escolar, psicopedagogos\/as, psic\u00f3logos\/as o t\u00e9cnicas\/os superiores en tiempo libre y recreaci\u00f3n que acrediten t\u00edtulo docente o que se desempe\u00f1en actualmente en contextos educativos formales o no formales.<\/p>\n<p>Este postitulo aporta una nueva alternativa de formaci\u00f3n especializada, enriquece los an\u00e1lisis y promueve estrategias de intervenci\u00f3n que dan respuesta en el campo de las pr\u00e1cticas a las demandas actuales respecto al lugar que tiene el juego en los diferentes contextos educativos.<\/p>\n<p>Est\u00e1 orientada a cubrir diversas necesidades:<\/p>\n<ul>\n<li>Actualizar y complejizar la mirada sobre las infancias contempor\u00e1neas y su relaci\u00f3n con los juegos.<\/li>\n<li>Ampliar la perspectiva sobre el juego, teniendo en cuenta los objetos con los que se juega y la vinculaci\u00f3n con las expresiones art\u00edsticas y culturales.<\/li>\n<li>Dotar a los docentes de herramientas te\u00f3ricas y pr\u00e1cticas a la hora de generar y sostener propuestas l\u00fadicas en diferentes contextos educativos.<\/li>\n<li>Repensar y redefinir los espacios educativos como \u00e1mbitos alfabetizadores, est\u00e9ticos y l\u00fadicos, lo fijo y lo m\u00f3vil, la estructura y lo simb\u00f3lico, las relaciones que alberga, propicia u obstaculiza.<\/li>\n<li>Habilitar nuevas preguntas y b\u00fasquedas te\u00f3ricas que construyen\u00a0 conocimiento y nuevos sentidos para el juego en los \u00e1mbitos escolares\u00a0 especialistas que asuman la tensi\u00f3n actual entre juego y aprendizaje, y que han encontrado soluciones creativas a esta tensi\u00f3n, en las que se potencian mutuamente.<\/li>\n<li>Como resultado de este recorrido formativo, se pretende contar con profesionales con herramientas l\u00fadicas que den nuevas respuestas a situaciones sociales, recreativas y de aprendizaje en los distintos contextos educativos.<\/li>\n<\/ul>\n<p><span style=\"color: #ff0000;\"><strong>Duraci\u00f3n:<\/strong><\/span><\/p>\n<p>2 a\u00f1os (4 cuatrimestres)<\/p>\n<p><span style=\"color: #ff0000;\"><strong>Modalidad:<\/strong><\/span><\/p>\n<p>Presencial. D\u00edas de cursada:\u00a0 S\u00e1bados<\/p>\n<p><strong>Carga horaria:<\/strong><\/p>\n<p>560 hs reloj<\/p>\n<p><span style=\"color: #ff0000;\"><strong>Plan de estudios:<\/strong><\/span><\/p>\n<ul>\n<li>\u00a0El juego en contextos educativos, un entramado entre pr\u00e1cticas y teor\u00edas (cuatrimestral)<\/li>\n<li>La historia de los juegos, los juegos en la historia. (bimestral)<\/li>\n<li>\u00a0Los juegos de mesa una experiencia cultural (bimestral)<\/li>\n<li>\u00a0Registro y an\u00e1lisis de situaciones l\u00fadicas en la escuela (cuatrimestral)<\/li>\n<li>Un recorrido por las formas de los juegos. (bimestral)<\/li>\n<li>Juego y diversidad (bimestral)<\/li>\n<li>Constituci\u00f3n subjetiva y juego (cuatrimestral)<\/li>\n<li>Juego, arquitectura y Educaci\u00f3n (bimestral)<\/li>\n<li>Construcci\u00f3n de juegos y objetos l\u00fadicos (bimestral)<\/li>\n<li>Formulaci\u00f3n de proyectos de Juego en contextos educativos (cuatrimestral)<\/li>\n<li>Entre el juego y el arte (bimestral)<\/li>\n<li>Pr\u00e1cticas l\u00fadicas en poblaciones originarias (bimestral)<\/li>\n<\/ul>\n<p><strong><span style=\"color: #ff0000;\">Coordinaci\u00f3n Acad\u00e9mica:<\/span> <\/strong>Mariana Pierro<\/p>\n<p><span style=\"color: #ff0000;\"><strong>Equipo docente:<\/strong><\/span><\/p>\n<p>Laura Contreras<\/p>\n<p>Vanesa Couzo<\/p>\n<p>Julia Goldberg<\/p>\n<p>Rosario Haddad<\/p>\n<p>Diego Larrigaudiere<\/p>\n<p>Nadia Pu\u00e9rtolas<\/p>\n<p>Jorge Nella<\/p>\n<p>Mariana Pierro<\/p>\n<p>Josefina Yabor<\/p>\n<p><span style=\"color: #ff0000;\"><strong>Requisitos<\/strong>:<\/span><\/p>\n<p>Poseer t\u00edtulo docente o a fines de nivel terciario y\/ o universitario.<\/p>\n<p><span style=\"color: #ff0000;\"><strong>Preinscripci\u00f3n:\u00a0<\/strong><\/span><\/p>\n<p>Anotate<\/p>\n<p><a href=\"https:\/\/forms.gle\/XdCpU99Vm6ogGQ2W7\">https:\/\/forms.gle\/XdCpU99Vm6ogGQ2W7<\/a><\/p>\n<p><span style=\"color: #ff0000;\"><strong>\u00a0<\/strong><\/span><\/p>\n<p><strong>Inicio de la quinta cohorte<\/strong>:\u00a0 marzo 2024 \u2013 Aprobada por\u00a0 Ministerio de Educaci\u00f3n de la Ciudad de Buenos Aires, Resoluci\u00f3n 2023 \u2013 23943 \u2013 GCABA \u2013 MEDGC<br \/><span style=\"color: #ff0000;\"><strong>Contacto:<\/strong><\/span><\/p>\n<p><a href=\"mailto:consultas.postitulojuego@gmail.com\">consultas.postitulojuego@gmail.com<\/a><\/p>","protected":false},"excerpt":{"rendered":"<p>LISTADO DE VACANTES ASIGNADAS IMPORTANTE:&nbsp; Para confirmar la vacante, debe presentarse&nbsp;OBLIGATORIAMENTE&nbsp;en la escuela ENS 4, Av. Rivadavia 4950,&nbsp;&nbsp;el d\u00eda&nbsp;s\u00e1bado 16 de marzo&nbsp;&nbsp;de 10.00 hs. a 12.00 hs. con la siguiente documentaci\u00f3n: ANTONA, XimenaBOVONE, Silvina AndreaBUSA, Andrea NoeliaCASUSCELLI, Mar\u00eda MercedesCORREA, Mar\u00eda SilviaCOSTA, Roc\u00edo Bel\u00e9nDE PAOLI, SoledadELGIESER, KarinESTEBAN, Mar\u00eda LauraESTRELLA, MercedesFAGUNDEZ dos SANTOS, CarolinaFALCO, Anal\u00eda GisellaFERIOLI, DanielaFERNANDEZ, &#8230; <a title=\"Especializaci\u00f3n Docente de Nivel Superior en Juego en Contextos Educativos\" class=\"read-more\" href=\"https:\/\/ens4-caba.infd.edu.ar\/sitio\/especializacion-docente-de-nivel-superior-en-juego-en-contextos-educativos\/\" aria-label=\"More on Especializaci\u00f3n Docente de Nivel Superior en Juego en Contextos Educativos\">[+]<\/a><\/p>\n","protected":false},"author":7,"featured_media":0,"parent":0,"menu_order":0,"comment_status":"closed","ping_status":"closed","template":"","meta":[],"acf":[],"_links":{"self":[{"href":"https:\/\/ens4-caba.infd.edu.ar\/sitio\/wp-json\/wp\/v2\/pages\/2409"}],"collection":[{"href":"https:\/\/ens4-caba.infd.edu.ar\/sitio\/wp-json\/wp\/v2\/pages"}],"about":[{"href":"https:\/\/ens4-caba.infd.edu.ar\/sitio\/wp-json\/wp\/v2\/types\/page"}],"author":[{"embeddable":true,"href":"https:\/\/ens4-caba.infd.edu.ar\/sitio\/wp-json\/wp\/v2\/users\/7"}],"replies":[{"embeddable":true,"href":"https:\/\/ens4-caba.infd.edu.ar\/sitio\/wp-json\/wp\/v2\/comments?post=2409"}],"version-history":[{"count":10,"href":"https:\/\/ens4-caba.infd.edu.ar\/sitio\/wp-json\/wp\/v2\/pages\/2409\/revisions"}],"predecessor-version":[{"id":3243,"href":"https:\/\/ens4-caba.infd.edu.ar\/sitio\/wp-json\/wp\/v2\/pages\/2409\/revisions\/3243"}],"wp:attachment":[{"href":"https:\/\/ens4-caba.infd.edu.ar\/sitio\/wp-json\/wp\/v2\/media?parent=2409"}],"curies":[{"name":"wp","href":"https:\/\/api.w.org\/{rel}","templated":true}]}}