{"id":2258,"date":"2020-10-08T16:38:01","date_gmt":"2020-10-08T19:38:01","guid":{"rendered":"https:\/\/ens4-caba.infd.edu.ar\/sitio\/?page_id=2258"},"modified":"2024-10-28T11:09:39","modified_gmt":"2024-10-28T14:09:39","slug":"actividades","status":"publish","type":"page","link":"https:\/\/ens4-caba.infd.edu.ar\/sitio\/actividades\/","title":{"rendered":"Actividades"},"content":{"rendered":"<p><strong>Actividades<\/strong><\/p>\n<ul>\n<li><strong>Atenci\u00f3n de consultas<\/strong> de usuarios en forma presencial y remota.<\/li>\n<li><strong>Pr\u00e9stamos <\/strong>en sala, al aula, al domicilio, reservas.<\/li>\n<li><strong>Alfabetizaci\u00f3n en informaci\u00f3n<\/strong> al usuario para el desarrollo de habilidades y competencias que permitan localizar, seleccionar, evaluar, utilizar y comunicar eficazmente la informaci\u00f3n para una variedad de finalidades y pueda construir conocimiento significativo.<\/li>\n<li>Ingreso de los documentos al\u00a0<strong>Cat\u00e1logo Informatizado<\/strong>, integrante de la\u00a0<strong>Red Comenius <\/strong>y dependiente de la Biblioteca del Docente, con el Sistema de Gesti\u00f3n para Bibliotecas <a href=\"http:\/\/sistemas1.buenosaires.edu.ar\/cgi-bin\/wxislind.cgi\/comenius\/scripts\/?IsisScript=iah.xis&amp;lang=es&amp;base=COMENIUS\"><strong>Aguapey<\/strong><\/a><\/li>\n<li>Orientar y asesorar a los usuarios en el\u00a0<strong>uso del cat\u00e1logo informatizado de la Biblioteca<\/strong>, en el acceso a otros cat\u00e1logos online de bibliotecas, en la b\u00fasqueda de informaci\u00f3n y en el conocimiento de las herramientas que ofrece la web (redes, cat\u00e1logos, bases de datos, buscadores, bibliotecas digitales, centros de documentaci\u00f3n, etc.).<\/li>\n<\/ul>\n<p>Para este fin, la Biblioteca cuenta con tres computadoras con acceso a Internet.<\/p>\n<ul>\n<li><strong>Charlas introductorias<\/strong> al comienzo de cada cuatrimestre a los\/las alumnos\/as ingresantes de Nivel medio y de Nivel terciario, sobre las caracter\u00edsticas y servicios de la Biblioteca, adaptando el contenido de las mismas al perfil de los diferentes grupos.<\/li>\n<li>Atenci\u00f3n de <strong>visitas guiadas<\/strong> que ofrecen la posibilidad de conocer las colecciones y su organizaci\u00f3n, los servicios y la labor de los bibliotecarios.<\/li>\n<li>Organizaci\u00f3n de la Biblioteca y los materiales.<\/li>\n<li>Proyectos de Biblioteca, Proyecto de <a href=\"https:\/\/docs.google.com\/document\/d\/1wgIGiz6Vag-opq9Lm-jBm5zguxzb1lG04qhizaCIUGg\/edit?usp=sharing\"><strong>Unificaci\u00f3n de la Biblioteca Central<\/strong><\/a><\/li>\n<li>Participaci\u00f3n del personal en: <strong>Jornadas de Mejora Institucional EMI<\/strong>, actividades de capacitaci\u00f3n en <strong>AGUAPEY <\/strong>y otras propuestas de la Biblioteca del Docente, <strong>Encuentros, Congresos y Reuniones <\/strong>de Bibliotecarios, <a href=\"https:\/\/www.buenosaires.gob.ar\/educacion\/gestion-cultural\/huellas-de-la-escuela\"><strong>Programa Huellas de la Escuela<\/strong><\/a>\u00a0, etc.<\/li>\n<li><strong>Estad\u00edstica <\/strong>de pr\u00e9stamos realizados, tanto de la cantidad diaria en sala, al aula, como de los pr\u00e9stamos a domicilio (mensual y anual). Se realiza la planilla anual correspondiente al final del a\u00f1o lectivo.<\/li>\n<li><strong>Promoci\u00f3n de la lectura<\/strong>: lecturas y\/o narraciones de cuentos, poes\u00edas, encuentros audiovisuales,teatro, mesas de libros, videos, talleres, rondas de lecturas, espacios l\u00fadico-literarios, propuestas de escritura colectiva, intervenciones po\u00e9ticas a cargo de docentes, bibliotecarios y estudiantes, Padlet literarios para los niveles inicial, primario, medio, rese\u00f1as literarias y promoci\u00f3n de la lectura.<\/li>\n<\/ul>\n<p>Las\/os docentes concurren con sus alumnas\/os cuando lo solicitan, adjudic\u00e1ndose horarios semanales fijos o no para para conocer la Biblioteca, realizar lecturas y\/o narraci\u00f3n de cuentos, explorar distintas clases de libros u otras actividades planificadas por las\/os docentes y\/o practicantes.<\/p>\n<p>Adquisici\u00f3n permanente de variados materiales de Literatura Infantil y Juvenil para renovar la colecci\u00f3n.<\/p>\n<p><a href=\"https:\/\/instagram.com\/ens4nivelmedio?igshid=9zggo57a6evr\"><strong>Instagram de Biblioteca <\/strong><\/a>en el Instagram de Nivel medio para promoci\u00f3n de la lectura<\/p>\n<ul>\n<li>Promoci\u00f3n de la colecci\u00f3n <a href=\"https:\/\/docs.google.com\/document\/d\/1LbpNOp_18RF-XQ0-TdzawcIvAY_c2i4Tm-y3p9rt_DA\/edit?usp=sharing\"><strong>Biblioteca de la Memoria, los Derechos Humanos y la Escuela \u201c<em>Mar\u00eda Hortensia Delia Palisa Mujica de Lacau\u201d<\/em><\/strong><\/a><\/li>\n<li>Articulaci\u00f3n con el <strong>Programa \u201c<em>Aprender Trabajando<\/em>\u201d<\/strong> y con el <em>IFTS N\u00ba 13<\/em> de Bibliotecolog\u00eda para la incorporaci\u00f3n de pasantes en Biblioteca y la implementaci\u00f3n del\u00a0<em>Proyecto Pr\u00e1cticas Educativo laborales. <\/em><\/li>\n<li>Implementaci\u00f3n de <strong>pr\u00e1cticas educativas<\/strong> de alumnas\/os y\/o docentes de la<\/li>\n<li><strong>Reconocimiento al lector. <\/strong>Entrega deDiplomas a los\/as alumnos\/as de Nivel Medio en los Actos de finalizaci\u00f3n de clases.<\/li>\n<li><strong><a href=\"https:\/\/docs.google.com\/document\/d\/1zGBdEfECuRoOW_sKFxxLEEKxuoSZZYDaKWJbloKCAok\/edit?usp=sharing\">Actividades de extensi\u00f3n cultural<\/a>: <\/strong>Muestras de libros, Noche de los Museos, talleres, etc.<\/li>\n<li><strong>Difusi\u00f3n<\/strong> de informaci\u00f3n, actividades, servicios, novedades, comunicaciones, adquisiciones, etc. a trav\u00e9s del mail de Biblioteca y de gesti\u00f3n de la informaci\u00f3n institucional.<\/li>\n<li><strong>Carteleras <\/strong>de novedades, informativa y expositiva.<\/li>\n<\/ul>\n<p><img decoding=\"async\" loading=\"lazy\" class=\"alignnone size-medium wp-image-2264\" src=\"https:\/\/ens4-caba.infd.edu.ar\/sitio\/wp-content\/uploads\/2020\/10\/Imagen-1-1-1000x811.png\" alt=\"\" width=\"1000\" height=\"811\" srcset=\"https:\/\/ens4-caba.infd.edu.ar\/sitio\/wp-content\/uploads\/2020\/10\/Imagen-1-1-1000x811.png 1000w, https:\/\/ens4-caba.infd.edu.ar\/sitio\/wp-content\/uploads\/2020\/10\/Imagen-1-1-768x623.png 768w, https:\/\/ens4-caba.infd.edu.ar\/sitio\/wp-content\/uploads\/2020\/10\/Imagen-1-1.png 1098w\" sizes=\"(max-width: 1000px) 100vw, 1000px\" \/><\/p>\n<p><img decoding=\"async\" loading=\"lazy\" class=\"alignnone size-medium wp-image-2263\" src=\"https:\/\/ens4-caba.infd.edu.ar\/sitio\/wp-content\/uploads\/2020\/10\/Imagen-2-1-1000x807.png\" alt=\"\" width=\"1000\" height=\"807\" srcset=\"https:\/\/ens4-caba.infd.edu.ar\/sitio\/wp-content\/uploads\/2020\/10\/Imagen-2-1-1000x807.png 1000w, https:\/\/ens4-caba.infd.edu.ar\/sitio\/wp-content\/uploads\/2020\/10\/Imagen-2-1-768x620.png 768w, https:\/\/ens4-caba.infd.edu.ar\/sitio\/wp-content\/uploads\/2020\/10\/Imagen-2-1.png 1140w\" sizes=\"(max-width: 1000px) 100vw, 1000px\" \/><\/p>\n","protected":false},"excerpt":{"rendered":"<p>Actividades Atenci\u00f3n de consultas de usuarios en forma presencial y remota. Pr\u00e9stamos en sala, al aula, al domicilio, reservas. Alfabetizaci\u00f3n en informaci\u00f3n al usuario para el desarrollo de habilidades y competencias que permitan localizar, seleccionar, evaluar, utilizar y comunicar eficazmente la informaci\u00f3n para una variedad de finalidades y pueda construir conocimiento significativo. Ingreso de los &#8230; <a title=\"Actividades\" class=\"read-more\" href=\"https:\/\/ens4-caba.infd.edu.ar\/sitio\/actividades\/\" aria-label=\"More on Actividades\">[+]<\/a><\/p>\n","protected":false},"author":7,"featured_media":0,"parent":0,"menu_order":0,"comment_status":"closed","ping_status":"closed","template":"","meta":[],"acf":[],"_links":{"self":[{"href":"https:\/\/ens4-caba.infd.edu.ar\/sitio\/wp-json\/wp\/v2\/pages\/2258"}],"collection":[{"href":"https:\/\/ens4-caba.infd.edu.ar\/sitio\/wp-json\/wp\/v2\/pages"}],"about":[{"href":"https:\/\/ens4-caba.infd.edu.ar\/sitio\/wp-json\/wp\/v2\/types\/page"}],"author":[{"embeddable":true,"href":"https:\/\/ens4-caba.infd.edu.ar\/sitio\/wp-json\/wp\/v2\/users\/7"}],"replies":[{"embeddable":true,"href":"https:\/\/ens4-caba.infd.edu.ar\/sitio\/wp-json\/wp\/v2\/comments?post=2258"}],"version-history":[{"count":8,"href":"https:\/\/ens4-caba.infd.edu.ar\/sitio\/wp-json\/wp\/v2\/pages\/2258\/revisions"}],"predecessor-version":[{"id":3372,"href":"https:\/\/ens4-caba.infd.edu.ar\/sitio\/wp-json\/wp\/v2\/pages\/2258\/revisions\/3372"}],"wp:attachment":[{"href":"https:\/\/ens4-caba.infd.edu.ar\/sitio\/wp-json\/wp\/v2\/media?parent=2258"}],"curies":[{"name":"wp","href":"https:\/\/api.w.org\/{rel}","templated":true}]}}