{"id":2256,"date":"2020-10-08T16:37:44","date_gmt":"2020-10-08T19:37:44","guid":{"rendered":"https:\/\/ens4-caba.infd.edu.ar\/sitio\/?page_id=2256"},"modified":"2022-08-19T11:24:02","modified_gmt":"2022-08-19T14:24:02","slug":"servicios","status":"publish","type":"page","link":"https:\/\/ens4-caba.infd.edu.ar\/sitio\/servicios\/","title":{"rendered":"Servicios"},"content":{"rendered":"<table>\n<tbody>\n<tr>\n<td width=\"566\">\n<h2 style=\"text-align: center;\"><strong>Servicios de la Biblioteca<\/strong><\/h2>\n<p>Los servicios que ofrece la Biblioteca est\u00e1n destinados a satisfacer las demandas de informaci\u00f3n de sus usuarios\/as, y todas sus actividades, inclusive las recreativas, est\u00e1n relacionadas con los procesos de ense\u00f1anza y aprendizaje:<\/p>\n<ul>\n<li><strong>Referencia. <\/strong>Orientaci\u00f3n y atenci\u00f3n de usuarios\/as, asesoramiento especializado, de manera presencial y\/o virtual.<\/li>\n<li><strong>Cat\u00e1logo informatizado<\/strong> y en l\u00ednea.<\/li>\n<li><strong>Biblioteca y recursos digitales.<\/strong><\/li>\n<li><strong>Pr\u00e9stamos <\/strong>en sala, al aula, al domicilio, reservas.<\/li>\n<li><strong>Formaci\u00f3n de usuarios<\/strong>, alfabetizaci\u00f3n informacional, orientaci\u00f3n en el uso de las fuentes, servicios y recursos de la informaci\u00f3n, charlas introductorias a los\/las alumnos\/as ingresantes de Nivel Medio y de Nivel Terciario, sobre las caracter\u00edsticas, materiales y servicios de la Biblioteca.<\/li>\n<li><strong>Difusi\u00f3n<\/strong> de informaci\u00f3n, actividades, servicios, novedades, comunicaciones, adquisiciones, recursos, etc. a trav\u00e9s del mail de Biblioteca, de Instagram y de gesti\u00f3n de la informaci\u00f3n institucional. <strong>Carteleras <\/strong>de novedades, informativa y expositiva.<\/li>\n<li><strong>Promoci\u00f3n de la lectura.<\/strong><\/li>\n<li><strong>Actividades de extensi\u00f3n cultural<\/strong>, mesas de libros, exposiciones, charlas, entre otras.<\/li>\n<li><strong>Apoyo a la investigaci\u00f3n.<\/strong><\/li>\n<li><strong>Visitas guiadas.<\/strong><\/li>\n<\/ul>\n<p><img decoding=\"async\" loading=\"lazy\" class=\"alignnone size-medium wp-image-2264\" src=\"https:\/\/ens4-caba.infd.edu.ar\/sitio\/wp-content\/uploads\/2020\/10\/Imagen-1-1-1000x811.png\" alt=\"\" width=\"1000\" height=\"811\" srcset=\"https:\/\/ens4-caba.infd.edu.ar\/sitio\/wp-content\/uploads\/2020\/10\/Imagen-1-1-1000x811.png 1000w, https:\/\/ens4-caba.infd.edu.ar\/sitio\/wp-content\/uploads\/2020\/10\/Imagen-1-1-768x623.png 768w, https:\/\/ens4-caba.infd.edu.ar\/sitio\/wp-content\/uploads\/2020\/10\/Imagen-1-1.png 1098w\" sizes=\"(max-width: 1000px) 100vw, 1000px\" \/><\/td>\n<\/tr>\n<\/tbody>\n<\/table>\n","protected":false},"excerpt":{"rendered":"<p>Servicios de la Biblioteca Los servicios que ofrece la Biblioteca est\u00e1n destinados a satisfacer las demandas de informaci\u00f3n de sus usuarios\/as, y todas sus actividades, inclusive las recreativas, est\u00e1n relacionadas con los procesos de ense\u00f1anza y aprendizaje: Referencia. Orientaci\u00f3n y atenci\u00f3n de usuarios\/as, asesoramiento especializado, de manera presencial y\/o virtual. Cat\u00e1logo informatizado y en l\u00ednea. &#8230; <a title=\"Servicios\" class=\"read-more\" href=\"https:\/\/ens4-caba.infd.edu.ar\/sitio\/servicios\/\" aria-label=\"More on Servicios\">[+]<\/a><\/p>\n","protected":false},"author":7,"featured_media":0,"parent":0,"menu_order":0,"comment_status":"closed","ping_status":"closed","template":"","meta":[],"acf":[],"_links":{"self":[{"href":"https:\/\/ens4-caba.infd.edu.ar\/sitio\/wp-json\/wp\/v2\/pages\/2256"}],"collection":[{"href":"https:\/\/ens4-caba.infd.edu.ar\/sitio\/wp-json\/wp\/v2\/pages"}],"about":[{"href":"https:\/\/ens4-caba.infd.edu.ar\/sitio\/wp-json\/wp\/v2\/types\/page"}],"author":[{"embeddable":true,"href":"https:\/\/ens4-caba.infd.edu.ar\/sitio\/wp-json\/wp\/v2\/users\/7"}],"replies":[{"embeddable":true,"href":"https:\/\/ens4-caba.infd.edu.ar\/sitio\/wp-json\/wp\/v2\/comments?post=2256"}],"version-history":[{"count":6,"href":"https:\/\/ens4-caba.infd.edu.ar\/sitio\/wp-json\/wp\/v2\/pages\/2256\/revisions"}],"predecessor-version":[{"id":2634,"href":"https:\/\/ens4-caba.infd.edu.ar\/sitio\/wp-json\/wp\/v2\/pages\/2256\/revisions\/2634"}],"wp:attachment":[{"href":"https:\/\/ens4-caba.infd.edu.ar\/sitio\/wp-json\/wp\/v2\/media?parent=2256"}],"curies":[{"name":"wp","href":"https:\/\/api.w.org\/{rel}","templated":true}]}}