{"id":1011,"date":"2018-06-29T17:11:02","date_gmt":"2018-06-29T20:11:02","guid":{"rendered":"https:\/\/ens4-caba.infd.edu.ar\/sitio\/actividades-de-la-asociacion-cooperadora\/"},"modified":"2023-04-26T11:26:13","modified_gmt":"2023-04-26T14:26:13","slug":"actividades-de-la-asociacion-cooperadora","status":"publish","type":"page","link":"https:\/\/ens4-caba.infd.edu.ar\/sitio\/actividades-de-la-asociacion-cooperadora\/","title":{"rendered":"Actividades"},"content":{"rendered":"\n<hr class=\"wp-block-separator has-alpha-channel-opacity\"\/>\n\n\n<h4 style=\"text-align: center;\">A<b>CCIONES DE LA COOPE\u200b POR Y PARA LA ESCUELA<\/b><\/h4>\n<p style=\"text-align: center;\"><strong><i>Lo que d\u00e1s, vuelve a la Escuela<\/i><\/strong><\/p>\n<p><b>Mejoras Edilicias<\/b><\/p>\n<p><span style=\"font-weight: 400;\">Se trata de peque\u00f1as obras pero que requieren grandes esfuerzos.<\/span><\/p>\n<p><span style=\"font-weight: 400;\">ACLARACI\u00d3N: La Coope no puede realizar importantes obras de infraestructura como levantar o quitar paredes, colocar techos, mejorar sistemas de calefacci\u00f3n, etc. Tales cuestiones son inherentes al \u00e1rea de infraestructura del GCBA.<\/span><\/p>\n<p><b>Compras<\/b><\/p>\n<p><span style=\"font-weight: 400;\">La Coope siempre est\u00e1 pensando c\u00f3mo mejorar los momentos de los alumnos y las alumnas dentro de la Escuela. Para ello, compra insumos y materiales que buscan hacer de la Escuela un lugar m\u00e1s adecuado a cada nivel.<\/span><\/p>\n<p><span style=\"font-weight: 400;\">\u200bPARA TENER EN CUENTA: La obtenci\u00f3n de productos no es solo la compra. Supone reuniones para considerar las propuestas, la b\u00fasqueda de presupuestos, la comparaci\u00f3n de los&nbsp;mismo y el retiro a diferentes partes de la Capital. Todo ello para abaratar costos a La Coope pero obtener la calidad del producto deseado.<\/span><\/p>\n<p><b>Detalles<\/b><\/p>\n<p><span style=\"font-weight: 400;\">La Coope tambi\u00e9n invierte dinero y tiempo para homenajear fechas patrias, efem\u00e9rides o momentos propios de la Escuela como el amarillejo y el azulejo. Colabora con docentes y profesores cuando necesitan realizar alguna compra o regalo para los alumnos y alumnas, entre otras cosas.<\/span><\/p>\n<p><b>Eventos<\/b><\/p>\n<p><span style=\"font-weight: 400;\">Los eventos que realiza o colabora La Coope son una de las maneras m\u00e1s gratificantes de colaborar. Realizar eventos&nbsp;nos llena de satisfacci\u00f3n porque es una manera de acercar a la comunidad familiar y a los chicos a la Escuela. Es gratificante ver a los chicos compartir momentos con sus amigos en el mismo lugar donde tambi\u00e9n se ven para aprender.<\/span><\/p>\n<p><b>Productos de la Escuela<\/b><\/p>\n<p><span style=\"font-weight: 400;\">Otra forma de colaborar con La Coope.<\/span><\/p>\n<p><span style=\"font-weight: 400;\">A trav\u00e9s de la compra de estos productos, no s\u00f3lo te llev\u00e1s un recuerdo de la Escuela sino que adem\u00e1s colabor\u00e1s con La Coope para seguir realizando acciones que mejoren nuestra Escuela. Hay cuadernos, tazas, lapiceras.<\/span><\/p>\n<p><\/p>\n<p>&#8212;&#8212;&#8212;&#8212;&#8212;&#8212;&#8212;&#8212;&#8212;&#8212;&#8212;&#8212;&#8212;&#8212;&#8212;&#8212;&#8212;&#8212;&#8212;&#8212;&#8212;&#8212;&#8212;&#8212;&#8212;&#8212;&#8212;&#8212;&#8212;&#8212;&#8212;&#8212;&#8212;&#8212;&#8212;&#8212;&#8212;&#8212;&#8212;&#8212;&#8212;&#8212;&#8212;&#8212;&#8212;&#8212;&#8212;&#8212;&#8212;&#8212;&#8212;&#8212;&#8212;&#8212;&#8212;&#8212;&#8212;&#8212;&#8212;&#8212;&#8212;&#8212;&#8212;&#8212;&#8212;&#8212;&#8212;&#8212;&#8212;&#8212;&#8212;&#8212;-<\/p>\n<p style=\"text-align: center;\"><span style=\"font-size: 14pt;\"><strong>Actividades del 2018&nbsp;<\/strong><\/span><\/p>\n<p style=\"text-align: center;\"><span style=\"font-size: 14pt;\"><strong><img decoding=\"async\" loading=\"lazy\" class=\"\" title=\"\" src=\"https:\/\/ens4-caba.infd.edu.ar\/sitio\/wp-content\/uploads\/2018\/06\/IMG-20180519-WA0051.jpg\" alt=\"\" width=\"722\" height=\"1021\" border=\"0\"><\/strong><\/span><\/p>\n<p style=\"padding-left: 120px;\"><iframe loading=\"lazy\" style=\"border: 1px solid #CCC; border-width: 1px; margin-bottom: 5px; max-width: 100%;\" src=\"\/\/www.slideshare.net\/slideshow\/embed_code\/key\/M63SSXdKOuV7m4\" width=\"595\" height=\"485\" frameborder=\"0\" marginwidth=\"0\" marginheight=\"0\" scrolling=\"no\" allowfullscreen=\"allowfullscreen\"> <\/iframe><\/p>\n<p style=\"text-align: center;\"><span style=\"font-size: 12pt;\"><strong>MEMORIA ANUAL<\/strong><\/span><\/p>\n<p style=\"text-align: center;\">Ejercicio comprendido entre el 1\u00ba de Enero de 2017<\/p>\n<p style=\"text-align: center;\">y el 31 de diciembre de 2017<\/p>\n<p style=\"text-align: center;\"><span style=\"font-size: 8pt;\"><strong><a title=\"Memoria 2017\" href=\"upload\/Memoria_2017.pdf\" target=\"_blank\" rel=\"noopener\">Click para ver documento<\/a><\/strong><\/span><\/p>\n<hr>\n<p style=\"text-align: center;\"><span style=\"font-size: 14pt; font-family: verdana, geneva;\"><strong>Actividades del 2017<\/strong><\/span><\/p>\n<p style=\"text-align: center;\"><span style=\"font-size: 14pt; font-family: verdana, geneva; color: #008000;\"><strong>\u00a1A colaborar!<\/strong><\/span><\/p>\n<p><span style=\"font-size: 14pt; font-family: verdana, geneva; color: #008000;\"><strong><img decoding=\"async\" class=\"aligncenter\" title=\"\" src=\"https:\/\/ens4-caba.infd.edu.ar\/sitio\/wp-content\/uploads\/2018\/06\/medialunazo.jpg\" alt=\"\" border=\"0\"><\/strong><\/span><\/p>\n<p style=\"text-align: center;\">\n<\/p><p style=\"text-align: center;\"><span style=\"font-size: 14pt; font-family: verdana, geneva;\"><strong><img decoding=\"async\" loading=\"lazy\" title=\"\" src=\"https:\/\/ens4-caba.infd.edu.ar\/sitio\/wp-content\/uploads\/2018\/06\/bruno.gif\" alt=\"\" width=\"482\" height=\"482\" border=\"0\"><\/strong><\/span><\/p>\n<hr>\n<p style=\"text-align: center;\"><span style=\"font-size: 14pt; font-family: verdana, geneva;\"><strong>Noticias de la Asociaci\u00f3n Cooperadora<\/strong><\/span><\/p>\n<p><span style=\"font-size: 12pt; font-family: verdana, geneva;\">Durante todo el a\u00f1o 2016 colaboramos con todos los niveles de la instituci\u00f3n. Entre nuestras tareas se destac\u00f3:<\/span><\/p>\n<ul>\n<li><span style=\"font-size: 12pt; font-family: verdana, geneva;\">Restauraci\u00f3n de varios muebles y vitrinas que fueron utilizados en la Noche de los Museos.<\/span><\/li>\n<li><span style=\"font-size: 12pt; font-family: verdana, geneva;\">Tambi\u00e9n con dinero propio hicimos la iluminaci\u00f3n del frente de la escuela.<\/span><\/li>\n<li><span style=\"font-size: 12pt; font-family: verdana, geneva;\">En el verano del 2017, en el Nivel Inicial, colocamos una media sombra corrediza en el patio, se ampli\u00f3 un aula y se pintaron las rejas del patio.<\/span><\/li>\n<li><span style=\"font-size: 12pt; font-family: verdana, geneva;\">En estos primeros meses del a\u00f1o 2017, se han comprado &nbsp;ventiladores (uno para el aula 113, otro en aula 6 del profesorado y el tercero se colocar\u00e1 en la salita que se ampli\u00f3 en el verano). Asimismo se compr\u00f3 otro para el aula 7 del profesorado.<\/span><\/li>\n<li><span style=\"font-size: 12pt; font-family: verdana, geneva;\">Otra compra realizada en el 2017 fue la de cincuenta (50) colchonetas para el Nivel Inicial para que duerman los nenes de jornada completa.<\/span><\/li>\n<\/ul>\n<p><span style=\"font-size: 12pt; font-family: verdana, geneva;\">&nbsp;<\/span><span style=\"font-size: 12pt; font-family: verdana, geneva;\">Es muy importante para nosotros que colaboren con nuestra Asociaci\u00f3n. Para comunicarse, nos encuentran en Facebook Cooperadora Normal Cuatro<\/span><\/p>\n<p><span style=\"font-size: 12pt; font-family: verdana, geneva;\">O, pueden escribirnos al mail:&nbsp;<strong>coopnormal4@yahoo.com.ar<\/strong><\/span><\/p>\n\n\n<hr class=\"wp-block-separator has-alpha-channel-opacity\"\/>\n\n\n\n<hr class=\"wp-block-separator has-alpha-channel-opacity\"\/>\n\n\n\n<hr class=\"wp-block-separator has-alpha-channel-opacity\"\/>\n\n\n\n<hr class=\"wp-block-separator has-alpha-channel-opacity\"\/>\n\n\n\n<hr class=\"wp-block-separator has-alpha-channel-opacity\"\/>\n","protected":false},"excerpt":{"rendered":"<p>ACCIONES DE LA COOPE\u200b POR Y PARA LA ESCUELA Lo que d\u00e1s, vuelve a la Escuela Mejoras Edilicias Se trata de peque\u00f1as obras pero que requieren grandes esfuerzos. ACLARACI\u00d3N: La Coope no puede realizar importantes obras de infraestructura como levantar o quitar paredes, colocar techos, mejorar sistemas de calefacci\u00f3n, etc. Tales cuestiones son inherentes al &#8230; <a title=\"Actividades\" class=\"read-more\" href=\"https:\/\/ens4-caba.infd.edu.ar\/sitio\/actividades-de-la-asociacion-cooperadora\/\" aria-label=\"More on Actividades\">[+]<\/a><\/p>\n","protected":false},"author":2006,"featured_media":0,"parent":0,"menu_order":0,"comment_status":"closed","ping_status":"closed","template":"","meta":[],"acf":[],"_links":{"self":[{"href":"https:\/\/ens4-caba.infd.edu.ar\/sitio\/wp-json\/wp\/v2\/pages\/1011"}],"collection":[{"href":"https:\/\/ens4-caba.infd.edu.ar\/sitio\/wp-json\/wp\/v2\/pages"}],"about":[{"href":"https:\/\/ens4-caba.infd.edu.ar\/sitio\/wp-json\/wp\/v2\/types\/page"}],"author":[{"embeddable":true,"href":"https:\/\/ens4-caba.infd.edu.ar\/sitio\/wp-json\/wp\/v2\/users\/2006"}],"replies":[{"embeddable":true,"href":"https:\/\/ens4-caba.infd.edu.ar\/sitio\/wp-json\/wp\/v2\/comments?post=1011"}],"version-history":[{"count":7,"href":"https:\/\/ens4-caba.infd.edu.ar\/sitio\/wp-json\/wp\/v2\/pages\/1011\/revisions"}],"predecessor-version":[{"id":2955,"href":"https:\/\/ens4-caba.infd.edu.ar\/sitio\/wp-json\/wp\/v2\/pages\/1011\/revisions\/2955"}],"wp:attachment":[{"href":"https:\/\/ens4-caba.infd.edu.ar\/sitio\/wp-json\/wp\/v2\/media?parent=1011"}],"curies":[{"name":"wp","href":"https:\/\/api.w.org\/{rel}","templated":true}]}}